{"id":1476,"date":"2018-12-27T18:14:21","date_gmt":"2018-12-27T18:14:21","guid":{"rendered":"http:\/\/spu.org.uy\/sitio\/?page_id=1476"},"modified":"2018-12-27T18:32:41","modified_gmt":"2018-12-27T18:32:41","slug":"diciembre-2018","status":"publish","type":"page","link":"http:\/\/spu.org.uy\/sitio\/?page_id=1476","title":{"rendered":"Diciembre 2018"},"content":{"rendered":"<h3>Revista de Psiquiatr\u00eda del Uruguay<\/h3>\n<h3>Vol. 82 No. 1, Diciembre 2018<\/h3>\n<p>&nbsp;<\/p>\n<h5>Sumario<\/h5>\n<p>&nbsp;<\/p>\n<p><strong>Editorial<\/strong><\/p>\n<p><a href=\"http:\/\/spu.org.uy\/sitio\/wp-content\/uploads\/2018\/12\/00_Edit.pdf\">Vigencia y actualizaci\u00f3n de la Revista de Psiquiatr\u00eda del Uruguay<\/a><\/p>\n<p>Sandra Romano<\/p>\n<p>&nbsp;<\/p>\n<p><strong>Conferencia<\/strong><\/p>\n<p><a href=\"http:\/\/spu.org.uy\/sitio\/wp-content\/uploads\/2018\/12\/01_CONF.pdf\">Disfunci\u00f3n de las \u00e1reas y circuitos cerebrales que sustentan el juicio y la conducta moral como base de la violencia agresiva<\/a><\/p>\n<p>Federico Dajas<\/p>\n<p>&nbsp;<\/p>\n<p><strong>Aspectos de Salud Mental<\/strong><\/p>\n<p><a href=\"http:\/\/spu.org.uy\/sitio\/wp-content\/uploads\/2018\/12\/02_ASM_1.pdf\">Atenci\u00f3n a la Salud Mental de la poblaci\u00f3n usuaria de la Administraci\u00f3n de los Servicios de Salud del Estado<\/a><\/p>\n<p>Sandra Romano, Mar\u00eda Fernanda Porteiro, Mar\u00eda Gabriela Novoa, Gabriela L\u00f3pez Mesa, Mar\u00eda Celia Barrios, Mart\u00edn Garc\u00eda Rampa, Magdalena Garc\u00eda Trovero<\/p>\n<p>&nbsp;<\/p>\n<p><strong>Aspectos de Salud Mental<\/strong><\/p>\n<p><a href=\"http:\/\/spu.org.uy\/sitio\/wp-content\/uploads\/2018\/12\/03_ASM_2.pdf\">Nuevos desaf\u00edos en el primer nivel de atenci\u00f3n<\/a><\/p>\n<p>Coordina: Sandra Romano<\/p>\n<p>&nbsp;<\/p>\n<p><strong>Ateneo<\/strong><\/p>\n<p><a href=\"http:\/\/spu.org.uy\/sitio\/wp-content\/uploads\/2018\/12\/04_ATE.pdf\">Ateneo Cl\u00ednico<\/a><\/p>\n<p><span style=\"font-size: 14px;\">Soledad Brescia, Viviana Navarro, Sylvana de Mattos, Alejandra Moreira, Gustavo Alves, Pablo Yemini<\/span><\/p>\n<p>&nbsp;<\/p>\n<p><strong>Carta al Editor<\/strong><\/p>\n<p><a href=\"http:\/\/spu.org.uy\/sitio\/wp-content\/uploads\/2018\/12\/05_CE.pdf\">\u00a1Paradoja! La clozapina y su uso marginal<\/a><\/p>\n<p>Mauricio Toledo, Ismael Olmos, Carina Ricciardi<\/p>\n","protected":false},"excerpt":{"rendered":"<p>Revista de Psiquiatr\u00eda del Uruguay Vol. 82 No. 1, Diciembre 2018 &nbsp; Sumario &nbsp; Editorial Vigencia y actualizaci\u00f3n de la Revista de Psiquiatr\u00eda del Uruguay Sandra Romano &nbsp; Conferencia Disfunci\u00f3n de las \u00e1reas y circuitos cerebrales que sustentan el juicio&hellip; <\/p>\n","protected":false},"author":2,"featured_media":1477,"parent":1495,"menu_order":0,"comment_status":"closed","ping_status":"closed","template":"","meta":[],"_links":{"self":[{"href":"http:\/\/spu.org.uy\/sitio\/index.php?rest_route=\/wp\/v2\/pages\/1476"}],"collection":[{"href":"http:\/\/spu.org.uy\/sitio\/index.php?rest_route=\/wp\/v2\/pages"}],"about":[{"href":"http:\/\/spu.org.uy\/sitio\/index.php?rest_route=\/wp\/v2\/types\/page"}],"author":[{"embeddable":true,"href":"http:\/\/spu.org.uy\/sitio\/index.php?rest_route=\/wp\/v2\/users\/2"}],"replies":[{"embeddable":true,"href":"http:\/\/spu.org.uy\/sitio\/index.php?rest_route=%2Fwp%2Fv2%2Fcomments&post=1476"}],"version-history":[{"count":5,"href":"http:\/\/spu.org.uy\/sitio\/index.php?rest_route=\/wp\/v2\/pages\/1476\/revisions"}],"predecessor-version":[{"id":1492,"href":"http:\/\/spu.org.uy\/sitio\/index.php?rest_route=\/wp\/v2\/pages\/1476\/revisions\/1492"}],"up":[{"embeddable":true,"href":"http:\/\/spu.org.uy\/sitio\/index.php?rest_route=\/wp\/v2\/pages\/1495"}],"wp:featuredmedia":[{"embeddable":true,"href":"http:\/\/spu.org.uy\/sitio\/index.php?rest_route=\/wp\/v2\/media\/1477"}],"wp:attachment":[{"href":"http:\/\/spu.org.uy\/sitio\/index.php?rest_route=%2Fwp%2Fv2%2Fmedia&parent=1476"}],"curies":[{"name":"wp","href":"https:\/\/api.w.org\/{rel}","templated":true}]}}