{"id":18,"date":"2014-08-18T03:54:35","date_gmt":"2014-08-18T03:54:35","guid":{"rendered":"http:\/\/spu.org.uy\/sitio\/?page_id=18"},"modified":"2016-09-08T17:35:14","modified_gmt":"2016-09-08T17:35:14","slug":"quienes-somos","status":"publish","type":"page","link":"http:\/\/spu.org.uy\/sitio\/?page_id=18","title":{"rendered":"Quienes Somos"},"content":{"rendered":"<p>La Sociedad de Psiquiatr\u00eda del Uruguay es la asociaci\u00f3n de los m\u00e9dicos psiquiatras de nuestro pa\u00eds.<\/p>\n<p>Son sus fines desarrollar los an\u00e1lisis cient\u00edficos de los aspectos te\u00f3ricos y pr\u00e1cticos de la Psiquiatr\u00eda (cl\u00ednicos, psicopatol\u00f3gicos, docentes y formativos y asistenciales).<\/p>\n<p>Tambi\u00e9n contribuir\u00e1 a elaborar conclusiones con repercusiones en los campos asistencial docente y forense.<\/p>\n<p>Este conjunto de actividades se canaliza a trav\u00e9s de congresos, sesiones cient\u00edficas y publicaciones<\/p>\n","protected":false},"excerpt":{"rendered":"<p>La Sociedad de Psiquiatr\u00eda del Uruguay es la asociaci\u00f3n de los m\u00e9dicos psiquiatras de nuestro pa\u00eds. Son sus fines desarrollar los an\u00e1lisis cient\u00edficos de los aspectos te\u00f3ricos y pr\u00e1cticos de la Psiquiatr\u00eda (cl\u00ednicos, psicopatol\u00f3gicos, docentes y formativos y asistenciales). Tambi\u00e9n&hellip; <\/p>\n","protected":false},"author":1,"featured_media":0,"parent":0,"menu_order":0,"comment_status":"closed","ping_status":"closed","template":"","meta":[],"_links":{"self":[{"href":"http:\/\/spu.org.uy\/sitio\/index.php?rest_route=\/wp\/v2\/pages\/18"}],"collection":[{"href":"http:\/\/spu.org.uy\/sitio\/index.php?rest_route=\/wp\/v2\/pages"}],"about":[{"href":"http:\/\/spu.org.uy\/sitio\/index.php?rest_route=\/wp\/v2\/types\/page"}],"author":[{"embeddable":true,"href":"http:\/\/spu.org.uy\/sitio\/index.php?rest_route=\/wp\/v2\/users\/1"}],"replies":[{"embeddable":true,"href":"http:\/\/spu.org.uy\/sitio\/index.php?rest_route=%2Fwp%2Fv2%2Fcomments&post=18"}],"version-history":[{"count":1,"href":"http:\/\/spu.org.uy\/sitio\/index.php?rest_route=\/wp\/v2\/pages\/18\/revisions"}],"predecessor-version":[{"id":19,"href":"http:\/\/spu.org.uy\/sitio\/index.php?rest_route=\/wp\/v2\/pages\/18\/revisions\/19"}],"wp:attachment":[{"href":"http:\/\/spu.org.uy\/sitio\/index.php?rest_route=%2Fwp%2Fv2%2Fmedia&parent=18"}],"curies":[{"name":"wp","href":"https:\/\/api.w.org\/{rel}","templated":true}]}}