{"id":2015,"date":"2023-01-04T18:07:57","date_gmt":"2023-01-04T18:07:57","guid":{"rendered":"http:\/\/spu.org.uy\/sitio\/?page_id=2015"},"modified":"2023-02-13T14:49:57","modified_gmt":"2023-02-13T14:49:57","slug":"diciembre-2022","status":"publish","type":"page","link":"http:\/\/spu.org.uy\/sitio\/?page_id=2015","title":{"rendered":"Diciembre 2022"},"content":{"rendered":"\n<p style=\"font-size:22px\"><strong>Revista de Psiquiatr\u00eda del Uruguay<\/strong><\/p>\n\n\n\n<p style=\"font-size:22px\"><strong>Vol. 86 No. 2<\/strong><\/p>\n\n\n\n<div class=\"wp-block-image\"><figure class=\"aligncenter size-medium\"><img decoding=\"async\" loading=\"lazy\" width=\"245\" height=\"300\" src=\"http:\/\/spu.org.uy\/sitio\/wp-content\/uploads\/2023\/01\/Tapa_86_2-2-245x300.png\" alt=\"\" class=\"wp-image-2018\" srcset=\"http:\/\/spu.org.uy\/sitio\/wp-content\/uploads\/2023\/01\/Tapa_86_2-2-245x300.png 245w, http:\/\/spu.org.uy\/sitio\/wp-content\/uploads\/2023\/01\/Tapa_86_2-2-836x1024.png 836w, http:\/\/spu.org.uy\/sitio\/wp-content\/uploads\/2023\/01\/Tapa_86_2-2-768x940.png 768w, http:\/\/spu.org.uy\/sitio\/wp-content\/uploads\/2023\/01\/Tapa_86_2-2-1255x1536.png 1255w, http:\/\/spu.org.uy\/sitio\/wp-content\/uploads\/2023\/01\/Tapa_86_2-2-1673x2048.png 1673w, http:\/\/spu.org.uy\/sitio\/wp-content\/uploads\/2023\/01\/Tapa_86_2-2.png 1699w\" sizes=\"(max-width: 245px) 100vw, 245px\" \/><\/figure><\/div>\n\n\n\n<p style=\"font-size:22px\"><strong>Sumario<\/strong><\/p>\n\n\n\n<p class=\"has-normal-font-size\"><strong>Editorial<\/strong><\/p>\n\n\n\n<p><a href=\"http:\/\/spu.org.uy\/sitio\/wp-content\/uploads\/2023\/01\/01_Edit.pdf\" data-type=\"URL\" data-id=\"http:\/\/spu.org.uy\/sitio\/wp-content\/uploads\/2023\/01\/01_Edit.pdf\" target=\"_blank\" rel=\"noreferrer noopener\">Invitaci\u00f3n a compartir registros 1923-2023<\/a><\/p>\n\n\n\n<p class=\"has-small-font-size\">Sandra Romano<\/p>\n\n\n\n<p class=\"has-normal-font-size\"><strong>Conferencia<\/strong><\/p>\n\n\n\n<p><a href=\"http:\/\/spu.org.uy\/sitio\/wp-content\/uploads\/2023\/01\/02_Conf.pdf\" target=\"_blank\" rel=\"noreferrer noopener\">La depresi\u00f3n con ideas suicidas presenta disfunciones corticales prefrontales que favorecen significativamente el intento suicida<\/a><\/p>\n\n\n\n<p class=\"has-small-font-size\">Federico Dajas<\/p>\n\n\n\n<p class=\"has-normal-font-size\"><strong>Trabajo original<\/strong><\/p>\n\n\n\n<p><a href=\"http:\/\/spu.org.uy\/sitio\/wp-content\/uploads\/2023\/01\/03_TO.pdf\" data-type=\"URL\" data-id=\"http:\/\/spu.org.uy\/sitio\/wp-content\/uploads\/2023\/01\/03_TO.pdf\" target=\"_blank\" rel=\"noreferrer noopener\">Informaci\u00f3n, narrativas y vivencias de los equipos de salud del Hospital Vilardeb\u00f3 ante la nueva Ley de Salud Mental No. 19.529<\/a><\/p>\n\n\n\n<p class=\"has-small-font-size\">Gabriela S. P\u00e9rez Gonz\u00e1lez, Nicol\u00e1s Rodr\u00edguez Gonz\u00e1lez<\/p>\n\n\n\n<p><a href=\"http:\/\/spu.org.uy\/sitio\/wp-content\/uploads\/2023\/01\/04_TO.pdf\" target=\"_blank\" rel=\"noreferrer noopener\">Prescripci\u00f3n de antipsic\u00f3ticos de dep\u00f3sito en la Policl\u00ednica del Hospital Vilardeb\u00f3<\/a><\/p>\n\n\n\n<p class=\"has-small-font-size\">Carolina Caffarelli, Ismael Olmos, Gabriela D\u00e1vila, Gimena \u00c1lvarez, Natalia Morales, Mauricio Toledo, Margarita Wschebor<\/p>\n\n\n\n<p><a rel=\"noreferrer noopener\" href=\"http:\/\/spu.org.uy\/sitio\/wp-content\/uploads\/2023\/01\/05_TO.pdf\" target=\"_blank\">Bienestar y burnout en psiquiatras de Uruguay. Estudio transversal descriptivo, a\u00f1o 2019<\/a><\/p>\n\n\n\n<p class=\"has-small-font-size\">Carolina Caffarelli, Ver\u00f3nica Sosa Pisano<\/p>\n\n\n\n<p class=\"has-normal-font-size\"><strong>Di\u00e1logos<\/strong><\/p>\n\n\n\n<p><a href=\"http:\/\/spu.org.uy\/sitio\/wp-content\/uploads\/2023\/01\/06_Dia.pdf\" target=\"_blank\" rel=\"noreferrer noopener\">Planificar la esperanza<\/a><\/p>\n\n\n\n<p class=\"has-small-font-size\">Comisi\u00f3n Directiva Grupo de la Esperanza<\/p>\n\n\n\n<p class=\"has-normal-font-size\"><strong>Cartas al Editor<\/strong><\/p>\n\n\n\n<p><a rel=\"noreferrer noopener\" href=\"http:\/\/spu.org.uy\/sitio\/wp-content\/uploads\/2023\/01\/07_CAE.pdf\" target=\"_blank\">Depresi\u00f3n: m\u00e1s all\u00e1 del mito de la serotonina<\/a><\/p>\n\n\n\n<p class=\"has-small-font-size\">Mauricio Toledo, Frank Lozano, Mar\u00eda Penengo, Ismael Olmos, Juan Pablo Garc\u00eda<\/p>\n\n\n\n<p><a href=\"http:\/\/spu.org.uy\/sitio\/wp-content\/uploads\/2023\/01\/08_IDA.pdf\" data-type=\"URL\" data-id=\"http:\/\/spu.org.uy\/sitio\/wp-content\/uploads\/2023\/01\/08_IDA.pdf\" target=\"_blank\" rel=\"noreferrer noopener\">\u00cdndice de autores<\/a><\/p>\n\n\n\n<p><a href=\"http:\/\/spu.org.uy\/sitio\/wp-content\/uploads\/2023\/02\/09_NDA.pdf\" data-type=\"URL\" data-id=\"http:\/\/spu.org.uy\/sitio\/wp-content\/uploads\/2023\/02\/09_NDA.pdf\" target=\"_blank\" rel=\"noreferrer noopener\">Normas de Publicaci\u00f3n<\/a><\/p>\n","protected":false},"excerpt":{"rendered":"<p>Revista de Psiquiatr\u00eda del Uruguay Vol. 86 No. 2 Sumario Editorial Invitaci\u00f3n a compartir registros 1923-2023 Sandra Romano Conferencia La depresi\u00f3n con ideas suicidas presenta disfunciones corticales prefrontales que favorecen significativamente el intento suicida Federico Dajas Trabajo original Informaci\u00f3n, narrativas&hellip; <\/p>\n","protected":false},"author":2,"featured_media":0,"parent":1963,"menu_order":1,"comment_status":"closed","ping_status":"closed","template":"","meta":[],"_links":{"self":[{"href":"http:\/\/spu.org.uy\/sitio\/index.php?rest_route=\/wp\/v2\/pages\/2015"}],"collection":[{"href":"http:\/\/spu.org.uy\/sitio\/index.php?rest_route=\/wp\/v2\/pages"}],"about":[{"href":"http:\/\/spu.org.uy\/sitio\/index.php?rest_route=\/wp\/v2\/types\/page"}],"author":[{"embeddable":true,"href":"http:\/\/spu.org.uy\/sitio\/index.php?rest_route=\/wp\/v2\/users\/2"}],"replies":[{"embeddable":true,"href":"http:\/\/spu.org.uy\/sitio\/index.php?rest_route=%2Fwp%2Fv2%2Fcomments&post=2015"}],"version-history":[{"count":4,"href":"http:\/\/spu.org.uy\/sitio\/index.php?rest_route=\/wp\/v2\/pages\/2015\/revisions"}],"predecessor-version":[{"id":2051,"href":"http:\/\/spu.org.uy\/sitio\/index.php?rest_route=\/wp\/v2\/pages\/2015\/revisions\/2051"}],"up":[{"embeddable":true,"href":"http:\/\/spu.org.uy\/sitio\/index.php?rest_route=\/wp\/v2\/pages\/1963"}],"wp:attachment":[{"href":"http:\/\/spu.org.uy\/sitio\/index.php?rest_route=%2Fwp%2Fv2%2Fmedia&parent=2015"}],"curies":[{"name":"wp","href":"https:\/\/api.w.org\/{rel}","templated":true}]}}