{"id":2139,"date":"2024-01-20T11:06:05","date_gmt":"2024-01-20T11:06:05","guid":{"rendered":"http:\/\/spu.org.uy\/sitio\/?page_id=2139"},"modified":"2024-01-20T11:08:29","modified_gmt":"2024-01-20T11:08:29","slug":"diciembre-2023","status":"publish","type":"page","link":"http:\/\/spu.org.uy\/sitio\/?page_id=2139","title":{"rendered":"Diciembre 2023"},"content":{"rendered":"\n<p style=\"font-size:22px\"><strong>Revista de Psiquiatr\u00eda del Uruguay<\/strong><\/p>\n\n\n\n<p style=\"font-size:22px\"><strong>Vol. 87 No. 2<\/strong><\/p>\n\n\n\n<figure class=\"wp-block-image size-medium\"><img decoding=\"async\" loading=\"lazy\" width=\"248\" height=\"300\" src=\"http:\/\/spu.org.uy\/sitio\/wp-content\/uploads\/2024\/01\/Tapa_87_02-248x300.jpg\" alt=\"\" class=\"wp-image-2144\" srcset=\"http:\/\/spu.org.uy\/sitio\/wp-content\/uploads\/2024\/01\/Tapa_87_02-248x300.jpg 248w, http:\/\/spu.org.uy\/sitio\/wp-content\/uploads\/2024\/01\/Tapa_87_02-847x1024.jpg 847w, http:\/\/spu.org.uy\/sitio\/wp-content\/uploads\/2024\/01\/Tapa_87_02-768x928.jpg 768w, http:\/\/spu.org.uy\/sitio\/wp-content\/uploads\/2024\/01\/Tapa_87_02-1271x1536.jpg 1271w, http:\/\/spu.org.uy\/sitio\/wp-content\/uploads\/2024\/01\/Tapa_87_02-1694x2048.jpg 1694w\" sizes=\"(max-width: 248px) 100vw, 248px\" \/><\/figure>\n\n\n\n<p style=\"font-size:22px\"><strong>Sumario<\/strong><\/p>\n\n\n\n<p class=\"has-normal-font-size\"><strong>Editorial<\/strong><\/p>\n\n\n\n<p><a href=\"http:\/\/spu.org.uy\/sitio\/wp-content\/uploads\/2024\/01\/01_Edit.pdf\" target=\"_blank\" rel=\"noreferrer noopener\">Un siglo de trayectoria de la Sociedad de Psiquiatr\u00eda del Uruguay<\/a><\/p>\n\n\n\n<p class=\"has-small-font-size\">Sandra Romano<\/p>\n\n\n\n<p><strong>Trabajo original breve<\/strong><\/p>\n\n\n\n<p><a href=\"http:\/\/spu.org.uy\/sitio\/wp-content\/uploads\/2024\/01\/02_TOB_01.pdf\" target=\"_blank\" rel=\"noreferrer noopener\">Aportes del Hospital de D\u00eda para la atenci\u00f3n de ni\u00f1os\/as y adolescentes con patolog\u00edas mentales graves, en la formaci\u00f3n de residentes de Psiquiatr\u00eda Psiqui\u00e1trica<\/a><\/p>\n\n\n\n<p class=\"has-small-font-size\">Deysi Jaunarena, Fernanda P\u00f3ppolo, Natalia Andrade, Jenny Villareal,  Fernanda Alfonzo, Mariela S\u00e1nchez, Jessica Saccone, Anal\u00eda Castro, Paulina Signorelli, Gabriela Garrido<\/p>\n\n\n\n<p><strong>Trabajo original breve<\/strong><\/p>\n\n\n\n<p><a href=\"http:\/\/spu.org.uy\/sitio\/wp-content\/uploads\/2024\/01\/03_TOB_02.pdf\" target=\"_blank\" rel=\"noreferrer noopener\">Desarrollo infantil y sus principales desaf\u00edos en los primeros a\u00f1os de vida. Lugar e importancia de los centros de educaci\u00f3n y protecci\u00f3n del Instituto del Ni\u00f1o y Adolescente del Uruguay<\/a><\/p>\n\n\n\n<p class=\"has-small-font-size\">Laura Canessa, Camila Tomasina, Victoria Amaro, Luc\u00eda Lamberti, Cecilia Amigo, In\u00e9s Podest\u00e1, Mariana Diez, Carolina Cardozo, Soledad Macagno, Sof\u00eda Lapeyre, Natalia Andrade, Gabriela Garrido<\/p>\n\n\n\n<p><strong>Revisi\u00f3n<\/strong><\/p>\n\n\n\n<p><a href=\"http:\/\/spu.org.uy\/sitio\/wp-content\/uploads\/2024\/01\/04_REV_01.pdf\" target=\"_blank\" rel=\"noreferrer noopener\">Revisi\u00f3n de la utilizaci\u00f3n de la prueba con lorazepam como evaluaci\u00f3n diagn\u00f3stica de cataton\u00eda<\/a><\/p>\n\n\n\n<p class=\"has-small-font-size\">Sebasti\u00e1n Lema Spinelli, Frank Lozano, Ilana Goldman, Agust\u00edn Garc\u00eda, Bethania Beyhaut, Mikael Cabarro<\/p>\n\n\n\n<p><strong>Revisi\u00f3n<\/strong><\/p>\n\n\n\n<p><a href=\"http:\/\/spu.org.uy\/sitio\/wp-content\/uploads\/2024\/01\/05_REV_02.pdf\" target=\"_blank\" rel=\"noreferrer noopener\">Revisi\u00f3n narrativa de escalas para cribado de trastorno obsesivo compulsivo y adaptaci\u00f3n cultural uruguaya<\/a><\/p>\n\n\n\n<p class=\"has-small-font-size\">Silena Correa, Margarita Wschebor, Fiorella Cavalleri<\/p>\n\n\n\n<p><strong>Debate<\/strong><\/p>\n\n\n\n<p><a rel=\"noreferrer noopener\" href=\"http:\/\/spu.org.uy\/sitio\/wp-content\/uploads\/2024\/01\/06_DEB_01.pdf\" target=\"_blank\">Psicod\u00e9licos: \u00bfdisputan el campo terap\u00e9utico?<\/a><\/p>\n\n\n\n<p class=\"has-small-font-size\">Mauricio Toledo, Mar\u00eda Penengo, Frank Lozano, Ignacio Carrera, Ismael Apud, Juan Scuro, Marta Va?zquez, Laura Ramos<\/p>\n\n\n\n<p><strong>Debate<\/strong><\/p>\n\n\n\n<p><a href=\"http:\/\/spu.org.uy\/sitio\/wp-content\/uploads\/2024\/01\/07_DEB_02.pdf\" target=\"_blank\" rel=\"noreferrer noopener\">Farmacogen\u00f3mica y monitorizaci\u00f3n terap\u00e9utica de medicamentos: sinergias para la prescripci\u00f3n personalizada<\/a><\/p>\n\n\n\n<p class=\"has-small-font-size\">Mauricio Toledo, Ismael Olmos Magdalena C\u00e1rdenas, Mauricio Mato, Mar\u00eda Penengo, Marta V\u00e1zquez, Carina Ricciardi<\/p>\n\n\n\n<p><strong>Di\u00e1logos<\/strong><\/p>\n\n\n\n<p><a href=\"http:\/\/spu.org.uy\/sitio\/wp-content\/uploads\/2024\/01\/08_DIA_01.pdf\" target=\"_blank\" rel=\"noreferrer noopener\">XI Congreso de Psiquiatr\u00eda Carta a psiquiatras<\/a><\/p>\n\n\n\n<p class=\"has-small-font-size\">Caminantes: Federacio?n de Organizaciones de Familiares por la Salud Mental<\/p>\n\n\n\n<p><\/p>\n\n\n\n<p><a href=\"http:\/\/spu.org.uy\/sitio\/wp-content\/uploads\/2024\/01\/09_IDA.pdf\" target=\"_blank\" rel=\"noreferrer noopener\">\u00cdndice de autores Vol. 87<\/a><\/p>\n","protected":false},"excerpt":{"rendered":"<p>Revista de Psiquiatr\u00eda del Uruguay Vol. 87 No. 2 Sumario Editorial Un siglo de trayectoria de la Sociedad de Psiquiatr\u00eda del Uruguay Sandra Romano Trabajo original breve Aportes del Hospital de D\u00eda para la atenci\u00f3n de ni\u00f1os\/as y adolescentes con&hellip; <\/p>\n","protected":false},"author":2,"featured_media":2144,"parent":2119,"menu_order":1,"comment_status":"closed","ping_status":"closed","template":"","meta":[],"_links":{"self":[{"href":"http:\/\/spu.org.uy\/sitio\/index.php?rest_route=\/wp\/v2\/pages\/2139"}],"collection":[{"href":"http:\/\/spu.org.uy\/sitio\/index.php?rest_route=\/wp\/v2\/pages"}],"about":[{"href":"http:\/\/spu.org.uy\/sitio\/index.php?rest_route=\/wp\/v2\/types\/page"}],"author":[{"embeddable":true,"href":"http:\/\/spu.org.uy\/sitio\/index.php?rest_route=\/wp\/v2\/users\/2"}],"replies":[{"embeddable":true,"href":"http:\/\/spu.org.uy\/sitio\/index.php?rest_route=%2Fwp%2Fv2%2Fcomments&post=2139"}],"version-history":[{"count":7,"href":"http:\/\/spu.org.uy\/sitio\/index.php?rest_route=\/wp\/v2\/pages\/2139\/revisions"}],"predecessor-version":[{"id":2157,"href":"http:\/\/spu.org.uy\/sitio\/index.php?rest_route=\/wp\/v2\/pages\/2139\/revisions\/2157"}],"up":[{"embeddable":true,"href":"http:\/\/spu.org.uy\/sitio\/index.php?rest_route=\/wp\/v2\/pages\/2119"}],"wp:featuredmedia":[{"embeddable":true,"href":"http:\/\/spu.org.uy\/sitio\/index.php?rest_route=\/wp\/v2\/media\/2144"}],"wp:attachment":[{"href":"http:\/\/spu.org.uy\/sitio\/index.php?rest_route=%2Fwp%2Fv2%2Fmedia&parent=2139"}],"curies":[{"name":"wp","href":"https:\/\/api.w.org\/{rel}","templated":true}]}}