{"id":2194,"date":"2024-09-16T17:56:40","date_gmt":"2024-09-16T17:56:40","guid":{"rendered":"http:\/\/spu.org.uy\/sitio\/?page_id=2194"},"modified":"2025-01-09T14:45:04","modified_gmt":"2025-01-09T14:45:04","slug":"setiembre-2024","status":"publish","type":"page","link":"http:\/\/spu.org.uy\/sitio\/?page_id=2194","title":{"rendered":"Setiembre 2024"},"content":{"rendered":"\n<p class=\"has-medium-font-size\"><strong>Revista de Psiquiatr\u00eda del Uruguay<\/strong><\/p>\n\n\n\n<p class=\"has-medium-font-size\"><strong>Vol. 88 No. 1<\/strong><\/p>\n\n\n\n<figure class=\"wp-block-image size-medium\"><img decoding=\"async\" loading=\"lazy\" width=\"250\" height=\"300\" src=\"http:\/\/spu.org.uy\/sitio\/wp-content\/uploads\/2024\/09\/Tapa_88_01_imp-2-250x300.jpg\" alt=\"\" class=\"wp-image-2195\" srcset=\"http:\/\/spu.org.uy\/sitio\/wp-content\/uploads\/2024\/09\/Tapa_88_01_imp-2-250x300.jpg 250w, http:\/\/spu.org.uy\/sitio\/wp-content\/uploads\/2024\/09\/Tapa_88_01_imp-2-853x1024.jpg 853w, http:\/\/spu.org.uy\/sitio\/wp-content\/uploads\/2024\/09\/Tapa_88_01_imp-2-768x922.jpg 768w, http:\/\/spu.org.uy\/sitio\/wp-content\/uploads\/2024\/09\/Tapa_88_01_imp-2.jpg 1200w\" sizes=\"(max-width: 250px) 100vw, 250px\" \/><\/figure>\n\n\n\n<p><strong>SUMARIO<\/strong><\/p>\n\n\n\n<p><strong>Editorial<\/strong><\/p>\n\n\n\n<p><a href=\"http:\/\/spu.org.uy\/sitio\/wp-content\/uploads\/2024\/09\/01_edit.pdf\" target=\"_blank\" rel=\"noreferrer noopener\">Interdisciplina: necesidad y riqueza<\/a><\/p>\n\n\n\n<p>Sandra Romano<\/p>\n\n\n\n<p><strong>Revisi\u00f3n<\/strong><\/p>\n\n\n\n<p><a href=\"http:\/\/spu.org.uy\/sitio\/wp-content\/uploads\/2024\/09\/02_rev.pdf\" target=\"_blank\" rel=\"noreferrer noopener\">El secuestro de la voluntad. Bases moleculares de los cambios pl\u00e1sticos en la adicci\u00f3n<\/a><\/p>\n\n\n\n<p>Federico Dajas<\/p>\n\n\n\n<p><strong>Trabajo original<\/strong><\/p>\n\n\n\n<p><a href=\"http:\/\/spu.org.uy\/sitio\/wp-content\/uploads\/2024\/09\/03_to.pdf\" target=\"_blank\" rel=\"noreferrer noopener\">Prevalencia de depresi\u00f3n en estudiantes de Facultad de Medicina de la Udelar en el a\u00f1o 2022<\/a><\/p>\n\n\n\n<p>Alejandra Moreira, Bel\u00e9n P\u00e9rez, Camila Hern\u00e1ndez Montenegro, Luc\u00eda Garc\u00eda Del R\u00e9, F\u00e1tima Garc\u00eda da Rosa<\/p>\n\n\n\n<p><strong>Trabajo original<\/strong><\/p>\n\n\n\n<p><a href=\"http:\/\/spu.org.uy\/sitio\/wp-content\/uploads\/2024\/09\/04_to2.pdf\" target=\"_blank\" rel=\"noreferrer noopener\">Geograf\u00edas de prescripci\u00f3n y consumo de antidepresivos en servicios de salud p\u00fablica de Montevideo (Uruguay)<\/a><\/p>\n\n\n\n<p>Andrea Bielli, Gonzalo Giraldez, Mauricio Toledo, Pilar Bacci, Gabriela Bruno, Nancy Calisto, Santiago Navarro, Lauren Predebon, Virginia Rodr\u00edguez, Ismael Olmos, Mauricio Mato<\/p>\n\n\n\n<p><strong>Recomendaciones cl\u00ednicas<\/strong><\/p>\n\n\n\n<p><a href=\"http:\/\/spu.org.uy\/sitio\/wp-content\/uploads\/2024\/09\/05_rc.pdf\" target=\"_blank\" rel=\"noreferrer noopener\">Recomendaciones cl\u00ednicas para la solicitud de evaluaci\u00f3n de neurocirug\u00eda en el trastorno obsesivo compulsivo<\/a><\/p>\n\n\n\n<p>Aurana Erman, Sebasti\u00e1n Lema, Humberto Prinzo, Federico Salle<\/p>\n\n\n\n<p><strong>Aspectos de Salud Mental<\/strong><\/p>\n\n\n\n<p><a href=\"http:\/\/spu.org.uy\/sitio\/wp-content\/uploads\/2024\/09\/06_asm.pdf\" target=\"_blank\" rel=\"noreferrer noopener\">Puntos cr\u00edticos en la implementaci\u00f3n de la Ley 19529: la mirada de la CNCASM<\/a><\/p>\n\n\n\n<p>Comisi\u00f3n Nacional de Contralor de la Atenci\u00f3n en Salud Mental<\/p>\n\n\n\n<p><strong>Di\u00e1logos<\/strong><\/p>\n\n\n\n<p><a href=\"http:\/\/spu.org.uy\/sitio\/wp-content\/uploads\/2024\/09\/07_dia.pdf\" target=\"_blank\" rel=\"noreferrer noopener\">Una experiencia entre pares<\/a><\/p>\n\n\n\n<p><\/p>\n\n\n\n<p><\/p>\n","protected":false},"excerpt":{"rendered":"<p>Revista de Psiquiatr\u00eda del Uruguay Vol. 88 No. 1 SUMARIO Editorial Interdisciplina: necesidad y riqueza Sandra Romano Revisi\u00f3n El secuestro de la voluntad. Bases moleculares de los cambios pl\u00e1sticos en la adicci\u00f3n Federico Dajas Trabajo original Prevalencia de depresi\u00f3n en&hellip; <\/p>\n","protected":false},"author":2,"featured_media":0,"parent":2182,"menu_order":1,"comment_status":"closed","ping_status":"closed","template":"","meta":[],"_links":{"self":[{"href":"http:\/\/spu.org.uy\/sitio\/index.php?rest_route=\/wp\/v2\/pages\/2194"}],"collection":[{"href":"http:\/\/spu.org.uy\/sitio\/index.php?rest_route=\/wp\/v2\/pages"}],"about":[{"href":"http:\/\/spu.org.uy\/sitio\/index.php?rest_route=\/wp\/v2\/types\/page"}],"author":[{"embeddable":true,"href":"http:\/\/spu.org.uy\/sitio\/index.php?rest_route=\/wp\/v2\/users\/2"}],"replies":[{"embeddable":true,"href":"http:\/\/spu.org.uy\/sitio\/index.php?rest_route=%2Fwp%2Fv2%2Fcomments&post=2194"}],"version-history":[{"count":4,"href":"http:\/\/spu.org.uy\/sitio\/index.php?rest_route=\/wp\/v2\/pages\/2194\/revisions"}],"predecessor-version":[{"id":2199,"href":"http:\/\/spu.org.uy\/sitio\/index.php?rest_route=\/wp\/v2\/pages\/2194\/revisions\/2199"}],"up":[{"embeddable":true,"href":"http:\/\/spu.org.uy\/sitio\/index.php?rest_route=\/wp\/v2\/pages\/2182"}],"wp:attachment":[{"href":"http:\/\/spu.org.uy\/sitio\/index.php?rest_route=%2Fwp%2Fv2%2Fmedia&parent=2194"}],"curies":[{"name":"wp","href":"https:\/\/api.w.org\/{rel}","templated":true}]}}