{"id":2235,"date":"2025-11-10T18:18:26","date_gmt":"2025-11-10T18:18:26","guid":{"rendered":"http:\/\/spu.org.uy\/sitio\/?page_id=2235"},"modified":"2025-11-10T22:19:13","modified_gmt":"2025-11-10T22:19:13","slug":"octubre-2025","status":"publish","type":"page","link":"http:\/\/spu.org.uy\/sitio\/?page_id=2235","title":{"rendered":"Octubre 2025"},"content":{"rendered":"\n<p><strong>Revista de Psiquiatr\u00eda del Uruguay<\/strong><\/p>\n\n\n\n<p><strong>Vol. 89 No. 1<\/strong><\/p>\n\n\n\n<figure class=\"wp-block-image size-large is-resized\"><a href=\"http:\/\/spu.org.uy\/sitio\/wp-content\/uploads\/2025\/11\/tapa_89_01.png\"><img decoding=\"async\" loading=\"lazy\" src=\"http:\/\/spu.org.uy\/sitio\/wp-content\/uploads\/2025\/11\/tapa_89_01-844x1024.png\" alt=\"\" class=\"wp-image-2236\" width=\"340\" height=\"412\" srcset=\"http:\/\/spu.org.uy\/sitio\/wp-content\/uploads\/2025\/11\/tapa_89_01-844x1024.png 844w, http:\/\/spu.org.uy\/sitio\/wp-content\/uploads\/2025\/11\/tapa_89_01-247x300.png 247w, http:\/\/spu.org.uy\/sitio\/wp-content\/uploads\/2025\/11\/tapa_89_01-768x932.png 768w, http:\/\/spu.org.uy\/sitio\/wp-content\/uploads\/2025\/11\/tapa_89_01-1266x1536.png 1266w, http:\/\/spu.org.uy\/sitio\/wp-content\/uploads\/2025\/11\/tapa_89_01.png 1546w\" sizes=\"(max-width: 340px) 100vw, 340px\" \/><\/a><\/figure>\n\n\n\n<p><strong>SUMARIO<\/strong><\/p>\n\n\n\n<p><strong>Editorial<\/strong><\/p>\n\n\n\n<p><a rel=\"noreferrer noopener\" href=\"http:\/\/spu.org.uy\/sitio\/wp-content\/uploads\/2025\/11\/01_ED.pdf\" target=\"_blank\">Atenci\u00f3n en salud mental, entre continuidad y cambio<\/a><\/p>\n\n\n\n<p>Sandra Romano<\/p>\n\n\n\n<p><strong>Trabajo<\/strong> <strong>original<\/strong><\/p>\n\n\n\n<p><a rel=\"noreferrer noopener\" href=\"http:\/\/spu.org.uy\/sitio\/wp-content\/uploads\/2025\/11\/02_TO.pdf\" target=\"_blank\">Perfil epidemiol\u00f3gico de los pacientes en emergencias psiqui\u00e1tricas en un hospital universitario: un estudio de tres a\u00f1os<\/a><\/p>\n\n\n\n<p>Julio Torales, Anne Ver Mellstreing, Marcelo O\u2019Higgins, Tom\u00e1s Caycho-Rodr\u00edguez, Antonio Ventriglio, Jo\u00e3o Mauricio Castaldelli-Maia, Iv\u00e1n Barrios<\/p>\n\n\n\n<p><strong>Revisi\u00f3n<\/strong><\/p>\n\n\n\n<p><a href=\"http:\/\/spu.org.uy\/sitio\/wp-content\/uploads\/2025\/11\/03_RE.pdf\" target=\"_blank\" rel=\"noreferrer noopener\">Utilidad del test de lectura de la mente a trav\u00e9s de la mirada en esquizofrenia<\/a><\/p>\n\n\n\n<p>Sebasti\u00e1n Lema Spinelli, Sandra Romano Fuzul, Leonel G\u00f3mez-Sena<\/p>\n\n\n\n<p><strong>Conferencias<\/strong><\/p>\n\n\n\n<p><a href=\"http:\/\/spu.org.uy\/sitio\/wp-content\/uploads\/2025\/11\/04_CO1.pdf\" target=\"_blank\" rel=\"noreferrer noopener\">Trastornos del espectro autista: transici\u00f3n adolescencia-adultez<\/a><\/p>\n\n\n\n<p>Gabriela Garrido<\/p>\n\n\n\n<p><a href=\"http:\/\/spu.org.uy\/sitio\/wp-content\/uploads\/2025\/11\/05_CO2.pdf\" target=\"_blank\" rel=\"noreferrer noopener\">Un puente a la distancia: dimensi\u00f3n de los trastornos del neurodesarrollo<\/a><\/p>\n\n\n\n<p>Francisco de la Pe\u00f1a Olvera<\/p>\n\n\n\n<p><strong>Debate<\/strong><\/p>\n\n\n\n<p><a href=\"http:\/\/spu.org.uy\/sitio\/wp-content\/uploads\/2025\/11\/06_DE.pdf\" target=\"_blank\" rel=\"noreferrer noopener\">Clozapina: un nuevo tiempo para un hu\u00e9rfano amigo<\/a><\/p>\n\n\n\n<p>Mauricio Toledo, Ismael Olmos, Sebasti\u00e1n Lema, Carina Ricciardi, Ary Gadelha, Nicol\u00e1s Crossley<\/p>\n\n\n\n<p><strong>Di\u00e1logos<\/strong><\/p>\n\n\n\n<p><a rel=\"noreferrer noopener\" href=\"http:\/\/spu.org.uy\/sitio\/wp-content\/uploads\/2025\/11\/07_DI1.pdf\" target=\"_blank\">Barco<\/a><\/p>\n\n\n\n<p><a rel=\"noreferrer noopener\" href=\"http:\/\/spu.org.uy\/sitio\/wp-content\/uploads\/2025\/11\/08_DI2.pdf\" target=\"_blank\">El momento<\/a><\/p>\n\n\n\n<p>Seud\u00f3nimo: El ni\u00f1o con los ojos azules<\/p>\n\n\n\n<p><a rel=\"noreferrer noopener\" href=\"http:\/\/spu.org.uy\/sitio\/wp-content\/uploads\/2025\/11\/NORMAS.pdf\" target=\"_blank\">Normas de Publicaci\u00f3n<\/a><\/p>\n","protected":false},"excerpt":{"rendered":"<p>Revista de Psiquiatr\u00eda del Uruguay Vol. 89 No. 1 SUMARIO Editorial Atenci\u00f3n en salud mental, entre continuidad y cambio Sandra Romano Trabajo original Perfil epidemiol\u00f3gico de los pacientes en emergencias psiqui\u00e1tricas en un hospital universitario: un estudio de tres a\u00f1os&hellip; <\/p>\n","protected":false},"author":2,"featured_media":0,"parent":47,"menu_order":1,"comment_status":"closed","ping_status":"closed","template":"","meta":[],"_links":{"self":[{"href":"http:\/\/spu.org.uy\/sitio\/index.php?rest_route=\/wp\/v2\/pages\/2235"}],"collection":[{"href":"http:\/\/spu.org.uy\/sitio\/index.php?rest_route=\/wp\/v2\/pages"}],"about":[{"href":"http:\/\/spu.org.uy\/sitio\/index.php?rest_route=\/wp\/v2\/types\/page"}],"author":[{"embeddable":true,"href":"http:\/\/spu.org.uy\/sitio\/index.php?rest_route=\/wp\/v2\/users\/2"}],"replies":[{"embeddable":true,"href":"http:\/\/spu.org.uy\/sitio\/index.php?rest_route=%2Fwp%2Fv2%2Fcomments&post=2235"}],"version-history":[{"count":3,"href":"http:\/\/spu.org.uy\/sitio\/index.php?rest_route=\/wp\/v2\/pages\/2235\/revisions"}],"predecessor-version":[{"id":2249,"href":"http:\/\/spu.org.uy\/sitio\/index.php?rest_route=\/wp\/v2\/pages\/2235\/revisions\/2249"}],"up":[{"embeddable":true,"href":"http:\/\/spu.org.uy\/sitio\/index.php?rest_route=\/wp\/v2\/pages\/47"}],"wp:attachment":[{"href":"http:\/\/spu.org.uy\/sitio\/index.php?rest_route=%2Fwp%2Fv2%2Fmedia&parent=2235"}],"curies":[{"name":"wp","href":"https:\/\/api.w.org\/{rel}","templated":true}]}}