{"id":279,"date":"2014-09-18T18:20:03","date_gmt":"2014-09-18T18:20:03","guid":{"rendered":"http:\/\/spu.org.uy\/sitio\/?page_id=279"},"modified":"2023-10-11T17:08:41","modified_gmt":"2023-10-11T17:08:41","slug":"revistas-2004-al-2007","status":"publish","type":"page","link":"http:\/\/spu.org.uy\/sitio\/?page_id=279","title":{"rendered":"Revistas 2004 a 2007"},"content":{"rendered":"<p><span style=\"color: #444444;\">\u00a0\n<!-- Page-list plugin v.5.7 wordpress.org\/plugins\/page-list\/ -->\n<div class=\"page-list page-list-ext \">\n<div class=\"page-list-ext-item\"><div class=\"page-list-ext-image\"><a href=\"http:\/\/spu.org.uy\/sitio\/?page_id=320\" title=\"Diciembre 2007\"><img src=\"http:\/\/spu.org.uy\/sitio\/wp-content\/uploads\/2014\/09\/tapa_2.gif\" width=\"150\" alt=\"Diciembre 2007\" \/><\/a><\/div> <h3 class=\"page-list-ext-title\"><a href=\"http:\/\/spu.org.uy\/sitio\/?page_id=320\" title=\"Diciembre 2007\">Diciembre 2007<\/a><\/h3><div class=\"page-list-ext-item-content\">\r\nRevista de Psiquiatr\u00eda del Uruguay  \r\nVol.\u00a071 No. 2,\u00a0 Diciembre 2007  \r\n&nbsp;\r\n\r\n \r\nIndice \r\n\r\n\tEditorial \r\nDr. Federico Dajas  \r\n \r\nAspectos de Salud Mental  \r\n\r\n\r\n\tAportes a un debate sobre la Organizaci\u00f3n de la Atenci\u00f3n en Salud Mental y Psiquiatr\u00eda \r\nSan...<\/div><\/div>\n<div class=\"page-list-ext-item\"><div class=\"page-list-ext-image\"><a href=\"http:\/\/spu.org.uy\/sitio\/?page_id=316\" title=\"Agosto 2007\"><img src=\"http:\/\/spu.org.uy\/sitio\/wp-content\/uploads\/2014\/09\/71_1_tapa_2.gif\" width=\"150\" alt=\"Agosto 2007\" \/><\/a><\/div> <h3 class=\"page-list-ext-title\"><a href=\"http:\/\/spu.org.uy\/sitio\/?page_id=316\" title=\"Agosto 2007\">Agosto 2007<\/a><\/h3><div class=\"page-list-ext-item-content\">\nRevista de Psiquiatr\u00eda del Uruguay  \nVol.\u00a071 No. 1 ,\u00a0Agosto 2007  \n  \nIndice \nEditorial  \n\n\n \tReconocimiento a la Dra. Yubarandt Bespali  \n \nHomenaje  \n\n\n \tProblemas planteados por el consumo de PBC en la psiquiatr\u00eda forense \nDres. Nelson B\u00f3 S\u00e1nchez, Ubald...<\/div><\/div>\n<div class=\"page-list-ext-item\"><div class=\"page-list-ext-image\"><a href=\"http:\/\/spu.org.uy\/sitio\/?page_id=313\" title=\"Diciembre 2006\"><img src=\"http:\/\/spu.org.uy\/sitio\/wp-content\/uploads\/2014\/09\/70_2.gif\" width=\"150\" alt=\"Diciembre 2006\" \/><\/a><\/div> <h3 class=\"page-list-ext-title\"><a href=\"http:\/\/spu.org.uy\/sitio\/?page_id=313\" title=\"Diciembre 2006\">Diciembre 2006<\/a><\/h3><div class=\"page-list-ext-item-content\">\r\nRevista de Psiquiatr\u00eda del Uruguay  \r\nVol.\u00a070 No. 2,\u00a0Diciembre 2006  \r\n&nbsp;\r\n\r\n&nbsp;\r\n\r\n  \r\nIndice \r\nEditorial  \r\n\r\n\r\n\tLa Revista de Psiquiatr\u00eda como el espacio que contribuya a formar una visi\u00f3n global de la enfermedad mental \r\nDr. Federico Daja...<\/div><\/div>\n<div class=\"page-list-ext-item\"><div class=\"page-list-ext-image\"><a href=\"http:\/\/spu.org.uy\/sitio\/?page_id=310\" title=\"Julio 2006\"><img src=\"http:\/\/spu.org.uy\/sitio\/wp-content\/uploads\/2014\/09\/tapa_70_1.gif\" width=\"150\" alt=\"Julio 2006\" \/><\/a><\/div> <h3 class=\"page-list-ext-title\"><a href=\"http:\/\/spu.org.uy\/sitio\/?page_id=310\" title=\"Julio 2006\">Julio 2006<\/a><\/h3><div class=\"page-list-ext-item-content\">\r\nRevista de Psiquiatr\u00eda del Uruguay  \r\nVol.\u00a070 No. 1 ,\u00a0Julio 2006  \r\n \r\n \r\nIndice \r\nEditorial  \r\n\r\n\r\n\tLa actividad cient\u00edfica en Psiquiatr\u00eda  \r\n \r\nTrabajos originales  \r\n\r\n\r\n\tHomicidio y enfermedad mental \r\nDres. Pablo Fielitz, Freddy Cardozo  \r\n \r\nAs...<\/div><\/div>\n<div class=\"page-list-ext-item\"><div class=\"page-list-ext-image\"><a href=\"http:\/\/spu.org.uy\/sitio\/?page_id=307\" title=\"Diciembre 2005\"><img src=\"http:\/\/spu.org.uy\/sitio\/wp-content\/uploads\/2014\/09\/tapa_69_2.jpg\" width=\"150\" alt=\"Diciembre 2005\" \/><\/a><\/div> <h3 class=\"page-list-ext-title\"><a href=\"http:\/\/spu.org.uy\/sitio\/?page_id=307\" title=\"Diciembre 2005\">Diciembre 2005<\/a><\/h3><div class=\"page-list-ext-item-content\">Revista de Psiquiatr\u00eda del Uruguay  \r\nVol.\u00a069 No. 2,\u00a0Diciembre 2005  \r\n&nbsp;\r\nIndice \r\nEditorial  \r\n\r\n\r\n\tNuestros 70 a\u00f1os de publicaci\u00f3n y las revistas de  \u00a0\"libre acceso\"   \r\nDra. Yubarandt Bespali\r\n  \r\n \r\nTrabajos originales  \r\n\r\n\r\n\tDescripci\u00f3n y eval...<\/div><\/div>\n<div class=\"page-list-ext-item\"><div class=\"page-list-ext-image\"><a href=\"http:\/\/spu.org.uy\/sitio\/?page_id=299\" title=\"Julio 2005\"><img src=\"http:\/\/spu.org.uy\/sitio\/wp-content\/uploads\/2014\/09\/tapa_revista.gif\" width=\"150\" alt=\"Julio 2005\" \/><\/a><\/div> <h3 class=\"page-list-ext-title\"><a href=\"http:\/\/spu.org.uy\/sitio\/?page_id=299\" title=\"Julio 2005\">Julio 2005<\/a><\/h3><div class=\"page-list-ext-item-content\">\r\nRevista de Psiquiatr\u00eda del Uruguay  \r\nVol.\u00a069 No. 1,\u00a0 Julio 2005  \r\n&nbsp;\r\n\r\n \r\nIndice \r\nEditorial  \r\n\r\n\r\n\tNuestra Revista de Psiquiatr\u00eda y la Salud Mental \r\nDra. Margarita Arduino  \r\n \r\nForo de discusi\u00f3n  \r\n\r\n\r\n\tLa gu\u00eda cl\u00ednica en la psicoterapia \r\nDr. ...<\/div><\/div>\n<div class=\"page-list-ext-item\"><div class=\"page-list-ext-image\"><a href=\"http:\/\/spu.org.uy\/sitio\/?page_id=296\" title=\"Diciembre 2004\"><img src=\"http:\/\/spu.org.uy\/sitio\/wp-content\/uploads\/2014\/09\/tapa_68_2.gif\" width=\"150\" alt=\"Diciembre 2004\" \/><\/a><\/div> <h3 class=\"page-list-ext-title\"><a href=\"http:\/\/spu.org.uy\/sitio\/?page_id=296\" title=\"Diciembre 2004\">Diciembre 2004<\/a><\/h3><div class=\"page-list-ext-item-content\">Revista de Psiquiatr\u00eda del Uruguay  \r\nVol.\u00a068 No. 2,\u00a0 Diciembre 2004  \r\n&nbsp;\r\nIndice \r\n\r\n\tEditorial \r\nDr. Federico Dajas  \r\n \r\nPautas de tratamiento  \r\n\r\n\r\n\tGu\u00eda cl\u00ednica para la psicoterapia \r\nDr. Ricardo Bernardi, Lic. Denise Defey, Alejandro Garb...<\/div><\/div>\n<div class=\"page-list-ext-item\"><div class=\"page-list-ext-image\"><a href=\"http:\/\/spu.org.uy\/sitio\/?page_id=288\" title=\"Julio 2004\"><img src=\"http:\/\/spu.org.uy\/sitio\/wp-content\/uploads\/2014\/09\/tapa_jun2004.gif\" width=\"150\" alt=\"Julio 2004\" \/><\/a><\/div> <h3 class=\"page-list-ext-title\"><a href=\"http:\/\/spu.org.uy\/sitio\/?page_id=288\" title=\"Julio 2004\">Julio 2004<\/a><\/h3><div class=\"page-list-ext-item-content\">\r\nRevista de Psiquiatr\u00eda del Uruguay  \r\nVol.\u00a068 No. 1,\u00a0Julio 2004  \r\n \r\n \r\nIndice \r\n \r\nEditorial  \r\n\r\n\r\n\tUna Revista antigua y actualizada \r\nEl Cuerpo de Redacci\u00f3n\u00a0  \r\n \r\nPautas de tratamiento  \r\n\r\n\r\n\tElectroconvulsoterapia: fundamentos y pautas de u...<\/div><\/div>\n\n<\/div><\/span><\/p>\n","protected":false},"excerpt":{"rendered":"<p>\u00a0<\/p>\n","protected":false},"author":1,"featured_media":0,"parent":47,"menu_order":13,"comment_status":"closed","ping_status":"closed","template":"","meta":[],"_links":{"self":[{"href":"http:\/\/spu.org.uy\/sitio\/index.php?rest_route=\/wp\/v2\/pages\/279"}],"collection":[{"href":"http:\/\/spu.org.uy\/sitio\/index.php?rest_route=\/wp\/v2\/pages"}],"about":[{"href":"http:\/\/spu.org.uy\/sitio\/index.php?rest_route=\/wp\/v2\/types\/page"}],"author":[{"embeddable":true,"href":"http:\/\/spu.org.uy\/sitio\/index.php?rest_route=\/wp\/v2\/users\/1"}],"replies":[{"embeddable":true,"href":"http:\/\/spu.org.uy\/sitio\/index.php?rest_route=%2Fwp%2Fv2%2Fcomments&post=279"}],"version-history":[{"count":2,"href":"http:\/\/spu.org.uy\/sitio\/index.php?rest_route=\/wp\/v2\/pages\/279\/revisions"}],"predecessor-version":[{"id":546,"href":"http:\/\/spu.org.uy\/sitio\/index.php?rest_route=\/wp\/v2\/pages\/279\/revisions\/546"}],"up":[{"embeddable":true,"href":"http:\/\/spu.org.uy\/sitio\/index.php?rest_route=\/wp\/v2\/pages\/47"}],"wp:attachment":[{"href":"http:\/\/spu.org.uy\/sitio\/index.php?rest_route=%2Fwp%2Fv2%2Fmedia&parent=279"}],"curies":[{"name":"wp","href":"https:\/\/api.w.org\/{rel}","templated":true}]}}