{"id":281,"date":"2014-09-18T18:23:33","date_gmt":"2014-09-18T18:23:33","guid":{"rendered":"http:\/\/spu.org.uy\/sitio\/?page_id=281"},"modified":"2023-10-11T17:07:23","modified_gmt":"2023-10-11T17:07:23","slug":"revistas-2008-al-2012","status":"publish","type":"page","link":"http:\/\/spu.org.uy\/sitio\/?page_id=281","title":{"rendered":"Revistas 2008 a 2011"},"content":{"rendered":"<p><span style=\"color: #444444;\">\u00a0\n<!-- Page-list plugin v.5.7 wordpress.org\/plugins\/page-list\/ -->\n<div class=\"page-list page-list-ext \">\n<div class=\"page-list-ext-item\"><div class=\"page-list-ext-image\"><a href=\"http:\/\/spu.org.uy\/sitio\/?page_id=344\" title=\"Diciembre 2011\"><img src=\"http:\/\/spu.org.uy\/sitio\/wp-content\/uploads\/2014\/09\/TAPA_75_2_menos.gif\" width=\"150\" alt=\"Diciembre 2011\" \/><\/a><\/div> <h3 class=\"page-list-ext-title\"><a href=\"http:\/\/spu.org.uy\/sitio\/?page_id=344\" title=\"Diciembre 2011\">Diciembre 2011<\/a><\/h3><div class=\"page-list-ext-item-content\">Revista de Psiquiatr\u00eda del Uruguay  \r\nVol.\u00a075 No. 2,\u00a0Diciembre 2011  \r\n \r\nIndice \r\nEditorial  \r\n\r\n\r\n\tEditorial\r\n Federico Dajas  \r\n \r\nTrabajos originales  \r\n\r\n\r\n\tEvoluci\u00f3n en cuatro a\u00f1os de los trastornos del movimiento en pacientes internados\r\nen un h...<\/div><\/div>\n<div class=\"page-list-ext-item\"><div class=\"page-list-ext-image\"><a href=\"http:\/\/spu.org.uy\/sitio\/?page_id=341\" title=\"Agosto 2011\"><img src=\"http:\/\/spu.org.uy\/sitio\/wp-content\/uploads\/2014\/09\/TAPA__75_1_chica.gif\" width=\"150\" alt=\"Agosto 2011\" \/><\/a><\/div> <h3 class=\"page-list-ext-title\"><a href=\"http:\/\/spu.org.uy\/sitio\/?page_id=341\" title=\"Agosto 2011\">Agosto 2011<\/a><\/h3><div class=\"page-list-ext-item-content\">\r\n\r\n&nbsp;\r\nRevista de Psiquiatr\u00eda del Uruguay  \r\nVol.\u00a075 No. 1,\u00a0Agosto 2011  \r\n \r\n \r\nIndice \r\nEditorial  \r\n\r\n\r\n\tEditorial \r\nRicardo Bernardi  \r\n \r\nIntroducci\u00f3n  \r\n\r\n\r\n\tTrastornos fronterizos de la personalidad \r\nRicardo Bernardi  \r\n \r\nPsiquiatr\u00eda y Ps...<\/div><\/div>\n<div class=\"page-list-ext-item\"><div class=\"page-list-ext-image\"><a href=\"http:\/\/spu.org.uy\/sitio\/?page_id=338\" title=\"Diciembre 2010\"><img src=\"http:\/\/spu.org.uy\/sitio\/wp-content\/uploads\/2014\/09\/TAPA_74_2_menos.gif\" width=\"150\" alt=\"Diciembre 2010\" \/><\/a><\/div> <h3 class=\"page-list-ext-title\"><a href=\"http:\/\/spu.org.uy\/sitio\/?page_id=338\" title=\"Diciembre 2010\">Diciembre 2010<\/a><\/h3><div class=\"page-list-ext-item-content\">\r\nRevista de Psiquiatr\u00eda del Uruguay  \r\nVol.\u00a074 No. 2,\u00a0Diciembre 2010  \r\n \r\n \r\nIndice \r\nEditorial  \r\n\r\n\r\n\tEditorial \r\nFederico Dajas  \r\n \r\nCien a\u00f1os de psicoan\u00e1lisis  \r\n\r\n\r\n\tIntroducci\u00f3n \r\nRicardo Bernardi  \r\n\tRelaciones entre psiquiatr\u00eda y psicoan\u00e1lisis (desde ...<\/div><\/div>\n<div class=\"page-list-ext-item\"><div class=\"page-list-ext-image\"><a href=\"http:\/\/spu.org.uy\/sitio\/?page_id=335\" title=\"Agosto 2010\"><img src=\"http:\/\/spu.org.uy\/sitio\/wp-content\/uploads\/2014\/09\/TAPA_74_1_.jpg\" width=\"150\" alt=\"Agosto 2010\" \/><\/a><\/div> <h3 class=\"page-list-ext-title\"><a href=\"http:\/\/spu.org.uy\/sitio\/?page_id=335\" title=\"Agosto 2010\">Agosto 2010<\/a><\/h3><div class=\"page-list-ext-item-content\">Revista de Psiquiatr\u00eda del Uruguay  \r\nVol.\u00a074 No. 1,\u00a0Agosto 2010  \r\n \r\nIndice \r\nEditorial  \r\n\r\n\r\n\tEditorial \r\nLaura Viola  \r\n \r\nTrabajos originales  \r\n\r\n\r\n\tActos violentos en patolog\u00eda mental \r\nHumberto Casarotti  \r\n\tEl cerebro violento. Sobre la psi...<\/div><\/div>\n<div class=\"page-list-ext-item\"><div class=\"page-list-ext-image\"><a href=\"http:\/\/spu.org.uy\/sitio\/?page_id=332\" title=\"Diciembre 2009\"><img src=\"http:\/\/spu.org.uy\/sitio\/wp-content\/uploads\/2014\/09\/tapa_24.gif\" width=\"150\" alt=\"Diciembre 2009\" \/><\/a><\/div> <h3 class=\"page-list-ext-title\"><a href=\"http:\/\/spu.org.uy\/sitio\/?page_id=332\" title=\"Diciembre 2009\">Diciembre 2009<\/a><\/h3><div class=\"page-list-ext-item-content\">\r\nRevista de Psiquiatr\u00eda del Uruguay  \r\nVol.\u00a073 No. 2,\u00a0Diciembre 2009  \r\n \r\n \r\nIndice \r\n \r\nEditorial  \r\n\r\n\r\n\tEditorial \r\nSandra Romano  \r\n \r\nTrabajos originales  \r\n\r\n\r\n\tEstudio de los pacientes que recibieron ECT en el Hospital Vilardeb\u00f3 en el a\u00f1o 2006...<\/div><\/div>\n<div class=\"page-list-ext-item\"><div class=\"page-list-ext-image\"><a href=\"http:\/\/spu.org.uy\/sitio\/?page_id=329\" title=\"Agosto 2009\"><img src=\"http:\/\/spu.org.uy\/sitio\/wp-content\/uploads\/2014\/09\/tapa_23.gif\" width=\"150\" alt=\"Agosto 2009\" \/><\/a><\/div> <h3 class=\"page-list-ext-title\"><a href=\"http:\/\/spu.org.uy\/sitio\/?page_id=329\" title=\"Agosto 2009\">Agosto 2009<\/a><\/h3><div class=\"page-list-ext-item-content\">\r\nRevista de Psiquiatr\u00eda del Uruguay  \r\nVol.\u00a073 No. 1,\u00a0Agosto 2009  \r\n \r\n \r\nIndice \r\n\r\n\tEditorial \r\nDr. Federico Dajas  \r\n \r\nTrabajos originales  \r\n\r\n\r\n\tNeurobiolog\u00eda de la adicci\u00f3n \r\nT. Pereira  \r\n\tPrimer estudio pre-cl\u00ednico de la acci\u00f3n de pasta base d...<\/div><\/div>\n<div class=\"page-list-ext-item\"><div class=\"page-list-ext-image\"><a href=\"http:\/\/spu.org.uy\/sitio\/?page_id=326\" title=\"Diciembre 2008\"><img src=\"http:\/\/spu.org.uy\/sitio\/wp-content\/uploads\/2014\/09\/tapa_22.gif\" width=\"150\" alt=\"Diciembre 2008\" \/><\/a><\/div> <h3 class=\"page-list-ext-title\"><a href=\"http:\/\/spu.org.uy\/sitio\/?page_id=326\" title=\"Diciembre 2008\">Diciembre 2008<\/a><\/h3><div class=\"page-list-ext-item-content\">\r\n\r\n&nbsp;\r\nRevista de Psiquiatr\u00eda del Uruguay  \r\nVol.\u00a072 No. 2,\u00a0Diciembre 2008  \r\n&nbsp;\r\n\r\n \r\nIndice \r\nEditorial  \r\n\r\n\r\n\tConocer nuestra realidad, actuar sobre ella y evaluar resultados \r\nComit\u00e9 Editorial  \r\n \r\nTrabajos originales  \r\n\r\n\r\n\tCalidad de ...<\/div><\/div>\n<div class=\"page-list-ext-item\"><div class=\"page-list-ext-image\"><a href=\"http:\/\/spu.org.uy\/sitio\/?page_id=323\" title=\"Agosto 2008\"><img src=\"http:\/\/spu.org.uy\/sitio\/wp-content\/uploads\/2014\/09\/tapa_21.gif\" width=\"150\" alt=\"Agosto 2008\" \/><\/a><\/div> <h3 class=\"page-list-ext-title\"><a href=\"http:\/\/spu.org.uy\/sitio\/?page_id=323\" title=\"Agosto 2008\">Agosto 2008<\/a><\/h3><div class=\"page-list-ext-item-content\">\r\nRevista de Psiquiatr\u00eda del Uruguay  \r\nVol.\u00a072 No. 1,\u00a0Agosto 2008  \r\n \r\n \r\nIndice \r\n\r\n\tEditorial \r\nDr. Federico Dajas  \r\n \r\nTrabajo original  \r\n\r\n\r\n\tCaracter\u00edsticas epidemiol\u00f3gicas de la salud mental de los ni\u00f1os montevideanos \r\nLaura Viola, Gabriela Garri...<\/div><\/div>\n\n<\/div><\/span><\/p>\n","protected":false},"excerpt":{"rendered":"<p>\u00a0<\/p>\n","protected":false},"author":1,"featured_media":0,"parent":47,"menu_order":12,"comment_status":"closed","ping_status":"closed","template":"","meta":[],"_links":{"self":[{"href":"http:\/\/spu.org.uy\/sitio\/index.php?rest_route=\/wp\/v2\/pages\/281"}],"collection":[{"href":"http:\/\/spu.org.uy\/sitio\/index.php?rest_route=\/wp\/v2\/pages"}],"about":[{"href":"http:\/\/spu.org.uy\/sitio\/index.php?rest_route=\/wp\/v2\/types\/page"}],"author":[{"embeddable":true,"href":"http:\/\/spu.org.uy\/sitio\/index.php?rest_route=\/wp\/v2\/users\/1"}],"replies":[{"embeddable":true,"href":"http:\/\/spu.org.uy\/sitio\/index.php?rest_route=%2Fwp%2Fv2%2Fcomments&post=281"}],"version-history":[{"count":4,"href":"http:\/\/spu.org.uy\/sitio\/index.php?rest_route=\/wp\/v2\/pages\/281\/revisions"}],"predecessor-version":[{"id":536,"href":"http:\/\/spu.org.uy\/sitio\/index.php?rest_route=\/wp\/v2\/pages\/281\/revisions\/536"}],"up":[{"embeddable":true,"href":"http:\/\/spu.org.uy\/sitio\/index.php?rest_route=\/wp\/v2\/pages\/47"}],"wp:attachment":[{"href":"http:\/\/spu.org.uy\/sitio\/index.php?rest_route=%2Fwp%2Fv2%2Fmedia&parent=281"}],"curies":[{"name":"wp","href":"https:\/\/api.w.org\/{rel}","templated":true}]}}