{"id":284,"date":"2014-09-18T18:25:10","date_gmt":"2014-09-18T18:25:10","guid":{"rendered":"http:\/\/spu.org.uy\/sitio\/?page_id=284"},"modified":"2023-10-11T17:07:15","modified_gmt":"2023-10-11T17:07:15","slug":"revistas-de-2012-a-2014","status":"publish","type":"page","link":"http:\/\/spu.org.uy\/sitio\/?page_id=284","title":{"rendered":"Revistas 2012 a 2014"},"content":{"rendered":"<p><span style=\"color: #444444;\">\u00a0\n<!-- Page-list plugin v.5.7 wordpress.org\/plugins\/page-list\/ -->\n<div class=\"page-list page-list-ext \">\n<div class=\"page-list-ext-item\"><div class=\"page-list-ext-image\"><a href=\"http:\/\/spu.org.uy\/sitio\/?page_id=558\" title=\"Octubre 2014\"><img src=\"http:\/\/spu.org.uy\/sitio\/wp-content\/uploads\/2014\/11\/TAPA_78_2-150x150.jpg\" width=\"150\" alt=\"Octubre 2014\" \/><\/a><\/div> <h3 class=\"page-list-ext-title\"><a href=\"http:\/\/spu.org.uy\/sitio\/?page_id=558\" title=\"Octubre 2014\">Octubre 2014<\/a><\/h3><div class=\"page-list-ext-item-content\">Revista de Psiquiatr\u00eda del Uruguay  \r\n \r\nVol. 78 No. 2, Octubre 2014  \r\n \r\nIndice \r\n&nbsp;\r\n\r\nEditorial  \r\n\r\nSandra Romano \r\n\r\nTrabajo original \r\n\r\nFrecuencia de depresi\u00f3n en los pacientes que consultan en las policl\u00ednicas de medicina interna del Hospital de...<\/div><\/div>\n<div class=\"page-list-ext-item\"><div class=\"page-list-ext-image\"><a href=\"http:\/\/spu.org.uy\/sitio\/?page_id=353\" title=\"Marzo 2014\"><img src=\"http:\/\/spu.org.uy\/sitio\/wp-content\/uploads\/2014\/09\/TAPA_78_1c.gif\" width=\"150\" alt=\"Marzo 2014\" \/><\/a><\/div> <h3 class=\"page-list-ext-title\"><a href=\"http:\/\/spu.org.uy\/sitio\/?page_id=353\" title=\"Marzo 2014\">Marzo 2014<\/a><\/h3><div class=\"page-list-ext-item-content\">Revista de Psiquiatr\u00eda del Uruguay\u00a0  \r\nVol.\u00a078 No. 1,\u00a0Marzo 2014  \r\n&nbsp;\r\nEditorial \r\nSandra Romano  \r\nTrabajo original\u00a0 \r\nEvaluaci\u00f3n de resultados de un programa de rehabilitaci\u00f3n psicosocial integral (Centro de D\u00eda)\r\npara personas con trastorno mental ...<\/div><\/div>\n<div class=\"page-list-ext-item\"><div class=\"page-list-ext-image\"><a href=\"http:\/\/spu.org.uy\/sitio\/?page_id=350\" title=\"Junio 2013\"><img src=\"http:\/\/spu.org.uy\/sitio\/wp-content\/uploads\/2014\/09\/TAPA__77_1-chica.jpg\" width=\"150\" alt=\"Junio 2013\" \/><\/a><\/div> <h3 class=\"page-list-ext-title\"><a href=\"http:\/\/spu.org.uy\/sitio\/?page_id=350\" title=\"Junio 2013\">Junio 2013<\/a><\/h3><div class=\"page-list-ext-item-content\">\r\nRevista de Psiquiatr\u00eda del Uruguay  \r\nVol.\u00a077 No. 1,\u00a0Junio 2013  \r\n \r\n \r\nIndice \r\nEditorial  \r\n\r\n\r\n\tEditorial\r\n Sandra Romano  \r\n \r\nRevisiones  \r\n\r\n\r\n\tRevisi\u00f3n cr\u00edtica de la propuesta del DSM?5: el \u00abs\u00edndrome de s\u00edntomas psic\u00f3ticos atenuados\u00bb \r\nHumbert...<\/div><\/div>\n<div class=\"page-list-ext-item\"><div class=\"page-list-ext-image\"><a href=\"http:\/\/spu.org.uy\/sitio\/?page_id=347\" title=\"Setiembre 2012\"><img src=\"http:\/\/spu.org.uy\/sitio\/wp-content\/uploads\/2014\/09\/TAPA_REVISTA_76_1_chica.gif\" width=\"150\" alt=\"Setiembre 2012\" \/><\/a><\/div> <h3 class=\"page-list-ext-title\"><a href=\"http:\/\/spu.org.uy\/sitio\/?page_id=347\" title=\"Setiembre 2012\">Setiembre 2012<\/a><\/h3><div class=\"page-list-ext-item-content\">Revista de Psiquiatr\u00eda del Uruguay  \r\nVol.\u00a076 No. 1 \r\n Setiembre 2012  \r\n&nbsp;\r\nIndice \r\nEditorial  \r\n\r\n\r\n\tEditorial\r\n Sandra Romano  \r\n \r\nTrabajos originales  \r\n\r\n\r\n\tImplicancias de la medici\u00f3n del intervalo QTc como estudio de rutina en la pr\u00e1ctica psi...<\/div><\/div>\n\n<\/div><\/span><\/p>\n","protected":false},"excerpt":{"rendered":"<p>\u00a0<\/p>\n","protected":false},"author":1,"featured_media":0,"parent":47,"menu_order":11,"comment_status":"closed","ping_status":"closed","template":"","meta":[],"_links":{"self":[{"href":"http:\/\/spu.org.uy\/sitio\/index.php?rest_route=\/wp\/v2\/pages\/284"}],"collection":[{"href":"http:\/\/spu.org.uy\/sitio\/index.php?rest_route=\/wp\/v2\/pages"}],"about":[{"href":"http:\/\/spu.org.uy\/sitio\/index.php?rest_route=\/wp\/v2\/types\/page"}],"author":[{"embeddable":true,"href":"http:\/\/spu.org.uy\/sitio\/index.php?rest_route=\/wp\/v2\/users\/1"}],"replies":[{"embeddable":true,"href":"http:\/\/spu.org.uy\/sitio\/index.php?rest_route=%2Fwp%2Fv2%2Fcomments&post=284"}],"version-history":[{"count":2,"href":"http:\/\/spu.org.uy\/sitio\/index.php?rest_route=\/wp\/v2\/pages\/284\/revisions"}],"predecessor-version":[{"id":286,"href":"http:\/\/spu.org.uy\/sitio\/index.php?rest_route=\/wp\/v2\/pages\/284\/revisions\/286"}],"up":[{"embeddable":true,"href":"http:\/\/spu.org.uy\/sitio\/index.php?rest_route=\/wp\/v2\/pages\/47"}],"wp:attachment":[{"href":"http:\/\/spu.org.uy\/sitio\/index.php?rest_route=%2Fwp%2Fv2%2Fmedia&parent=284"}],"curies":[{"name":"wp","href":"https:\/\/api.w.org\/{rel}","templated":true}]}}