{"id":288,"date":"2014-09-18T18:31:10","date_gmt":"2014-09-18T18:31:10","guid":{"rendered":"http:\/\/spu.org.uy\/sitio\/?page_id=288"},"modified":"2014-11-26T17:20:11","modified_gmt":"2014-11-26T17:20:11","slug":"julio-2004","status":"publish","type":"page","link":"http:\/\/spu.org.uy\/sitio\/?page_id=288","title":{"rendered":"Julio 2004"},"content":{"rendered":"<div style=\"font-weight: normal; color: #000000;\" align=\"center\">\n<h5 style=\"text-align: left;\"><span style=\"color: #3366ff;\">Revista de Psiquiatr\u00eda del Uruguay<\/span><\/h5>\n<h5 style=\"text-align: left;\"><span style=\"color: #3366ff;\">Vol.\u00a068 No. 1,\u00a0Julio 2004<\/span><\/h5>\n<\/div>\n<h5 style=\"text-align: left;\"><\/h5>\n<h5 style=\"text-align: left; padding-left: 30px;\">Indice<\/h5>\n<h5 style=\"text-align: left; padding-left: 30px;\"><\/h5>\n<p style=\"font-weight: normal; color: #000000; padding-left: 30px;\"><b>Editorial<\/b><\/p>\n<ul style=\"font-weight: normal; color: #000000; padding-left: 30px;\">\n<li><a href=\"http:\/\/www.spu.org.uy\/revista\/jun2004\/01_editorial.pdf\">Una Revista antigua y actualizada<\/a><br \/>\n<i>El Cuerpo de Redacci\u00f3n\u00a0<\/i><\/li>\n<\/ul>\n<p style=\"font-weight: normal; color: #000000; padding-left: 30px;\"><b>Pautas de tratamiento<\/b><\/p>\n<ul style=\"font-weight: normal; color: #000000; padding-left: 30px;\">\n<li><a href=\"http:\/\/www.spu.org.uy\/revista\/jun2004\/02_pautas.pdf\">Electroconvulsoterapia: fundamentos y pautas de utilizaci\u00f3n<\/a><br \/>\n<i>Dres. Humberto Casarotti, Jos\u00e9 Otegui, Gabriel Savi, Pedro Zurmendi, Eduardo Galeano, Ariel Gold<\/i><\/li>\n<\/ul>\n<p style=\"font-weight: normal; color: #000000; padding-left: 30px;\"><b>Monograf\u00edas<\/b><\/p>\n<ul style=\"font-weight: normal; color: #000000; padding-left: 30px;\">\n<li><a href=\"http:\/\/www.spu.org.uy\/revista\/jun2004\/03_monografias.pdf\">Consideraciones psicodin\u00e1micas en la pr\u00e1ctica cl\u00ednica psiqui\u00e1trica<\/a><br \/>\n<i>Dres. Marcelo Fridlenderis, Alejandra Levy<\/i><\/li>\n<\/ul>\n<p style=\"font-weight: normal; color: #000000; padding-left: 30px;\"><b>Aspectos de salud mental<\/b><\/p>\n<ul style=\"font-weight: normal; color: #000000; padding-left: 30px;\">\n<li><a href=\"http:\/\/www.spu.org.uy\/revista\/jun2004\/04_asp_salud_mental.pdf\">La psiquiatr\u00eda y la privaci\u00f3n de libertad<\/a><br \/>\n<i>Henri Ey<\/i><\/li>\n<\/ul>\n<p style=\"font-weight: normal; color: #000000; padding-left: 30px;\"><b>Ateneo cl\u00ednico<\/b><\/p>\n<ul style=\"font-weight: normal; color: #000000; padding-left: 30px;\">\n<li><a href=\"http:\/\/www.spu.org.uy\/revista\/jun2004\/05_ateneo.pdf\">Alternativas terap\u00e9uticas en un paciente con hebefrenocataton\u00eda<\/a><br \/>\n<i>Dres. Sandra Romano, Patricia Labraga, Marcelo Fridlenderis, Alicia Coirolo, Gabriela L\u00f3pez Mesa<\/i><\/li>\n<\/ul>\n<p style=\"font-weight: normal; color: #000000; padding-left: 30px;\"><b>Educaci\u00f3n m\u00e9dica continua<\/b><\/p>\n<ul style=\"font-weight: normal; color: #000000; padding-left: 30px;\">\n<li><a href=\"http:\/\/www.spu.org.uy\/revista\/jun2004\/06_ed_med.pdf\">Salud mental de la mujer. S\u00edntomas y trastornos premenstruales. Cl\u00ednica y tratamiento<\/a><br \/>\n<i>Dra. Stella Bocchino<\/i><\/li>\n<\/ul>\n","protected":false},"excerpt":{"rendered":"<p>Revista de Psiquiatr\u00eda del Uruguay Vol.\u00a068 No. 1,\u00a0Julio 2004 Indice Editorial Una Revista antigua y actualizada El Cuerpo de Redacci\u00f3n\u00a0 Pautas de tratamiento Electroconvulsoterapia: fundamentos y pautas de utilizaci\u00f3n Dres. Humberto Casarotti, Jos\u00e9 Otegui, Gabriel Savi, Pedro Zurmendi, Eduardo Galeano,&hellip; <\/p>\n","protected":false},"author":1,"featured_media":289,"parent":279,"menu_order":8,"comment_status":"closed","ping_status":"open","template":"","meta":[],"_links":{"self":[{"href":"http:\/\/spu.org.uy\/sitio\/index.php?rest_route=\/wp\/v2\/pages\/288"}],"collection":[{"href":"http:\/\/spu.org.uy\/sitio\/index.php?rest_route=\/wp\/v2\/pages"}],"about":[{"href":"http:\/\/spu.org.uy\/sitio\/index.php?rest_route=\/wp\/v2\/types\/page"}],"author":[{"embeddable":true,"href":"http:\/\/spu.org.uy\/sitio\/index.php?rest_route=\/wp\/v2\/users\/1"}],"replies":[{"embeddable":true,"href":"http:\/\/spu.org.uy\/sitio\/index.php?rest_route=%2Fwp%2Fv2%2Fcomments&post=288"}],"version-history":[{"count":6,"href":"http:\/\/spu.org.uy\/sitio\/index.php?rest_route=\/wp\/v2\/pages\/288\/revisions"}],"predecessor-version":[{"id":295,"href":"http:\/\/spu.org.uy\/sitio\/index.php?rest_route=\/wp\/v2\/pages\/288\/revisions\/295"}],"up":[{"embeddable":true,"href":"http:\/\/spu.org.uy\/sitio\/index.php?rest_route=\/wp\/v2\/pages\/279"}],"wp:featuredmedia":[{"embeddable":true,"href":"http:\/\/spu.org.uy\/sitio\/index.php?rest_route=\/wp\/v2\/media\/289"}],"wp:attachment":[{"href":"http:\/\/spu.org.uy\/sitio\/index.php?rest_route=%2Fwp%2Fv2%2Fmedia&parent=288"}],"curies":[{"name":"wp","href":"https:\/\/api.w.org\/{rel}","templated":true}]}}