{"id":296,"date":"2014-09-18T21:41:28","date_gmt":"2014-09-18T21:41:28","guid":{"rendered":"http:\/\/spu.org.uy\/sitio\/?page_id=296"},"modified":"2014-11-26T17:20:11","modified_gmt":"2014-11-26T17:20:11","slug":"diciembre-2004","status":"publish","type":"page","link":"http:\/\/spu.org.uy\/sitio\/?page_id=296","title":{"rendered":"Diciembre 2004"},"content":{"rendered":"<h5 style=\"color: #000000; text-align: left;\" align=\"center\"><span style=\"color: #3366ff;\">Revista de Psiquiatr\u00eda del Uruguay<\/span><\/h5>\n<h5 style=\"color: #000000; text-align: left;\" align=\"center\"><span style=\"color: #3366ff;\">Vol.\u00a068 No. 2,\u00a0<\/span><span style=\"color: #3366ff;\">Diciembre 2004<\/span><\/h5>\n<p>&nbsp;<\/p>\n<h4 style=\"padding-left: 30px;\">Indice<\/h4>\n<ul style=\"color: #000000; padding-left: 30px;\">\n<li><a href=\"http:\/\/www.spu.org.uy\/revista\/dic2004\/01_editorial.pdf\">Editorial<\/a><br \/>\n<i>Dr. Federico Dajas<\/i><\/li>\n<\/ul>\n<p style=\"color: #000000; padding-left: 30px;\"><b>Pautas de tratamiento<\/b><\/p>\n<ul style=\"color: #000000; padding-left: 30px;\">\n<li><a href=\"http:\/\/www.spu.org.uy\/revista\/dic2004\/02_guia.pdf\">Gu\u00eda cl\u00ednica para la psicoterapia<\/a><br \/>\n<i>Dr. Ricardo Bernardi, Lic. Denise Defey, Alejandro Garbarino, Dres. Juan Carlos Tutt\u00e9, Luis Villalba<\/i><\/li>\n<\/ul>\n<p style=\"color: #000000; padding-left: 30px;\"><b>Trabajos originales<\/b><\/p>\n<ul style=\"color: #000000; padding-left: 30px;\">\n<li><a href=\"http:\/\/www.spu.org.uy\/revista\/dic2004\/03_estudio.pdf\">Estudio sobre suicidios consumados. Poblaci\u00f3n usuaria del Hospital Vilardeb\u00f3<\/a><br \/>\n<i>Dres. Beatriz Pasturino, Virginia Vallarino, Myriam Lima<\/i><\/li>\n<li><a href=\"http:\/\/www.spu.org.uy\/revista\/dic2004\/04_experiencia.pdf\">Experiencia de asistencia a treinta y seis pacientes con diagn\u00f3stico de bipolaridad de inicio precoz<br \/>\n<\/a><i>Dra. Raquel Zamora<\/i><\/li>\n<\/ul>\n<p style=\"color: #000000; padding-left: 30px;\"><b>Aspectos de salud mental<\/b><\/p>\n<ul style=\"color: #000000; padding-left: 30px;\">\n<li><a href=\"http:\/\/www.spu.org.uy\/revista\/dic2004\/05_reflexiones.pdf\">Reflexiones sobre responsabilidad m\u00e9dica en Psiquiatr\u00eda<\/a><br \/>\n<i>Dr. Humberto Casarotti<\/i><\/li>\n<li><a href=\"http:\/\/www.spu.org.uy\/revista\/dic2004\/06_servicio.pdf\">Servicio de Emergencia del Hospital Vilardeb\u00f3<\/a><br \/>\n<i>Dr. Ricardo Acu\u00f1a\u00a0<\/i><\/li>\n<\/ul>\n","protected":false},"excerpt":{"rendered":"<p>Revista de Psiquiatr\u00eda del Uruguay Vol.\u00a068 No. 2,\u00a0Diciembre 2004 &nbsp; Indice Editorial Dr. Federico Dajas Pautas de tratamiento Gu\u00eda cl\u00ednica para la psicoterapia Dr. Ricardo Bernardi, Lic. Denise Defey, Alejandro Garbarino, Dres. Juan Carlos Tutt\u00e9, Luis Villalba Trabajos originales Estudio&hellip; <\/p>\n","protected":false},"author":1,"featured_media":297,"parent":279,"menu_order":7,"comment_status":"closed","ping_status":"open","template":"","meta":[],"_links":{"self":[{"href":"http:\/\/spu.org.uy\/sitio\/index.php?rest_route=\/wp\/v2\/pages\/296"}],"collection":[{"href":"http:\/\/spu.org.uy\/sitio\/index.php?rest_route=\/wp\/v2\/pages"}],"about":[{"href":"http:\/\/spu.org.uy\/sitio\/index.php?rest_route=\/wp\/v2\/types\/page"}],"author":[{"embeddable":true,"href":"http:\/\/spu.org.uy\/sitio\/index.php?rest_route=\/wp\/v2\/users\/1"}],"replies":[{"embeddable":true,"href":"http:\/\/spu.org.uy\/sitio\/index.php?rest_route=%2Fwp%2Fv2%2Fcomments&post=296"}],"version-history":[{"count":3,"href":"http:\/\/spu.org.uy\/sitio\/index.php?rest_route=\/wp\/v2\/pages\/296\/revisions"}],"predecessor-version":[{"id":306,"href":"http:\/\/spu.org.uy\/sitio\/index.php?rest_route=\/wp\/v2\/pages\/296\/revisions\/306"}],"up":[{"embeddable":true,"href":"http:\/\/spu.org.uy\/sitio\/index.php?rest_route=\/wp\/v2\/pages\/279"}],"wp:featuredmedia":[{"embeddable":true,"href":"http:\/\/spu.org.uy\/sitio\/index.php?rest_route=\/wp\/v2\/media\/297"}],"wp:attachment":[{"href":"http:\/\/spu.org.uy\/sitio\/index.php?rest_route=%2Fwp%2Fv2%2Fmedia&parent=296"}],"curies":[{"name":"wp","href":"https:\/\/api.w.org\/{rel}","templated":true}]}}