{"id":299,"date":"2014-09-18T21:47:18","date_gmt":"2014-09-18T21:47:18","guid":{"rendered":"http:\/\/spu.org.uy\/sitio\/?page_id=299"},"modified":"2014-11-26T17:20:11","modified_gmt":"2014-11-26T17:20:11","slug":"julio-2005","status":"publish","type":"page","link":"http:\/\/spu.org.uy\/sitio\/?page_id=299","title":{"rendered":"Julio 2005"},"content":{"rendered":"<div style=\"color: #000000;\" align=\"center\">\n<h5 style=\"text-align: left;\"><span style=\"color: #3366ff;\">Revista de Psiquiatr\u00eda del Uruguay<\/span><\/h5>\n<h5 style=\"text-align: left;\"><span style=\"color: #3366ff;\">Vol.\u00a069 No. 1,\u00a0<\/span><span style=\"color: #3366ff;\">Julio 2005<\/span><\/h5>\n<p>&nbsp;<\/p>\n<\/div>\n<h4 style=\"padding-left: 30px;\">Indice<\/h4>\n<p style=\"color: #000000; padding-left: 30px;\"><b>Editorial<\/b><\/p>\n<ul style=\"color: #000000; padding-left: 30px;\">\n<li><a href=\"http:\/\/www.spu.org.uy\/revista\/jun2005\/00_editorial.pdf\">Nuestra Revista de Psiquiatr\u00eda y la Salud Mental<\/a><br \/>\n<i>Dra. Margarita Arduino<\/i><\/li>\n<\/ul>\n<p style=\"color: #000000; padding-left: 30px;\"><b>Foro de discusi\u00f3n<\/b><\/p>\n<ul style=\"color: #000000; padding-left: 30px;\">\n<li><a href=\"http:\/\/www.spu.org.uy\/revista\/jun2005\/01_foro_01.pdf\">La gu\u00eda cl\u00ednica en la psicoterapia<\/a><br \/>\n<i>Dr. Juan C. Rey<\/i><\/li>\n<li><a href=\"http:\/\/www.spu.org.uy\/revista\/jun2005\/01_foro_02.pdf\">Mente y cerebro: Las bases neurales de la acci\u00f3n de las terapias en psiquiatr\u00eda vistas desde la neurociencia<\/a><br \/>\n<i>Dr. Federico Dajas<\/i><\/li>\n<li><a href=\"http:\/\/www.spu.org.uy\/revista\/jun2005\/01_foro_03.pdf\">Torre de Babel<br \/>\n<\/a><i>Lic. Laura Romero<\/i><\/li>\n<li><a href=\"http:\/\/www.spu.org.uy\/revista\/jun2005\/01_foro_04.pdf\">Comentarios y reflexiones sobre el trabajo \u201cGu\u00eda cl\u00ednica para la psicoterapia \u201d, desde la perspectiva de una psicoterapeuta cognitivo-conductual<\/a><br \/>\n<i>Lic. Mar\u00eda Esther Lagos<\/i><\/li>\n<li><a href=\"http:\/\/www.spu.org.uy\/revista\/jun2005\/01_foro_05.pdf\">Comentarios al trabajo \u201cGu\u00eda cl\u00ednica para la psicoterapia \u201d<\/a><br \/>\n<i>Dr. Yubarandt Bespali<\/i><\/li>\n<li><a href=\"http:\/\/www.spu.org.uy\/revista\/jun2005\/01_foro_06.pdf\">Psicoterapia en el Programa Nacional de Salud Mental. Hacia el sistema integrado de salud<\/a><br \/>\n<i>Dr. \u00c1ngel M.Gin\u00e9s<\/i><\/li>\n<li><a href=\"http:\/\/www.spu.org.uy\/revista\/jun2005\/01_foro_07.pdf\">Las gu\u00edas cl\u00ednicas en la pr\u00e1ctica m\u00e9dica<\/a><br \/>\n<i>Jos\u00e9 D\u00edaz Rossello<\/i><\/li>\n<li><a href=\"http:\/\/www.spu.org.uy\/revista\/jun2005\/01_foro_08.pdf\">Respuesta a los comentarios<br \/>\n<\/a><i>Dr. Ricardo Bernardi, Lics. Denise Defey, Alejandro Garbarino, Dres. Juan Carlos Tutt\u00e9, Luis Villalba<\/i><\/li>\n<\/ul>\n<p style=\"color: #000000; padding-left: 30px;\"><b>Trabajo original<\/b><\/p>\n<ul style=\"color: #000000; padding-left: 30px;\">\n<li><a href=\"http:\/\/www.spu.org.uy\/revista\/jun2005\/02_tr_orig.pdf\">Homicidios en la Colonia Bernardo Etchepare<\/a><br \/>\n<i>Dres. Freddy Cardozo, Pablo Fielitz<\/i><\/li>\n<\/ul>\n<p style=\"color: #000000; padding-left: 30px;\"><b>Ateneo Cl\u00ednico<\/b><\/p>\n<ul style=\"color: #000000; padding-left: 30px;\">\n<li><a href=\"http:\/\/www.spu.org.uy\/revista\/jun2005\/03_ateneo.pdf\">IX Ateneo cl\u00ednico de la Revista de Psiquiatr\u00eda del Ururguay<\/a><br \/>\n<i>Dra. Carina Ricciardi<\/i><\/li>\n<\/ul>\n<p style=\"color: #000000; padding-left: 30px;\"><b>Educaci\u00f3n m\u00e9dica continua<\/b><\/p>\n<ul style=\"color: #000000; padding-left: 30px;\">\n<li><a href=\"http:\/\/www.spu.org.uy\/revista\/jun2005\/04_edm_01.pdf\">Trastornos cognitivos en la esquizofrenia<\/a><\/li>\n<li><a href=\"http:\/\/www.spu.org.uy\/revista\/jun2005\/04_edm_02.pdf\">I. Estudios cognitivos en pacientes esquizofr\u00e9nicos: puesta al d\u00eda<\/a><br \/>\n<i>Dr. Vicente Pardo<\/i><\/li>\n<li><a href=\"http:\/\/www.spu.org.uy\/revista\/jun2005\/04_edm_03.pdf\">II.Cr\u00edtica de la aproximaci\u00f3n neurocognitiva al estudio de la esquizofrenia<\/a><br \/>\n<i>Dr. Humberto Casarotti<\/i><\/li>\n<li><a href=\"http:\/\/www.spu.org.uy\/revista\/jun2005\/04_edm_04.pdf\">Trastornos facticios<br \/>\n<\/a><i>Dra. Stella Bocchino<\/i><\/li>\n<\/ul>\n","protected":false},"excerpt":{"rendered":"<p>Revista de Psiquiatr\u00eda del Uruguay Vol.\u00a069 No. 1,\u00a0Julio 2005 &nbsp; Indice Editorial Nuestra Revista de Psiquiatr\u00eda y la Salud Mental Dra. Margarita Arduino Foro de discusi\u00f3n La gu\u00eda cl\u00ednica en la psicoterapia Dr. Juan C. Rey Mente y cerebro: Las&hellip; <\/p>\n","protected":false},"author":1,"featured_media":300,"parent":279,"menu_order":6,"comment_status":"closed","ping_status":"open","template":"","meta":[],"_links":{"self":[{"href":"http:\/\/spu.org.uy\/sitio\/index.php?rest_route=\/wp\/v2\/pages\/299"}],"collection":[{"href":"http:\/\/spu.org.uy\/sitio\/index.php?rest_route=\/wp\/v2\/pages"}],"about":[{"href":"http:\/\/spu.org.uy\/sitio\/index.php?rest_route=\/wp\/v2\/types\/page"}],"author":[{"embeddable":true,"href":"http:\/\/spu.org.uy\/sitio\/index.php?rest_route=\/wp\/v2\/users\/1"}],"replies":[{"embeddable":true,"href":"http:\/\/spu.org.uy\/sitio\/index.php?rest_route=%2Fwp%2Fv2%2Fcomments&post=299"}],"version-history":[{"count":4,"href":"http:\/\/spu.org.uy\/sitio\/index.php?rest_route=\/wp\/v2\/pages\/299\/revisions"}],"predecessor-version":[{"id":305,"href":"http:\/\/spu.org.uy\/sitio\/index.php?rest_route=\/wp\/v2\/pages\/299\/revisions\/305"}],"up":[{"embeddable":true,"href":"http:\/\/spu.org.uy\/sitio\/index.php?rest_route=\/wp\/v2\/pages\/279"}],"wp:featuredmedia":[{"embeddable":true,"href":"http:\/\/spu.org.uy\/sitio\/index.php?rest_route=\/wp\/v2\/media\/300"}],"wp:attachment":[{"href":"http:\/\/spu.org.uy\/sitio\/index.php?rest_route=%2Fwp%2Fv2%2Fmedia&parent=299"}],"curies":[{"name":"wp","href":"https:\/\/api.w.org\/{rel}","templated":true}]}}