{"id":307,"date":"2014-09-18T22:10:21","date_gmt":"2014-09-18T22:10:21","guid":{"rendered":"http:\/\/spu.org.uy\/sitio\/?page_id=307"},"modified":"2014-11-26T17:20:11","modified_gmt":"2014-11-26T17:20:11","slug":"diciembre-2005","status":"publish","type":"page","link":"http:\/\/spu.org.uy\/sitio\/?page_id=307","title":{"rendered":"Diciembre 2005"},"content":{"rendered":"<h5 style=\"color: #000000; text-align: left;\" align=\"center\"><span style=\"color: #3366ff;\">Revista de Psiquiatr\u00eda del Uruguay<\/span><\/h5>\n<h5><span style=\"color: #3366ff;\">Vol.\u00a069 No. 2,\u00a0Diciembre 2005<\/span><\/h5>\n<p>&nbsp;<\/p>\n<h5 style=\"padding-left: 30px;\">Indice<\/h5>\n<p style=\"color: #000000; padding-left: 30px;\"><b>Editorial<\/b><\/p>\n<ul style=\"color: #000000; padding-left: 30px;\">\n<li><span style=\"font-size: medium;\"><span style=\"font-family: CenturySchoolbookBT-Italic;\"><a href=\"http:\/\/www.spu.org.uy\/revista\/dic2005\/01_editorial.pdf\">Nuestros 70 a\u00f1os de publicaci\u00f3n y las revistas de<\/a><\/span><a href=\"http:\/\/www.spu.org.uy\/revista\/dic2005\/01_editorial.pdf\">\u00a0<span style=\"font-family: CenturySchoolbookBT-Italic;\">&#8220;libre acceso&#8221;<\/span><\/a><\/span><br \/>\n<i>Dra. Yubarandt Bespali<br \/>\n<\/i><\/li>\n<\/ul>\n<p style=\"color: #000000; padding-left: 30px;\"><b>Trabajos originales<\/b><\/p>\n<ul style=\"color: #000000; padding-left: 30px;\">\n<li><a href=\"http:\/\/www.spu.org.uy\/revista\/dic2005\/02_t_original.pdf\">Descripci\u00f3n y evaluaci\u00f3n de un programa de rehabilitaci\u00f3n laboral<br \/>\npara personas con trastorno mental grave y persistente<br \/>\nSeguimiento de dos a\u00f1os y medio.<\/a><br \/>\n<i>Dr. Vicente Pardo, Lic. Ren\u00e9e del Castillo, Mariana Blanco, Mariela Etchart<\/i><\/li>\n<\/ul>\n<p style=\"color: #000000; padding-left: 30px;\"><b>Aspectos de salud mental<\/b><\/p>\n<ul style=\"color: #000000; padding-left: 30px;\">\n<li><a href=\"http:\/\/www.spu.org.uy\/revista\/dic2005\/03_1_asm.pdf\">El plan de salud mental: veinte a\u00f1os despu\u00e9s. Evoluci\u00f3n, perspectivas y prioridades<\/a><br \/>\n<i>Dres. \u00c1ngel Gin\u00e9s, Horacio Porci\u00fancula, Margarita Arduino<\/i><\/li>\n<li><a href=\"http:\/\/www.spu.org.uy\/revista\/dic2005\/03_2_asm.pdf\">El plan de salud mental: veinte a\u00f1os despu\u00e9s.<br \/>\nEvoluci\u00f3n, perspectivas y prioridades<br \/>\nReflexiones a 20 a\u00f1os de aprobado el Programa Nacional e Salud Mental<br \/>\n<\/a><i>Dr. Ariel Montalb\u00e1n<\/i><\/li>\n<li><a href=\"http:\/\/www.spu.org.uy\/revista\/dic2005\/03_3_asm.pdf\">Salud Mental en la emergencia social en el nuevo modelo asistencial<br \/>\nDocumento Program\u00e1tico de la Comisi\u00f3n Asesora T\u00e9cnica Permanente del Programa Nacional de Salud Mental<\/a><br \/>\n<i>Programa Nacional de Salud Mental. Direcci\u00f3n General de la Salud. Ministerio de Salud P\u00fablica<\/i><\/li>\n<\/ul>\n<p style=\"color: #000000; padding-left: 30px;\"><b>Historias cl\u00ednicas<\/b><\/p>\n<ul style=\"color: #000000; padding-left: 30px;\">\n<li><a href=\"http:\/\/www.spu.org.uy\/revista\/dic2005\/04_h_clinica.pdf\">Historia cl\u00ednica comentada<\/a><br \/>\n<i>Dra. Patricia Labraga, Asist. Alba Pastorini<\/i><\/li>\n<\/ul>\n<p style=\"color: #000000; padding-left: 30px;\"><b>Educaci\u00f3n m\u00e9dica continua<\/b><\/p>\n<ul style=\"color: #000000; padding-left: 30px;\">\n<li><a href=\"http:\/\/www.spu.org.uy\/revista\/dic2005\/05_ed_med.pdf\">El rol del psiquiatra en demencias<\/a><br \/>\n<i>Dr. Humberto Casarotti<\/i><\/li>\n<\/ul>\n<p style=\"color: #000000; padding-left: 30px;\"><b>Comentario bibliogr\u00e1fico<\/b><\/p>\n<ul style=\"color: #000000; padding-left: 30px;\">\n<li><a href=\"http:\/\/www.spu.org.uy\/revista\/dic2005\/06_com_bib.pdf\">A prop\u00f3sito de: Ronald C. Petersen (ed): Mild cognitive impairment (aging to Alzheimer&#8217;s disease)<\/a><br \/>\n<i>Dr. Humberto Casarotti, Gonzalo Vali\u00f1o<\/i><\/li>\n<\/ul>\n<ul style=\"color: #000000; padding-left: 30px;\">\n<li><a href=\"http:\/\/www.spu.org.uy\/revista\/dic2005\/07_ind_aut.pdf\">\u00cdndice de autores<\/a><\/li>\n<\/ul>\n","protected":false},"excerpt":{"rendered":"<p>Revista de Psiquiatr\u00eda del Uruguay Vol.\u00a069 No. 2,\u00a0Diciembre 2005 &nbsp; Indice Editorial Nuestros 70 a\u00f1os de publicaci\u00f3n y las revistas de\u00a0&#8220;libre acceso&#8221; Dra. Yubarandt Bespali Trabajos originales Descripci\u00f3n y evaluaci\u00f3n de un programa de rehabilitaci\u00f3n laboral para personas con trastorno&hellip; <\/p>\n","protected":false},"author":1,"featured_media":308,"parent":279,"menu_order":5,"comment_status":"closed","ping_status":"open","template":"","meta":[],"_links":{"self":[{"href":"http:\/\/spu.org.uy\/sitio\/index.php?rest_route=\/wp\/v2\/pages\/307"}],"collection":[{"href":"http:\/\/spu.org.uy\/sitio\/index.php?rest_route=\/wp\/v2\/pages"}],"about":[{"href":"http:\/\/spu.org.uy\/sitio\/index.php?rest_route=\/wp\/v2\/types\/page"}],"author":[{"embeddable":true,"href":"http:\/\/spu.org.uy\/sitio\/index.php?rest_route=\/wp\/v2\/users\/1"}],"replies":[{"embeddable":true,"href":"http:\/\/spu.org.uy\/sitio\/index.php?rest_route=%2Fwp%2Fv2%2Fcomments&post=307"}],"version-history":[{"count":2,"href":"http:\/\/spu.org.uy\/sitio\/index.php?rest_route=\/wp\/v2\/pages\/307\/revisions"}],"predecessor-version":[{"id":550,"href":"http:\/\/spu.org.uy\/sitio\/index.php?rest_route=\/wp\/v2\/pages\/307\/revisions\/550"}],"up":[{"embeddable":true,"href":"http:\/\/spu.org.uy\/sitio\/index.php?rest_route=\/wp\/v2\/pages\/279"}],"wp:featuredmedia":[{"embeddable":true,"href":"http:\/\/spu.org.uy\/sitio\/index.php?rest_route=\/wp\/v2\/media\/308"}],"wp:attachment":[{"href":"http:\/\/spu.org.uy\/sitio\/index.php?rest_route=%2Fwp%2Fv2%2Fmedia&parent=307"}],"curies":[{"name":"wp","href":"https:\/\/api.w.org\/{rel}","templated":true}]}}