{"id":313,"date":"2014-09-18T22:16:42","date_gmt":"2014-09-18T22:16:42","guid":{"rendered":"http:\/\/spu.org.uy\/sitio\/?page_id=313"},"modified":"2014-11-26T17:20:11","modified_gmt":"2014-11-26T17:20:11","slug":"diciembre-2006","status":"publish","type":"page","link":"http:\/\/spu.org.uy\/sitio\/?page_id=313","title":{"rendered":"Diciembre 2006"},"content":{"rendered":"<div style=\"color: #000000;\" align=\"center\"><center><\/p>\n<h5 style=\"text-align: left;\"><span style=\"color: #3366ff;\">Revista de Psiquiatr\u00eda del Uruguay<\/span><\/h5>\n<h5 style=\"text-align: left;\"><span style=\"color: #3366ff;\">Vol.\u00a070 No. 2,\u00a0Diciembre 2006<\/span><\/h5>\n<p>&nbsp;<\/p>\n<p>&nbsp;<\/p>\n<p><\/center><\/div>\n<h5 style=\"color: #000000; text-align: left; padding-left: 30px;\" align=\"center\">Indice<\/h5>\n<p style=\"color: #000000; padding-left: 30px;\"><b>Editorial<\/b><\/p>\n<ul style=\"color: #000000; padding-left: 30px;\">\n<li><a href=\"http:\/\/www.spu.org.uy\/revista\/dic2006\/01_editorial.pdf\">La Revista de Psiquiatr\u00eda como el espacio que contribuya a formar una visi\u00f3n global de la enfermedad mental<\/a><br \/>\n<i>Dr. Federico Dajas<\/i><\/li>\n<\/ul>\n<p style=\"color: #000000; padding-left: 30px;\"><b>Trabajos originales<\/b><\/p>\n<ul style=\"color: #000000; padding-left: 30px;\">\n<li><a href=\"http:\/\/www.spu.org.uy\/revista\/dic2006\/02_to.pdf\">Trastornos siqui\u00e1tricos en usuarios de un refugio del Plan Invierno para adultos mayores<\/a><br \/>\n<i>Dra. Ver\u00f3nica Cardeillac<\/i><\/li>\n<\/ul>\n<p style=\"color: #000000; padding-left: 30px;\"><b>Conferencias<\/b><\/p>\n<ul style=\"color: #000000; padding-left: 30px;\">\n<li><a href=\"http:\/\/www.spu.org.uy\/revista\/dic2006\/02_conf.pdf\">La realidad de la histeria en la evoluci\u00f3n de la psiquiatr\u00eda<\/a><br \/>\n<i>Dr. Humberto Casarotti<\/i><\/li>\n<\/ul>\n<ul style=\"color: #000000; padding-left: 30px;\">\n<li><a href=\"http:\/\/www.spu.org.uy\/revista\/dic2006\/03_conf_2.pdf\">C\u00f3mo se construye el objeto \u201cla histeria \u201d para un psiquiatra y para un psicoanalista<br \/>\n<\/a><i>Dr. Marcelo Vi\u00f1ar<\/i><\/li>\n<\/ul>\n<p style=\"color: #000000; padding-left: 30px;\"><b>Ateneo cl\u00ednico<\/b><\/p>\n<ul style=\"color: #000000; padding-left: 30px;\">\n<li><a href=\"http:\/\/www.spu.org.uy\/revista\/dic2006\/04_ateneo.pdf\">Evoluci\u00f3n de un paciente portador de un trastorno del desarrollo<\/a><br \/>\n<i>Dres. Fabrizio Choca, Anal\u00eda Camiruaga, Horacio Porci\u00fancula, Gabriela Garrido, Laura Viola<\/i><\/li>\n<\/ul>\n<p style=\"color: #000000; padding-left: 30px;\"><b>Psiquiatr\u00eda pedi\u00e1trica<\/b><\/p>\n<ul style=\"color: #000000; padding-left: 30px;\">\n<li><a href=\"http:\/\/www.spu.org.uy\/revista\/dic2006\/05_ps_pediat.pdf\">Criterios actuales para la clasificaci\u00f3n de los trastornos profundos del desarrollo<\/a><br \/>\n<i>Dras. Gabriela Garrido, Laura Viola<\/i><\/li>\n<\/ul>\n<p style=\"color: #000000; padding-left: 30px;\"><b>Educaci\u00f3n m\u00e9dica continua<\/b><\/p>\n<ul style=\"color: #000000; padding-left: 30px;\">\n<li><a href=\"http:\/\/www.spu.org.uy\/revista\/dic2006\/06_emc_01.pdf\">Trastornos afectivos en el adulto mayor<\/a><br \/>\n<i>Dras. Rossana Lucero, Giannina Casali<\/i><\/li>\n<\/ul>\n<ul style=\"color: #000000; padding-left: 30px;\">\n<li><a href=\"http:\/\/www.spu.org.uy\/revista\/dic2006\/06_emc_02.pdf\">Bases psiconeuroend\u00f3crinas del dimorfismo sexual cerebral<\/a><br \/>\n<i>Dra. Stella Bocchino<\/i><\/li>\n<\/ul>\n<ul style=\"color: #000000; padding-left: 30px;\">\n<li><a href=\"http:\/\/www.spu.org.uy\/revista\/dic2006\/normas%20de%20aceptacion.pdf\">Normas de aceptaci\u00f3n de originales<\/a><\/li>\n<\/ul>\n","protected":false},"excerpt":{"rendered":"<p>Revista de Psiquiatr\u00eda del Uruguay Vol.\u00a070 No. 2,\u00a0Diciembre 2006 &nbsp; &nbsp; Indice Editorial La Revista de Psiquiatr\u00eda como el espacio que contribuya a formar una visi\u00f3n global de la enfermedad mental Dr. Federico Dajas Trabajos originales Trastornos siqui\u00e1tricos en usuarios&hellip; <\/p>\n","protected":false},"author":1,"featured_media":314,"parent":279,"menu_order":3,"comment_status":"closed","ping_status":"open","template":"","meta":[],"_links":{"self":[{"href":"http:\/\/spu.org.uy\/sitio\/index.php?rest_route=\/wp\/v2\/pages\/313"}],"collection":[{"href":"http:\/\/spu.org.uy\/sitio\/index.php?rest_route=\/wp\/v2\/pages"}],"about":[{"href":"http:\/\/spu.org.uy\/sitio\/index.php?rest_route=\/wp\/v2\/types\/page"}],"author":[{"embeddable":true,"href":"http:\/\/spu.org.uy\/sitio\/index.php?rest_route=\/wp\/v2\/users\/1"}],"replies":[{"embeddable":true,"href":"http:\/\/spu.org.uy\/sitio\/index.php?rest_route=%2Fwp%2Fv2%2Fcomments&post=313"}],"version-history":[{"count":2,"href":"http:\/\/spu.org.uy\/sitio\/index.php?rest_route=\/wp\/v2\/pages\/313\/revisions"}],"predecessor-version":[{"id":549,"href":"http:\/\/spu.org.uy\/sitio\/index.php?rest_route=\/wp\/v2\/pages\/313\/revisions\/549"}],"up":[{"embeddable":true,"href":"http:\/\/spu.org.uy\/sitio\/index.php?rest_route=\/wp\/v2\/pages\/279"}],"wp:featuredmedia":[{"embeddable":true,"href":"http:\/\/spu.org.uy\/sitio\/index.php?rest_route=\/wp\/v2\/media\/314"}],"wp:attachment":[{"href":"http:\/\/spu.org.uy\/sitio\/index.php?rest_route=%2Fwp%2Fv2%2Fmedia&parent=313"}],"curies":[{"name":"wp","href":"https:\/\/api.w.org\/{rel}","templated":true}]}}