{"id":32,"date":"2014-08-18T04:17:48","date_gmt":"2014-08-18T04:17:48","guid":{"rendered":"http:\/\/spu.org.uy\/sitio\/?page_id=32"},"modified":"2024-02-02T17:47:02","modified_gmt":"2024-02-02T17:47:02","slug":"autoridades","status":"publish","type":"page","link":"http:\/\/spu.org.uy\/sitio\/?page_id=32","title":{"rendered":"Autoridades"},"content":{"rendered":"<div id=\"padding\">\n<h4 class=\"style19\">Comisi\u00f3n Directiva (per\u00edodo 2023-2025)<\/h4>\n<div align=\"center\">\u00a0<\/div>\n<\/div>\n<table border=\"0\" width=\"80%\" cellpadding=\"4\">\n<tbody>\n<tr>\n<td width=\"22%\" height=\"15\"><strong>Presidente<\/strong><\/td>\n<td class=\"auto1\" width=\"78%\" height=\"15\">Dr. Artigas Pouy<\/td>\n<\/tr>\n<tr>\n<td width=\"22%\" height=\"15\"><strong>Vicepresidente<\/strong><\/td>\n<td class=\"auto1\" width=\"78%\" height=\"15\">Dra. Sandra Romano<\/td>\n<\/tr>\n<tr>\n<td width=\"22%\" height=\"15\"><strong>Secretaria<\/strong><\/td>\n<td class=\"auto1\" width=\"78%\" height=\"15\">Dra. Cecilia Idiarte Borda<\/td>\n<\/tr>\n<tr>\n<td width=\"22%\" height=\"15\"><strong>Tesorero<\/strong><\/td>\n<td class=\"auto1\" width=\"78%\" height=\"15\">Dr. Adri\u00e1n Curbelo<\/td>\n<\/tr>\n<tr>\n<td width=\"22%\" height=\"15\"><strong>Vocales<\/strong><\/td>\n<td class=\"auto1\" width=\"78%\" height=\"15\">Dra. Rosa Ortiz<\/td>\n<\/tr>\n<tr>\n<td width=\"22%\" height=\"15\">\u00a0<\/td>\n<td class=\"auto1\" width=\"78%\" height=\"15\">Dra. Vanessa Chappe<\/td>\n<\/tr>\n<tr>\n<td width=\"22%\" height=\"15\">\u00a0<\/td>\n<td class=\"auto1\" width=\"78%\" height=\"15\">Dra. Estefan\u00eda Galli<\/td>\n<\/tr>\n<\/tbody>\n<\/table>\n<h4 class=\"style19\">Comisi\u00f3n Fiscal (per\u00edodo 2023-2025)<\/h4>\n<table border=\"0\" width=\"80%\" cellpadding=\"4\">\n<tbody>\n<tr>\n<td width=\"22%\"><strong>Presidente<\/strong><\/td>\n<td class=\"auto1\" width=\"78%\">Dr. Luis Villalba<\/td>\n<\/tr>\n<tr>\n<td width=\"22%\" height=\"15\"><strong>Vocal<\/strong><\/td>\n<td class=\"auto1\" width=\"78%\" height=\"15\">Dr. Ramiro Almada<\/td>\n<\/tr>\n<tr>\n<td width=\"22%\" height=\"15\"><strong>Vocal<\/strong><\/td>\n<td class=\"auto1\" width=\"78%\" height=\"15\">Dra. Carolina Caffarelli<\/td>\n<\/tr>\n<\/tbody>\n<\/table>\n<h4 class=\"style19\">Autoridades anteriores<\/h4>\n<table border=\"0\" width=\"80%\" cellpadding=\"4\">\n<tbody>\n<tr>\n<td>\u00a0<\/td>\n<td class=\"auto1\">\u00a0<\/td>\n<\/tr>\n<tr>\n<td><strong>Presidente (2021-2023)<\/strong><\/td>\n<td class=\"auto1\">Dr. Artigas Pouy<\/td>\n<\/tr>\n<tr>\n<td><strong>Presidente (2019-2021)<\/strong><\/td>\n<td class=\"auto1\">Dr. Luis Villalba<\/td>\n<\/tr>\n<tr>\n<td width=\"23%\"><strong>Presidente (2017-2019)<\/strong><\/td>\n<td class=\"auto1\" width=\"77%\">Dr. Rafael Sibils<\/td>\n<\/tr>\n<tr>\n<td width=\"23%\"><strong>Presidente (2015-2017)<\/strong><\/td>\n<td class=\"auto1\" width=\"77%\">Dr. Rafael Sibils<\/td>\n<\/tr>\n<tr>\n<td width=\"23%\"><strong>Presidente (2013-2015)<\/strong><\/td>\n<td class=\"auto1\" width=\"77%\">Dra. Cecilia Idiarte Borda<\/td>\n<\/tr>\n<tr>\n<td width=\"23%\"><strong>Presidente (2011-2013)<\/strong><\/td>\n<td class=\"auto1\" width=\"77%\">Dra.\u00a0Cecilia Idiarte Borda<\/td>\n<\/tr>\n<tr>\n<td width=\"23%\"><strong>Presidente (2009-2011)<\/strong><\/td>\n<td class=\"auto1\" width=\"77%\">Dr. Vicente Pardo<\/td>\n<\/tr>\n<tr>\n<td width=\"23%\"><strong>Presidente (2007-2009)<\/strong><\/td>\n<td class=\"auto1\" width=\"77%\">Dr. Vicente Pardo<\/td>\n<\/tr>\n<tr>\n<td width=\"23%\"><strong>Presidente (2005-2007)<\/strong><\/td>\n<td class=\"auto1\" width=\"77%\">Dr. Luis Puerto<\/td>\n<\/tr>\n<tr>\n<td width=\"23%\"><strong>Presidente (2003-2005)<\/strong><\/td>\n<td class=\"auto1\" width=\"77%\">Dr.\u00a0\u00c1ngel Valmaggia<\/td>\n<\/tr>\n<\/tbody>\n<\/table>\n<h4 class=\"style19\"><span style=\"color: #800040; font-size: large;\"><strong><br \/><\/strong><\/span>Equipo de Redacci\u00f3n de la Revista<\/h4>\n<table border=\"0\" width=\"80%\" cellpadding=\"4\">\n<tbody>\n<tr>\n<td valign=\"top\" width=\"24%\" height=\"35\">Redactora responsable<\/td>\n<td class=\"auto1\" valign=\"top\" width=\"76%\" height=\"35\">Dra. Sandra Romano<\/td>\n<\/tr>\n<tr>\n<td valign=\"top\" height=\"96\">Integrantes<\/td>\n<td class=\"auto1\" valign=\"top\" height=\"96\">Prof. Dra. Laura Viola, Dra. Alicia Alem\u00e1n, Dr. Sergio Oneto<\/td>\n<\/tr>\n<tr>\n<td valign=\"top\" height=\"45\">Secretaria de redacci\u00f3n<\/td>\n<td class=\"auto1\" valign=\"top\" height=\"45\"><br \/>Dra. Margarita Wschebor<\/td>\n<\/tr>\n<tr>\n<td valign=\"top\" height=\"75\">\u00a0<\/td>\n<td class=\"auto1\" valign=\"top\" height=\"75\">\u00a0<\/td>\n<\/tr>\n<\/tbody>\n<\/table>\n\n\n<p><\/p>\n","protected":false},"excerpt":{"rendered":"<p>Comisi\u00f3n Directiva (per\u00edodo 2023-2025) \u00a0 Presidente Dr. Artigas Pouy Vicepresidente Dra. Sandra Romano Secretaria Dra. Cecilia Idiarte Borda Tesorero Dr. Adri\u00e1n Curbelo Vocales Dra. Rosa Ortiz \u00a0 Dra. Vanessa Chappe \u00a0 Dra. Estefan\u00eda Galli Comisi\u00f3n Fiscal (per\u00edodo 2023-2025) Presidente Dr.&hellip; <\/p>\n","protected":false},"author":1,"featured_media":0,"parent":18,"menu_order":0,"comment_status":"closed","ping_status":"closed","template":"","meta":[],"_links":{"self":[{"href":"http:\/\/spu.org.uy\/sitio\/index.php?rest_route=\/wp\/v2\/pages\/32"}],"collection":[{"href":"http:\/\/spu.org.uy\/sitio\/index.php?rest_route=\/wp\/v2\/pages"}],"about":[{"href":"http:\/\/spu.org.uy\/sitio\/index.php?rest_route=\/wp\/v2\/types\/page"}],"author":[{"embeddable":true,"href":"http:\/\/spu.org.uy\/sitio\/index.php?rest_route=\/wp\/v2\/users\/1"}],"replies":[{"embeddable":true,"href":"http:\/\/spu.org.uy\/sitio\/index.php?rest_route=%2Fwp%2Fv2%2Fcomments&post=32"}],"version-history":[{"count":22,"href":"http:\/\/spu.org.uy\/sitio\/index.php?rest_route=\/wp\/v2\/pages\/32\/revisions"}],"predecessor-version":[{"id":2164,"href":"http:\/\/spu.org.uy\/sitio\/index.php?rest_route=\/wp\/v2\/pages\/32\/revisions\/2164"}],"up":[{"embeddable":true,"href":"http:\/\/spu.org.uy\/sitio\/index.php?rest_route=\/wp\/v2\/pages\/18"}],"wp:attachment":[{"href":"http:\/\/spu.org.uy\/sitio\/index.php?rest_route=%2Fwp%2Fv2%2Fmedia&parent=32"}],"curies":[{"name":"wp","href":"https:\/\/api.w.org\/{rel}","templated":true}]}}