{"id":326,"date":"2014-09-18T22:32:22","date_gmt":"2014-09-18T22:32:22","guid":{"rendered":"http:\/\/spu.org.uy\/sitio\/?page_id=326"},"modified":"2014-11-26T17:20:10","modified_gmt":"2014-11-26T17:20:10","slug":"diciembre-2008","status":"publish","type":"page","link":"http:\/\/spu.org.uy\/sitio\/?page_id=326","title":{"rendered":"Diciembre 2008"},"content":{"rendered":"<div style=\"color: #000000;\" align=\"center\">\n<p>&nbsp;<\/p>\n<h3 style=\"text-align: left;\"><span style=\"color: #3366ff;\">Revista de Psiquiatr\u00eda del Uruguay<\/span><\/h3>\n<h3 style=\"text-align: left;\"><span style=\"color: #3366ff;\">Vol.\u00a072 No. 2,\u00a0Diciembre 2008<\/span><\/h3>\n<p>&nbsp;<\/p>\n<\/div>\n<h5 style=\"color: #000000; text-align: left; padding-left: 30px;\" align=\"center\">Indice<\/h5>\n<p style=\"color: #000000; padding-left: 30px;\"><strong>Editorial<\/strong><\/p>\n<ul style=\"color: #000000; padding-left: 30px;\">\n<li><a href=\"http:\/\/www.spu.org.uy\/revista\/dic2008\/01_editorial.pdf\">Conocer nuestra realidad, actuar sobre ella y evaluar resultados<\/a><br \/>\n<i>Comit\u00e9 Editorial<\/i><\/li>\n<\/ul>\n<p style=\"color: #000000; padding-left: 30px;\"><strong>Trabajos originales<\/strong><\/p>\n<ul style=\"color: #000000; padding-left: 30px;\">\n<li><a href=\"http:\/\/www.spu.org.uy\/revista\/dic2008\/02_Trabajo%20Original.pdf\">Calidad de vida en esquizofrenia. Conceptos y medidas para la pr\u00e1ctica cl\u00ednica<\/a><br \/>\n<em>George Awad<\/em><\/li>\n<li><a href=\"http:\/\/www.spu.org.uy\/revista\/dic2008\/03_Trabajo%20Original.pdf\">Factores asociados a mejores resultados en la calidad de vida de personas con esquizofrenia<\/a><br \/>\nRub\u00e9n Alvarado, Francisco Torres, Berta Moreno, Claudio Silva<\/li>\n<li><a href=\"http:\/\/www.spu.org.uy\/revista\/dic2008\/04_Trabajo%20Original.pdf\">Mejor\u00eda de la calidad de vida en personas atendidas en el \u201cPrograma para la Detecci\u00f3n, Diagn\u00f3stico<br \/>\ny Tratamiento Integral de la Depresi\u00f3n en Atenci\u00f3n Primaria\u201d, en Chile<\/a><br \/>\n<em>Carmen Antini, Rub\u00e9n Alvarado<\/em><\/li>\n<li><a href=\"http:\/\/www.spu.org.uy\/revista\/dic2008\/05_Trabajo%20Original.pdf\">Trabajo, calidad de vida y salud<br \/>\nEstudio en usuarios de servicios sanitarios p\u00fablicos en Guadalajara<\/a><br \/>\n<em>Jos\u00e9 Salazar, Mario Gonz\u00e1lez, Cecilia Colunga, Manuel Pando<\/em><\/li>\n<li><a href=\"http:\/\/www.spu.org.uy\/revista\/dic2008\/06_Trabajo%20Original.pdf\">Salud percibida en pacientes con enfermedad de Parkinson<br \/>\nen comparaci\u00f3n con pacientes de salud mental<\/a><br \/>\n<em>Cristina Pecci, Karina Bernasconi, Lorena Al\u00e9n, Leticia L\u00f3pez, Federico Micheli<\/em><\/li>\n<li><a href=\"http:\/\/www.spu.org.uy\/revista\/dic2008\/07_Trabajo%20Original.pdf\">Burnout vs. vigor profesional: An\u00e1lisis configuracional de las caracter\u00edsticas sociolaborales<br \/>\ne individuales protectoras en m\u00e9dicos catalanes<\/a><br \/>\n<em>Miriam D\u00edez, Simon Dolan<\/em><\/li>\n<\/ul>\n<p style=\"color: #000000; padding-left: 30px;\"><strong>Conferencia<\/strong><\/p>\n<ul style=\"color: #000000; padding-left: 30px;\">\n<li><a href=\"http:\/\/www.spu.org.uy\/revista\/dic2008\/08_Conferencia.pdf\">Problemas que la \u201cdroga\u201d plantea al psiquiatra pr\u00e1ctico<\/a><br \/>\n<em>Humberto Casarotti<\/em><\/li>\n<\/ul>\n<ul style=\"color: #000000; padding-left: 30px;\">\n<li><a href=\"http:\/\/www.spu.org.uy\/revista\/dic2008\/09_Indice%20de%20Autores.pdf\">Indice de autores<br \/>\nRevista de Psiquiatr\u00eda del Uruguay Volumen 72, 2008<\/a><\/li>\n<\/ul>\n","protected":false},"excerpt":{"rendered":"<p>&nbsp; Revista de Psiquiatr\u00eda del Uruguay Vol.\u00a072 No. 2,\u00a0Diciembre 2008 &nbsp; Indice Editorial Conocer nuestra realidad, actuar sobre ella y evaluar resultados Comit\u00e9 Editorial Trabajos originales Calidad de vida en esquizofrenia. Conceptos y medidas para la pr\u00e1ctica cl\u00ednica George Awad&hellip; <\/p>\n","protected":false},"author":1,"featured_media":327,"parent":281,"menu_order":7,"comment_status":"closed","ping_status":"open","template":"","meta":[],"_links":{"self":[{"href":"http:\/\/spu.org.uy\/sitio\/index.php?rest_route=\/wp\/v2\/pages\/326"}],"collection":[{"href":"http:\/\/spu.org.uy\/sitio\/index.php?rest_route=\/wp\/v2\/pages"}],"about":[{"href":"http:\/\/spu.org.uy\/sitio\/index.php?rest_route=\/wp\/v2\/types\/page"}],"author":[{"embeddable":true,"href":"http:\/\/spu.org.uy\/sitio\/index.php?rest_route=\/wp\/v2\/users\/1"}],"replies":[{"embeddable":true,"href":"http:\/\/spu.org.uy\/sitio\/index.php?rest_route=%2Fwp%2Fv2%2Fcomments&post=326"}],"version-history":[{"count":2,"href":"http:\/\/spu.org.uy\/sitio\/index.php?rest_route=\/wp\/v2\/pages\/326\/revisions"}],"predecessor-version":[{"id":544,"href":"http:\/\/spu.org.uy\/sitio\/index.php?rest_route=\/wp\/v2\/pages\/326\/revisions\/544"}],"up":[{"embeddable":true,"href":"http:\/\/spu.org.uy\/sitio\/index.php?rest_route=\/wp\/v2\/pages\/281"}],"wp:featuredmedia":[{"embeddable":true,"href":"http:\/\/spu.org.uy\/sitio\/index.php?rest_route=\/wp\/v2\/media\/327"}],"wp:attachment":[{"href":"http:\/\/spu.org.uy\/sitio\/index.php?rest_route=%2Fwp%2Fv2%2Fmedia&parent=326"}],"curies":[{"name":"wp","href":"https:\/\/api.w.org\/{rel}","templated":true}]}}