{"id":329,"date":"2014-09-18T22:35:06","date_gmt":"2014-09-18T22:35:06","guid":{"rendered":"http:\/\/spu.org.uy\/sitio\/?page_id=329"},"modified":"2014-11-26T17:20:10","modified_gmt":"2014-11-26T17:20:10","slug":"agosto-2009","status":"publish","type":"page","link":"http:\/\/spu.org.uy\/sitio\/?page_id=329","title":{"rendered":"Agosto 2009"},"content":{"rendered":"<div style=\"color: #000000;\" align=\"center\">\n<h5 style=\"text-align: left;\"><span style=\"color: #3366ff;\">Revista de Psiquiatr\u00eda del Uruguay<\/span><\/h5>\n<h5 style=\"text-align: left;\"><span style=\"color: #3366ff;\">Vol.\u00a073 No. 1,\u00a0Agosto 2009<\/span><\/h5>\n<h5 style=\"text-align: left;\"><\/h5>\n<\/div>\n<h5 style=\"color: #000000; text-align: left; padding-left: 30px;\" align=\"center\">Indice<\/h5>\n<ul style=\"color: #000000; padding-left: 30px;\">\n<li><a href=\"http:\/\/www.spu.org.uy\/revista\/ago2009\/01_EDITORIAL.pdf\">Editorial<\/a><br \/>\n<i>Dr. Federico Dajas<\/i><\/li>\n<\/ul>\n<p style=\"color: #000000; padding-left: 30px;\"><strong>Trabajos originales<\/strong><\/p>\n<ul style=\"color: #000000; padding-left: 30px;\">\n<li><a href=\"http:\/\/www.spu.org.uy\/revista\/ago2009\/02_TO_01.pdf\">Neurobiolog\u00eda de la adicci\u00f3n<\/a><br \/>\n<em>T. Pereira<\/em><\/li>\n<li><a href=\"http:\/\/www.spu.org.uy\/revista\/ago2009\/02_TO_02.pdf\">Primer estudio pre-cl\u00ednico de la acci\u00f3n de pasta base de coca\u00edna en el sistema nervioso central<\/a><br \/>\nM. Meikle, J. Urbanavicius, G. Prunell, E. Umpi\u00e9rrez, A. Ab\u00edn- Carriquiry, M. Scorza<\/li>\n<li><a href=\"http:\/\/www.spu.org.uy\/revista\/ago2009\/02_TO_03.pdf\">Caracter\u00edsticas de los primeros usuarios que consultaron en el Centro de Referencia Nacional<br \/>\nde la Red Drogas \u201cPortal Amarillo\u201d<\/a><br \/>\nJ. Triaca, V. Cardeillac, C. Idiarte Borda<\/li>\n<li><a href=\"http:\/\/www.spu.org.uy\/revista\/ago2009\/02_TO_04.pdf\">Alteraciones de la perfusi\u00f3n cerebral en consumidores activos de pasta base de coca\u00edna<\/a><br \/>\nR. Ferrando, S. Bocchino, A. Barrachina, A. Ferro, J. Rodr\u00edguez, A. Silveira, R. Ventura,<br \/>\nA. Gioia, A. L\u00f3pez, M. Langhain, A. Cardoso, P. Zurmendi, J. Triaca, G. Lago.<\/li>\n<li><a href=\"http:\/\/www.spu.org.uy\/revista\/ago2009\/02_TO_05.pdf\">Sistemas de neurotransmisi\u00f3n glutamat\u00e9rgica y adicci\u00f3n a la coca\u00edna.<br \/>\nProgresos en el tratamiento farmacol\u00f3gico<\/a><br \/>\nJ. Mart\u00ednez-Raga, C. Knecht, N. Ramirez, N. Szerman<\/li>\n<li><a href=\"http:\/\/www.spu.org.uy\/revista\/ago2009\/02_TO_06.pdf\">Adicciones a Internet: Una posible inclusi\u00f3n en la nosograf\u00eda<\/a><br \/>\nJ. Didia, A. Dorpinghaus, C. Maggi, G. Haro<\/li>\n<\/ul>\n<p style=\"color: #000000; padding-left: 30px;\"><strong>Revisiones<\/strong><\/p>\n<ul style=\"color: #000000; padding-left: 30px;\">\n<li><a href=\"http:\/\/www.spu.org.uy\/revista\/ago2009\/03_RV_01.pdf\">Alteraciones de la memoria producidas por el uso de marihuana<\/a><br \/>\nL. Sarubbo<\/li>\n<li><a href=\"http:\/\/www.spu.org.uy\/revista\/ago2009\/03_RV_02.pdf\">\u00bfTratable o intratable? La comunidad terap\u00e9utica para drogodependientes, una alternativa<br \/>\n<\/a><em>C. Danza<\/em><\/li>\n<\/ul>\n<p style=\"color: #000000; padding-left: 30px;\"><strong>Comunicaci\u00f3n breve<\/strong><\/p>\n<ul style=\"color: #000000; padding-left: 30px;\">\n<li><a href=\"http:\/\/www.spu.org.uy\/revista\/ago2009\/04_CB_01.pdf\">Evaluaci\u00f3n del trastorno por d\u00e9ficit atencional con hiperactividad en poblaci\u00f3n de usuarios problem\u00e1ticos de drogas<br \/>\n<\/a><em>G. Rossi<\/em><\/li>\n<\/ul>\n<ul style=\"color: #000000; padding-left: 30px;\">\n<li><a href=\"http:\/\/www.spu.org.uy\/revista\/ago2008\/07_normas.pdf\">Normas de aceptaci\u00f3n de originales<\/a><\/li>\n<\/ul>\n","protected":false},"excerpt":{"rendered":"<p>Revista de Psiquiatr\u00eda del Uruguay Vol.\u00a073 No. 1,\u00a0Agosto 2009 Indice Editorial Dr. Federico Dajas Trabajos originales Neurobiolog\u00eda de la adicci\u00f3n T. Pereira Primer estudio pre-cl\u00ednico de la acci\u00f3n de pasta base de coca\u00edna en el sistema nervioso central M. Meikle,&hellip; <\/p>\n","protected":false},"author":1,"featured_media":330,"parent":281,"menu_order":6,"comment_status":"closed","ping_status":"open","template":"","meta":[],"_links":{"self":[{"href":"http:\/\/spu.org.uy\/sitio\/index.php?rest_route=\/wp\/v2\/pages\/329"}],"collection":[{"href":"http:\/\/spu.org.uy\/sitio\/index.php?rest_route=\/wp\/v2\/pages"}],"about":[{"href":"http:\/\/spu.org.uy\/sitio\/index.php?rest_route=\/wp\/v2\/types\/page"}],"author":[{"embeddable":true,"href":"http:\/\/spu.org.uy\/sitio\/index.php?rest_route=\/wp\/v2\/users\/1"}],"replies":[{"embeddable":true,"href":"http:\/\/spu.org.uy\/sitio\/index.php?rest_route=%2Fwp%2Fv2%2Fcomments&post=329"}],"version-history":[{"count":2,"href":"http:\/\/spu.org.uy\/sitio\/index.php?rest_route=\/wp\/v2\/pages\/329\/revisions"}],"predecessor-version":[{"id":545,"href":"http:\/\/spu.org.uy\/sitio\/index.php?rest_route=\/wp\/v2\/pages\/329\/revisions\/545"}],"up":[{"embeddable":true,"href":"http:\/\/spu.org.uy\/sitio\/index.php?rest_route=\/wp\/v2\/pages\/281"}],"wp:featuredmedia":[{"embeddable":true,"href":"http:\/\/spu.org.uy\/sitio\/index.php?rest_route=\/wp\/v2\/media\/330"}],"wp:attachment":[{"href":"http:\/\/spu.org.uy\/sitio\/index.php?rest_route=%2Fwp%2Fv2%2Fmedia&parent=329"}],"curies":[{"name":"wp","href":"https:\/\/api.w.org\/{rel}","templated":true}]}}