{"id":332,"date":"2014-09-18T22:37:39","date_gmt":"2014-09-18T22:37:39","guid":{"rendered":"http:\/\/spu.org.uy\/sitio\/?page_id=332"},"modified":"2014-11-18T13:03:27","modified_gmt":"2014-11-18T13:03:27","slug":"diciembre-2009","status":"publish","type":"page","link":"http:\/\/spu.org.uy\/sitio\/?page_id=332","title":{"rendered":"Diciembre 2009"},"content":{"rendered":"<div style=\"color: #000000;\" align=\"center\">\n<h5 style=\"text-align: left;\"><span style=\"color: #3366ff;\">Revista de Psiquiatr\u00eda del Uruguay<\/span><\/h5>\n<h5 style=\"text-align: left;\"><span style=\"color: #3366ff;\">Vol.\u00a073 No. 2,\u00a0Diciembre 2009<\/span><\/h5>\n<h5 style=\"text-align: left;\"><\/h5>\n<\/div>\n<h5 style=\"color: #000000; text-align: left; padding-left: 30px;\" align=\"center\">Indice<\/h5>\n<p style=\"padding-left: 30px;\">\n<p style=\"color: #000000; padding-left: 30px;\"><strong>Editorial<\/strong><\/p>\n<ul style=\"color: #000000; padding-left: 30px;\">\n<li><a href=\"http:\/\/www.spu.org.uy\/revista\/dic2009\/00_editorial.pdf\">Editorial<\/a><br \/>\n<i>Sandra Romano<\/i><\/li>\n<\/ul>\n<p style=\"color: #000000; padding-left: 30px;\"><strong>Trabajos originales<\/strong><\/p>\n<ul style=\"color: #000000; padding-left: 30px;\">\n<li><a href=\"http:\/\/www.spu.org.uy\/revista\/dic2009\/01_TO.pdf\">Estudio de los pacientes que recibieron ECT en el Hospital Vilardeb\u00f3 en el a\u00f1o 2006\u00a0<\/a><br \/>\n<em>Margarita Wschebor, Gabriela L\u00f3pez Rega, Ver\u00f3nica Santos, Soledad Brescia, Sandra Romano<\/em><\/li>\n<li><a href=\"http:\/\/www.spu.org.uy\/revista\/dic2009\/02_TO.pdf\">Consumo de sustancias psicoactivas en pacientes de emergencia del Hospital Pasteur, Montevideo<\/a><br \/>\n<em>Pablo Fielitz, H\u00e9ctor Su\u00e1rez, Mart\u00edn Bouissa, Mar\u00eda Frontini, Gabriela L\u00f3pez, Soledad Brescia,<br \/>\nMargarita Wschebor, Osvaldo Do Campo, George Albert<\/em><\/li>\n<li><a href=\"http:\/\/www.spu.org.uy\/revista\/dic2009\/03_TO.pdf\">Caracter\u00edsticas epidemiol\u00f3gicas del trastorno por d\u00e9ficit atencional en los escolares uruguayos<br \/>\nAplicaci\u00f3n y evaluaci\u00f3n de la CBCL como instrumento de screening<br \/>\n<\/a><em>Laura Viola, Gabriela Garrido<\/em><\/li>\n<\/ul>\n<p style=\"color: #000000; padding-left: 30px;\"><strong>Revisi\u00f3n<\/strong><\/p>\n<ul style=\"color: #000000; padding-left: 30px;\">\n<li><a href=\"http:\/\/www.spu.org.uy\/revista\/dic2009\/04_RE.pdf\">Intervenciones psicosociales y de soporte b\u00e1sico en la demencia en la enfermedad de Alzheimer\u00a0<\/a><br \/>\n<em>Carla Caetano, Vicente Pardo<\/em><\/li>\n<\/ul>\n<p style=\"color: #000000; padding-left: 30px;\"><strong>Ateneo cl\u00ednico<\/strong><\/p>\n<ul style=\"color: #000000; padding-left: 30px;\">\n<li><a href=\"http:\/\/www.spu.org.uy\/revista\/dic2009\/05_AT.pdf\">Discusi\u00f3n acerca del proyecto terap\u00e9utico en patolog\u00eda dual. Esquizofrenia y consumo problem\u00e1tico de drogas.<br \/>\n19 de octubre de 2009. Hospital Vilardeb\u00f3.\u00a0<\/a><br \/>\n<em>Sandra Romano, Elena Guglielmi , Ximena Ribas, Ana Laura Ara\u00fajo<\/em><\/li>\n<\/ul>\n<p style=\"padding-left: 30px;\">\n<div style=\"padding-left: 30px;\" align=\"center\"><\/div>\n<p style=\"padding-left: 30px;\">\n","protected":false},"excerpt":{"rendered":"<p>Revista de Psiquiatr\u00eda del Uruguay Vol.\u00a073 No. 2,\u00a0Diciembre 2009 Indice Editorial Editorial Sandra Romano Trabajos originales Estudio de los pacientes que recibieron ECT en el Hospital Vilardeb\u00f3 en el a\u00f1o 2006\u00a0 Margarita Wschebor, Gabriela L\u00f3pez Rega, Ver\u00f3nica Santos, Soledad Brescia,&hellip; <\/p>\n","protected":false},"author":1,"featured_media":333,"parent":281,"menu_order":4,"comment_status":"closed","ping_status":"open","template":"","meta":[],"_links":{"self":[{"href":"http:\/\/spu.org.uy\/sitio\/index.php?rest_route=\/wp\/v2\/pages\/332"}],"collection":[{"href":"http:\/\/spu.org.uy\/sitio\/index.php?rest_route=\/wp\/v2\/pages"}],"about":[{"href":"http:\/\/spu.org.uy\/sitio\/index.php?rest_route=\/wp\/v2\/types\/page"}],"author":[{"embeddable":true,"href":"http:\/\/spu.org.uy\/sitio\/index.php?rest_route=\/wp\/v2\/users\/1"}],"replies":[{"embeddable":true,"href":"http:\/\/spu.org.uy\/sitio\/index.php?rest_route=%2Fwp%2Fv2%2Fcomments&post=332"}],"version-history":[{"count":1,"href":"http:\/\/spu.org.uy\/sitio\/index.php?rest_route=\/wp\/v2\/pages\/332\/revisions"}],"predecessor-version":[{"id":334,"href":"http:\/\/spu.org.uy\/sitio\/index.php?rest_route=\/wp\/v2\/pages\/332\/revisions\/334"}],"up":[{"embeddable":true,"href":"http:\/\/spu.org.uy\/sitio\/index.php?rest_route=\/wp\/v2\/pages\/281"}],"wp:featuredmedia":[{"embeddable":true,"href":"http:\/\/spu.org.uy\/sitio\/index.php?rest_route=\/wp\/v2\/media\/333"}],"wp:attachment":[{"href":"http:\/\/spu.org.uy\/sitio\/index.php?rest_route=%2Fwp%2Fv2%2Fmedia&parent=332"}],"curies":[{"name":"wp","href":"https:\/\/api.w.org\/{rel}","templated":true}]}}