{"id":335,"date":"2014-09-18T22:40:35","date_gmt":"2014-09-18T22:40:35","guid":{"rendered":"http:\/\/spu.org.uy\/sitio\/?page_id=335"},"modified":"2014-11-18T13:03:27","modified_gmt":"2014-11-18T13:03:27","slug":"agosto-2010","status":"publish","type":"page","link":"http:\/\/spu.org.uy\/sitio\/?page_id=335","title":{"rendered":"Agosto 2010"},"content":{"rendered":"<h5 style=\"text-align: left;\"><span style=\"color: #3366ff;\">Revista de Psiquiatr\u00eda del Uruguay<\/span><\/h5>\n<h5 style=\"text-align: left;\"><span style=\"color: #3366ff;\">Vol.\u00a074 No. 1,\u00a0Agosto 2010<\/span><\/h5>\n<h5 style=\"text-align: left;\"><\/h5>\n<h5 style=\"color: #000000; text-align: left; padding-left: 30px;\" align=\"center\">Indice<\/h5>\n<p style=\"color: #000000; padding-left: 30px;\"><strong>Editorial<\/strong><\/p>\n<ul style=\"color: #000000; padding-left: 30px;\">\n<li><a href=\"http:\/\/www.spu.org.uy\/revista\/ago2010\/01_EDITORIAL.pdf\">Editorial<\/a><br \/>\n<i>Laura Viola<\/i><\/li>\n<\/ul>\n<p style=\"color: #000000; padding-left: 30px;\"><strong>Trabajos originales<\/strong><\/p>\n<ul style=\"color: #000000; padding-left: 30px;\">\n<li><a href=\"http:\/\/www.spu.org.uy\/revista\/ago2010\/02_ACTOS%20VIOLENTOS.pdf\">Actos violentos en patolog\u00eda mental<\/a><br \/>\n<em>Humberto Casarotti<\/em><\/li>\n<li><a href=\"http:\/\/www.spu.org.uy\/revista\/ago2010\/03_EL%20CEREBRO_VIOLENTO.pdf\">El cerebro violento. Sobre la psicobiolog\u00eda de la violencia y los comportamientos agresivos<\/a><br \/>\nFederico Dajas<\/li>\n<li><a href=\"http:\/\/www.spu.org.uy\/revista\/ago2010\/04_LA%20PERITACION.pdf\">La peritaci\u00f3n de la violencia: algunas cuestiones \u00e9ticas<br \/>\n<\/a><em>Hugo Rodr\u00edguez<\/em><\/li>\n<li><a href=\"http:\/\/www.spu.org.uy\/revista\/ago2010\/05_VIOLENCIA%20DE%20GENERO.pdf\">Violencia de g\u00e9nero en la pareja. Aportes para su evaluaci\u00f3n en la consulta psiqui\u00e1trica de mujeres<\/a><br \/>\n<em>Sandra Romano<\/em><\/li>\n<li><a href=\"http:\/\/www.spu.org.uy\/revista\/ago2010\/06_PERICIA%20NINOS.pdf\">La violencia en la pericia psiqui\u00e1trica de ni\u00f1os y adolescentes<br \/>\n<\/a><em>Matilde di Lorenzo, Irene Garc\u00eda Maggi<\/em><\/li>\n<li><a href=\"http:\/\/www.spu.org.uy\/revista\/ago2010\/07_REPERCUSION.pdf\">Repercusi\u00f3n de la violencia dom\u00e9stica en la salud mental infantil. Valoraci\u00f3n del da\u00f1o ps\u00edquico<br \/>\n<\/a><em>Laura Viola<\/em><\/li>\n<\/ul>\n<ul style=\"color: #000000; padding-left: 30px;\">\n<li><a href=\"http:\/\/www.spu.org.uy\/revista\/ago2010\/08_FE%20DE%20ERRATA.pdf\">Fe de erratas<\/a><\/li>\n<\/ul>\n","protected":false},"excerpt":{"rendered":"<p>Revista de Psiquiatr\u00eda del Uruguay Vol.\u00a074 No. 1,\u00a0Agosto 2010 Indice Editorial Editorial Laura Viola Trabajos originales Actos violentos en patolog\u00eda mental Humberto Casarotti El cerebro violento. Sobre la psicobiolog\u00eda de la violencia y los comportamientos agresivos Federico Dajas La peritaci\u00f3n&hellip; <\/p>\n","protected":false},"author":1,"featured_media":336,"parent":281,"menu_order":4,"comment_status":"closed","ping_status":"open","template":"","meta":[],"_links":{"self":[{"href":"http:\/\/spu.org.uy\/sitio\/index.php?rest_route=\/wp\/v2\/pages\/335"}],"collection":[{"href":"http:\/\/spu.org.uy\/sitio\/index.php?rest_route=\/wp\/v2\/pages"}],"about":[{"href":"http:\/\/spu.org.uy\/sitio\/index.php?rest_route=\/wp\/v2\/types\/page"}],"author":[{"embeddable":true,"href":"http:\/\/spu.org.uy\/sitio\/index.php?rest_route=\/wp\/v2\/users\/1"}],"replies":[{"embeddable":true,"href":"http:\/\/spu.org.uy\/sitio\/index.php?rest_route=%2Fwp%2Fv2%2Fcomments&post=335"}],"version-history":[{"count":2,"href":"http:\/\/spu.org.uy\/sitio\/index.php?rest_route=\/wp\/v2\/pages\/335\/revisions"}],"predecessor-version":[{"id":543,"href":"http:\/\/spu.org.uy\/sitio\/index.php?rest_route=\/wp\/v2\/pages\/335\/revisions\/543"}],"up":[{"embeddable":true,"href":"http:\/\/spu.org.uy\/sitio\/index.php?rest_route=\/wp\/v2\/pages\/281"}],"wp:featuredmedia":[{"embeddable":true,"href":"http:\/\/spu.org.uy\/sitio\/index.php?rest_route=\/wp\/v2\/media\/336"}],"wp:attachment":[{"href":"http:\/\/spu.org.uy\/sitio\/index.php?rest_route=%2Fwp%2Fv2%2Fmedia&parent=335"}],"curies":[{"name":"wp","href":"https:\/\/api.w.org\/{rel}","templated":true}]}}