{"id":338,"date":"2014-09-18T22:43:20","date_gmt":"2014-09-18T22:43:20","guid":{"rendered":"http:\/\/spu.org.uy\/sitio\/?page_id=338"},"modified":"2014-11-18T13:03:27","modified_gmt":"2014-11-18T13:03:27","slug":"diciembre-2010","status":"publish","type":"page","link":"http:\/\/spu.org.uy\/sitio\/?page_id=338","title":{"rendered":"Diciembre 2010"},"content":{"rendered":"<div style=\"color: #000000;\" align=\"center\">\n<h5 style=\"text-align: left;\"><span style=\"color: #3366ff;\">Revista de Psiquiatr\u00eda del Uruguay<\/span><\/h5>\n<h5 style=\"text-align: left;\"><span style=\"color: #3366ff;\">Vol.\u00a074 No. 2,\u00a0Diciembre 2010<\/span><\/h5>\n<h5 style=\"text-align: left;\"><\/h5>\n<\/div>\n<h5 style=\"color: #000000; text-align: left; padding-left: 30px;\" align=\"center\">Indice<\/h5>\n<p style=\"color: #000000; padding-left: 30px;\"><strong>Editorial<\/strong><\/p>\n<ul style=\"color: #000000; padding-left: 30px;\">\n<li><a href=\"http:\/\/www.spu.org.uy\/revista\/dic2010\/01_editorial.pdf\">Editorial<\/a><br \/>\n<i>Federico Dajas<\/i><\/li>\n<\/ul>\n<p style=\"color: #000000; padding-left: 30px;\"><strong>Cien a\u00f1os de psicoan\u00e1lisis<\/strong><\/p>\n<ul style=\"color: #000000; padding-left: 30px;\">\n<li><a href=\"http:\/\/www.spu.org.uy\/revista\/dic2010\/02_introduccion.pdf\">Introducci\u00f3n<\/a><br \/>\n<em>Ricardo Bernardi<\/em><\/li>\n<li><a href=\"http:\/\/www.spu.org.uy\/revista\/dic2010\/03_casarotti.pdf\">Relaciones entre psiquiatr\u00eda y psicoan\u00e1lisis (desde finales del siglo XIX hasta el momento actual).<\/a><br \/>\n<em>Humberto Casarotti<\/em><\/li>\n<li><a href=\"http:\/\/www.spu.org.uy\/revista\/dic2010\/04_cherro.pdf\">La gran contribuci\u00f3n de la teor\u00eda del apego a la Psiquiatr\u00eda y a la Psicoterapia<br \/>\n<\/a><em>Miguel Cherro<\/em><\/li>\n<li><a href=\"http:\/\/www.spu.org.uy\/revista\/dic2010\/05_widlocher.pdf\">El psicoan\u00e1lisis y la psiquiatr\u00eda cien a\u00f1os despu\u00e9s<\/a><br \/>\n<em>Daniel Widl\u00f6cher<\/em><\/li>\n<li><a href=\"http:\/\/www.spu.org.uy\/revista\/dic2010\/06_gabbard.pdf\">La relaci\u00f3n entre la psiquiatr\u00eda acad\u00e9mica y el psicoan\u00e1lisis est\u00e1 puesta en peligro<br \/>\n<\/a><em>Glen O. Gabbard, MD<\/em><\/li>\n<li><a href=\"http:\/\/www.spu.org.uy\/revista\/dic2010\/07_tutte.pdf\">\u00bfEs posible una Psiquiatr\u00eda Din\u00e1mica? Aportes desde el Psicoan\u00e1lisis<br \/>\n<\/a><em>Juan Carlos Tutt\u00e9<\/em><\/li>\n<li><a href=\"http:\/\/www.spu.org.uy\/revista\/dic2010\/08_martinez.pdf\">Psiquiatr\u00eda de ni\u00f1os y adolescentes y psicoan\u00e1lisis: conciliaci\u00f3n posible<\/a><br \/>\n<em>Cristina Mart\u00ednez de Bagattini<\/em><\/li>\n<li><a href=\"http:\/\/www.spu.org.uy\/revista\/dic2010\/09_villalba.pdf\">Tratamiento de los trastornos depresivos desde una perspectiva psicodin\u00e1mica<\/a><br \/>\n<em>Luis Villalba<\/em><\/li>\n<li><a href=\"http:\/\/www.spu.org.uy\/revista\/dic2010\/10_bernardi.pdf\">DSM-5, OPD-2 y PDM: Convergencias y divergencias entre los nuevos<br \/>\nsistemas diagn\u00f3sticos psiqui\u00e1trico y psicoanal\u00edticos<\/a><br \/>\n<em>Ricardo Bernardi<\/em><\/li>\n<\/ul>\n","protected":false},"excerpt":{"rendered":"<p>Revista de Psiquiatr\u00eda del Uruguay Vol.\u00a074 No. 2,\u00a0Diciembre 2010 Indice Editorial Editorial Federico Dajas Cien a\u00f1os de psicoan\u00e1lisis Introducci\u00f3n Ricardo Bernardi Relaciones entre psiquiatr\u00eda y psicoan\u00e1lisis (desde finales del siglo XIX hasta el momento actual). Humberto Casarotti La gran contribuci\u00f3n&hellip; <\/p>\n","protected":false},"author":1,"featured_media":339,"parent":281,"menu_order":3,"comment_status":"closed","ping_status":"open","template":"","meta":[],"_links":{"self":[{"href":"http:\/\/spu.org.uy\/sitio\/index.php?rest_route=\/wp\/v2\/pages\/338"}],"collection":[{"href":"http:\/\/spu.org.uy\/sitio\/index.php?rest_route=\/wp\/v2\/pages"}],"about":[{"href":"http:\/\/spu.org.uy\/sitio\/index.php?rest_route=\/wp\/v2\/types\/page"}],"author":[{"embeddable":true,"href":"http:\/\/spu.org.uy\/sitio\/index.php?rest_route=\/wp\/v2\/users\/1"}],"replies":[{"embeddable":true,"href":"http:\/\/spu.org.uy\/sitio\/index.php?rest_route=%2Fwp%2Fv2%2Fcomments&post=338"}],"version-history":[{"count":2,"href":"http:\/\/spu.org.uy\/sitio\/index.php?rest_route=\/wp\/v2\/pages\/338\/revisions"}],"predecessor-version":[{"id":541,"href":"http:\/\/spu.org.uy\/sitio\/index.php?rest_route=\/wp\/v2\/pages\/338\/revisions\/541"}],"up":[{"embeddable":true,"href":"http:\/\/spu.org.uy\/sitio\/index.php?rest_route=\/wp\/v2\/pages\/281"}],"wp:featuredmedia":[{"embeddable":true,"href":"http:\/\/spu.org.uy\/sitio\/index.php?rest_route=\/wp\/v2\/media\/339"}],"wp:attachment":[{"href":"http:\/\/spu.org.uy\/sitio\/index.php?rest_route=%2Fwp%2Fv2%2Fmedia&parent=338"}],"curies":[{"name":"wp","href":"https:\/\/api.w.org\/{rel}","templated":true}]}}