{"id":341,"date":"2014-09-18T22:45:55","date_gmt":"2014-09-18T22:45:55","guid":{"rendered":"http:\/\/spu.org.uy\/sitio\/?page_id=341"},"modified":"2014-11-18T13:03:27","modified_gmt":"2014-11-18T13:03:27","slug":"agosto-2011","status":"publish","type":"page","link":"http:\/\/spu.org.uy\/sitio\/?page_id=341","title":{"rendered":"Agosto 2011"},"content":{"rendered":"<div style=\"color: #000000;\" align=\"center\">\n<p>&nbsp;<\/p>\n<h5 style=\"text-align: left;\"><span style=\"color: #3366ff;\">Revista de Psiquiatr\u00eda del Uruguay<\/span><\/h5>\n<h5 style=\"text-align: left;\"><span style=\"color: #3366ff;\">Vol.\u00a075 No. 1,\u00a0Agosto 2011<\/span><\/h5>\n<h5 style=\"text-align: left;\"><\/h5>\n<\/div>\n<h5 style=\"color: #000000; text-align: left; padding-left: 30px;\" align=\"center\">Indice<\/h5>\n<p style=\"color: #000000; padding-left: 30px;\"><strong>Editorial<\/strong><\/p>\n<ul style=\"color: #000000; padding-left: 30px;\">\n<li><a href=\"http:\/\/www.spu.org.uy\/revista\/ago2011\/01_editorial.pdf\">Editorial<\/a><br \/>\n<i>Ricardo Bernardi<\/i><\/li>\n<\/ul>\n<p style=\"color: #000000; padding-left: 30px;\"><strong>Introducci\u00f3n<\/strong><\/p>\n<ul style=\"color: #000000; padding-left: 30px;\">\n<li><a href=\"http:\/\/www.spu.org.uy\/revista\/ago2011\/02_intro.pdf\">Trastornos fronterizos de la personalidad<\/a><br \/>\n<em>Ricardo Bernardi<\/em><\/li>\n<\/ul>\n<p style=\"color: #000000; padding-left: 30px;\"><strong>Psiquiatr\u00eda y Psicoan\u00e1lisis<\/strong><\/p>\n<ul style=\"color: #000000; padding-left: 30px;\">\n<li><a href=\"http:\/\/www.spu.org.uy\/revista\/ago2011\/03_LV.pdf\">Psicopatolog\u00eda de los trastornos de personalidad l\u00edmite y su tratamiento<br \/>\nseg\u00fan la teor\u00eda de la mentalizaci\u00f3n de Peter Fonagy<\/a><br \/>\n<em>Luis Villalba<\/em><\/li>\n<li><a href=\"http:\/\/www.spu.org.uy\/revista\/ago2011\/04_LP.pdf\">Trastorno l\u00edmite (borderline) de la personalidad. Psicoterapia focalizada en la transferencia<br \/>\n<\/a><em>Luisa P\u00e9rez<\/em><\/li>\n<li><a href=\"http:\/\/www.spu.org.uy\/revista\/ago2011\/05_VIOLENCIA%20DE%20GENERO.pdf\">Pacientes no-neur\u00f3ticos, casos l\u00edmite: la perspectiva de Andr\u00e9 Green<\/a><br \/>\n<em>Nancy Delpr\u00e9stitto<\/em><\/li>\n<li><a href=\"http:\/\/www.spu.org.uy\/revista\/ago2011\/06_RB.pdf\">Trastornos fronterizos: Comparaci\u00f3n de la psicoterapia basada en la transferencia de Kernberg<br \/>\ny la terapia basada en la mentalizaci\u00f3n de Fonagy<br \/>\n<\/a><em>Ricardo Bernardi<\/em><\/li>\n<li><a href=\"http:\/\/www.spu.org.uy\/revista\/ago2011\/07_AG.pdf\">Investigaci\u00f3n: un lenguaje compartido por la psiquiatr\u00eda y el psicoan\u00e1lisis<br \/>\n<\/a><em>Alejandro Garbarino<\/em><\/li>\n<li><a href=\"http:\/\/www.spu.org.uy\/revista\/ago2011\/08_GM.pdf\">Investigaci\u00f3n emp\u00edrica: Puente entre psicoterapia y psiquiatr\u00eda<\/a><br \/>\n<em>Gabriela Montado, Ana Palermo, Beatriz Fern\u00e1ndez, Cristina Gerpe<\/em><\/li>\n<\/ul>\n","protected":false},"excerpt":{"rendered":"<p>&nbsp; Revista de Psiquiatr\u00eda del Uruguay Vol.\u00a075 No. 1,\u00a0Agosto 2011 Indice Editorial Editorial Ricardo Bernardi Introducci\u00f3n Trastornos fronterizos de la personalidad Ricardo Bernardi Psiquiatr\u00eda y Psicoan\u00e1lisis Psicopatolog\u00eda de los trastornos de personalidad l\u00edmite y su tratamiento seg\u00fan la teor\u00eda de&hellip; <\/p>\n","protected":false},"author":1,"featured_media":342,"parent":281,"menu_order":2,"comment_status":"closed","ping_status":"open","template":"","meta":[],"_links":{"self":[{"href":"http:\/\/spu.org.uy\/sitio\/index.php?rest_route=\/wp\/v2\/pages\/341"}],"collection":[{"href":"http:\/\/spu.org.uy\/sitio\/index.php?rest_route=\/wp\/v2\/pages"}],"about":[{"href":"http:\/\/spu.org.uy\/sitio\/index.php?rest_route=\/wp\/v2\/types\/page"}],"author":[{"embeddable":true,"href":"http:\/\/spu.org.uy\/sitio\/index.php?rest_route=\/wp\/v2\/users\/1"}],"replies":[{"embeddable":true,"href":"http:\/\/spu.org.uy\/sitio\/index.php?rest_route=%2Fwp%2Fv2%2Fcomments&post=341"}],"version-history":[{"count":2,"href":"http:\/\/spu.org.uy\/sitio\/index.php?rest_route=\/wp\/v2\/pages\/341\/revisions"}],"predecessor-version":[{"id":540,"href":"http:\/\/spu.org.uy\/sitio\/index.php?rest_route=\/wp\/v2\/pages\/341\/revisions\/540"}],"up":[{"embeddable":true,"href":"http:\/\/spu.org.uy\/sitio\/index.php?rest_route=\/wp\/v2\/pages\/281"}],"wp:featuredmedia":[{"embeddable":true,"href":"http:\/\/spu.org.uy\/sitio\/index.php?rest_route=\/wp\/v2\/media\/342"}],"wp:attachment":[{"href":"http:\/\/spu.org.uy\/sitio\/index.php?rest_route=%2Fwp%2Fv2%2Fmedia&parent=341"}],"curies":[{"name":"wp","href":"https:\/\/api.w.org\/{rel}","templated":true}]}}