{"id":344,"date":"2014-09-18T22:48:25","date_gmt":"2014-09-18T22:48:25","guid":{"rendered":"http:\/\/spu.org.uy\/sitio\/?page_id=344"},"modified":"2014-11-18T13:03:27","modified_gmt":"2014-11-18T13:03:27","slug":"diciembre-2011","status":"publish","type":"page","link":"http:\/\/spu.org.uy\/sitio\/?page_id=344","title":{"rendered":"Diciembre 2011"},"content":{"rendered":"<h5 style=\"text-align: left;\"><span style=\"color: #3366ff;\">Revista de Psiquiatr\u00eda del Uruguay<\/span><\/h5>\n<h5 style=\"text-align: left;\"><span style=\"color: #3366ff;\">Vol.\u00a075 No. 2,\u00a0Diciembre 2011<\/span><\/h5>\n<h5 style=\"text-align: left;\"><\/h5>\n<h5 style=\"color: #000000; text-align: left; padding-left: 30px;\" align=\"center\">Indice<\/h5>\n<p style=\"color: #000000; padding-left: 30px;\"><strong>Editorial<\/strong><\/p>\n<ul style=\"color: #000000; padding-left: 30px;\">\n<li><a href=\"http:\/\/www.spu.org.uy\/revista\/dic2011\/01_editorial.pdf\">Editorial<br \/>\n<\/a><i>Federico Dajas<\/i><\/li>\n<\/ul>\n<p style=\"color: #000000; padding-left: 30px;\"><strong>Trabajos originales<\/strong><\/p>\n<ul style=\"color: #000000; padding-left: 30px;\">\n<li><a href=\"http:\/\/www.spu.org.uy\/revista\/dic2011\/02_escobal.pdf\">Evoluci\u00f3n en cuatro a\u00f1os de los trastornos del movimiento en pacientes internados<br \/>\nen un hospital psiqui\u00e1trico de pacientes cr\u00f3nicos<\/a><br \/>\n<em>Marcelo Escobal, \u00c1lvaro Cardozo<\/em><\/li>\n<li><a href=\"http:\/\/www.spu.org.uy\/revista\/dic2011\/03_rodriguez.pdf\">Los servicios de salud mental en Am\u00e9rica Latina<br \/>\ny el Caribe: la evoluci\u00f3n hacia un modelo comunitario<\/a><br \/>\n<em>Jorge Rodr\u00edguez<\/em><\/li>\n<li><a href=\"http:\/\/www.spu.org.uy\/revista\/dic2011\/04_aquines.pdf\">Pacientes judiciales en el Hospital Vilardeb\u00f3 en el a\u00f1o 2010<br \/>\n<\/a><em>Carina Aquines, Soledad Garc\u00eda<\/em><\/li>\n<li><a href=\"http:\/\/www.spu.org.uy\/revista\/dic2011\/05_varela.pdf\">Defensas y afrontamiento frente al c\u00e1ncer de mama luego del diagn\u00f3stico y cirug\u00eda<\/a><br \/>\n<em>Berta Varela, Rafael Alonso, Ana Galain, Ana Ib\u00e1\u00f1ez, Mar\u00eda Abreu<\/em><\/li>\n<li><a href=\"http:\/\/www.spu.org.uy\/revista\/dic2011\/06_aramendi.pdf\">Problemas relacionados con medicamentos en pacientes hospitalizados en el Hospital Vilardeb\u00f3<\/a><br \/>\n<em>In\u00e9s Aramendi, Luc\u00eda Ardao, Mireille Oyarzun, Mar\u00eda del Rosario P\u00e9rez,<br \/>\nIsmael Olmos, Mar\u00eda Alcira Frontini, Sandra Romano<\/em><\/li>\n<\/ul>\n<p style=\"color: #000000; padding-left: 30px;\"><strong>\u00cdndices<\/strong><\/p>\n<p style=\"padding-left: 30px;\"><a href=\"http:\/\/www.spu.org.uy\/revista\/dic2011\/07_indice%20autores.pdf\">\u00cdndice de autores, volumen 75<\/a><\/p>\n","protected":false},"excerpt":{"rendered":"<p>Revista de Psiquiatr\u00eda del Uruguay Vol.\u00a075 No. 2,\u00a0Diciembre 2011 Indice Editorial Editorial Federico Dajas Trabajos originales Evoluci\u00f3n en cuatro a\u00f1os de los trastornos del movimiento en pacientes internados en un hospital psiqui\u00e1trico de pacientes cr\u00f3nicos Marcelo Escobal, \u00c1lvaro Cardozo Los&hellip; <\/p>\n","protected":false},"author":1,"featured_media":345,"parent":281,"menu_order":1,"comment_status":"closed","ping_status":"open","template":"","meta":[],"_links":{"self":[{"href":"http:\/\/spu.org.uy\/sitio\/index.php?rest_route=\/wp\/v2\/pages\/344"}],"collection":[{"href":"http:\/\/spu.org.uy\/sitio\/index.php?rest_route=\/wp\/v2\/pages"}],"about":[{"href":"http:\/\/spu.org.uy\/sitio\/index.php?rest_route=\/wp\/v2\/types\/page"}],"author":[{"embeddable":true,"href":"http:\/\/spu.org.uy\/sitio\/index.php?rest_route=\/wp\/v2\/users\/1"}],"replies":[{"embeddable":true,"href":"http:\/\/spu.org.uy\/sitio\/index.php?rest_route=%2Fwp%2Fv2%2Fcomments&post=344"}],"version-history":[{"count":2,"href":"http:\/\/spu.org.uy\/sitio\/index.php?rest_route=\/wp\/v2\/pages\/344\/revisions"}],"predecessor-version":[{"id":539,"href":"http:\/\/spu.org.uy\/sitio\/index.php?rest_route=\/wp\/v2\/pages\/344\/revisions\/539"}],"up":[{"embeddable":true,"href":"http:\/\/spu.org.uy\/sitio\/index.php?rest_route=\/wp\/v2\/pages\/281"}],"wp:featuredmedia":[{"embeddable":true,"href":"http:\/\/spu.org.uy\/sitio\/index.php?rest_route=\/wp\/v2\/media\/345"}],"wp:attachment":[{"href":"http:\/\/spu.org.uy\/sitio\/index.php?rest_route=%2Fwp%2Fv2%2Fmedia&parent=344"}],"curies":[{"name":"wp","href":"https:\/\/api.w.org\/{rel}","templated":true}]}}