{"id":347,"date":"2014-09-18T22:55:01","date_gmt":"2014-09-18T22:55:01","guid":{"rendered":"http:\/\/spu.org.uy\/sitio\/?page_id=347"},"modified":"2014-11-18T13:03:27","modified_gmt":"2014-11-18T13:03:27","slug":"setiembre-2012","status":"publish","type":"page","link":"http:\/\/spu.org.uy\/sitio\/?page_id=347","title":{"rendered":"Setiembre 2012"},"content":{"rendered":"<h5><span style=\"color: #3366ff;\">Revista de Psiquiatr\u00eda del Uruguay<\/span><\/h5>\n<h5><span style=\"color: #3366ff;\">Vol.\u00a076 No. 1<\/span><br \/>\n<span style=\"color: #3366ff;\"> Setiembre 2012<\/span><\/h5>\n<p>&nbsp;<\/p>\n<h5 style=\"color: #000000; text-align: left; padding-left: 30px;\" align=\"center\">Indice<\/h5>\n<p style=\"color: #000000; padding-left: 30px;\"><strong>Editorial<\/strong><\/p>\n<ul style=\"color: #000000; padding-left: 30px;\">\n<li><a href=\"http:\/\/www.spu.org.uy\/revista\/oct2012\/01_editorial.pdf\">Editorial<br \/>\n<\/a><i>Sandra Romano<\/i><\/li>\n<\/ul>\n<p style=\"color: #000000; padding-left: 30px;\"><strong>Trabajos originales<\/strong><\/p>\n<ul style=\"color: #000000; padding-left: 30px;\">\n<li><a href=\"http:\/\/www.spu.org.uy\/revista\/oct2012\/02_TO%201.pdf\">Implicancias de la medici\u00f3n del intervalo QTc como estudio de rutina en la pr\u00e1ctica psiqui\u00e1trica<\/a><br \/>\n<em>Ana Ara\u00fajo, Adri\u00e1n Curbelo, Florencia Pardi\u00f1as, Sandra Romano<\/em><\/li>\n<li><a href=\"http:\/\/www.spu.org.uy\/revista\/oct2012\/03_TO%202.pdf\">Estudio de consumo de benzodiacepinas en la Policl\u00ednica Psiqui\u00e1trica del Hospital Vilardeb\u00f3<\/a><br \/>\n<em>Mauricio Mato, Mauricio Toledo, Ismael Olmos, Mar\u00eda Alcira Frontini, Mar\u00eda Luc\u00eda Nan, Florencia Parpal, Laura Montero<\/em><\/li>\n<li><a href=\"http:\/\/www.spu.org.uy\/revista\/oct2012\/04_TO%203.pdf\">Relevancia del adulterante activo cafe\u00edna en la acci\u00f3n estimulante de la pasta base de coca\u00edna<br \/>\n<\/a><em>Jos\u00e9 Pedro Prieto, Mar\u00eda Noel Meikle, Ximena L\u00f3pez Hill, Jessika Urbanavicius, Juan Andr\u00e9s Ab\u00edn-Carriquiry, Giselle Prunell, Mar\u00eda Cecilia Scorza<\/em><\/li>\n<\/ul>\n<p style=\"color: #000000; padding-left: 30px;\"><strong>Conferencia<\/strong><\/p>\n<ul style=\"color: #000000; padding-left: 30px;\">\n<li><a href=\"http:\/\/www.spu.org.uy\/revista\/oct2012\/05_CONF.pdf\">Evoluci\u00f3n del diagn\u00f3stico y de la clasificaci\u00f3n en patolog\u00eda mental<\/a><br \/>\n<em>Humberto Casarotti<\/em><\/li>\n<\/ul>\n<p style=\"color: #000000; padding-left: 30px;\"><strong>Ateneo<\/strong><\/p>\n<ul style=\"color: #000000; padding-left: 30px;\">\n<li><a href=\"http:\/\/www.spu.org.uy\/revista\/oct2012\/06_ATENEO.pdf\">Ateneo Revista de Psiquiatr\u00eda del Uruguay<br \/>\n28 de mayo de 2012<\/a><\/li>\n<\/ul>\n","protected":false},"excerpt":{"rendered":"<p>Revista de Psiquiatr\u00eda del Uruguay Vol.\u00a076 No. 1 Setiembre 2012 &nbsp; Indice Editorial Editorial Sandra Romano Trabajos originales Implicancias de la medici\u00f3n del intervalo QTc como estudio de rutina en la pr\u00e1ctica psiqui\u00e1trica Ana Ara\u00fajo, Adri\u00e1n Curbelo, Florencia Pardi\u00f1as, Sandra&hellip; <\/p>\n","protected":false},"author":1,"featured_media":348,"parent":284,"menu_order":4,"comment_status":"closed","ping_status":"closed","template":"","meta":[],"_links":{"self":[{"href":"http:\/\/spu.org.uy\/sitio\/index.php?rest_route=\/wp\/v2\/pages\/347"}],"collection":[{"href":"http:\/\/spu.org.uy\/sitio\/index.php?rest_route=\/wp\/v2\/pages"}],"about":[{"href":"http:\/\/spu.org.uy\/sitio\/index.php?rest_route=\/wp\/v2\/types\/page"}],"author":[{"embeddable":true,"href":"http:\/\/spu.org.uy\/sitio\/index.php?rest_route=\/wp\/v2\/users\/1"}],"replies":[{"embeddable":true,"href":"http:\/\/spu.org.uy\/sitio\/index.php?rest_route=%2Fwp%2Fv2%2Fcomments&post=347"}],"version-history":[{"count":1,"href":"http:\/\/spu.org.uy\/sitio\/index.php?rest_route=\/wp\/v2\/pages\/347\/revisions"}],"predecessor-version":[{"id":349,"href":"http:\/\/spu.org.uy\/sitio\/index.php?rest_route=\/wp\/v2\/pages\/347\/revisions\/349"}],"up":[{"embeddable":true,"href":"http:\/\/spu.org.uy\/sitio\/index.php?rest_route=\/wp\/v2\/pages\/284"}],"wp:featuredmedia":[{"embeddable":true,"href":"http:\/\/spu.org.uy\/sitio\/index.php?rest_route=\/wp\/v2\/media\/348"}],"wp:attachment":[{"href":"http:\/\/spu.org.uy\/sitio\/index.php?rest_route=%2Fwp%2Fv2%2Fmedia&parent=347"}],"curies":[{"name":"wp","href":"https:\/\/api.w.org\/{rel}","templated":true}]}}