{"id":353,"date":"2014-09-18T23:00:33","date_gmt":"2014-09-18T23:00:33","guid":{"rendered":"http:\/\/spu.org.uy\/sitio\/?page_id=353"},"modified":"2014-11-18T13:03:27","modified_gmt":"2014-11-18T13:03:27","slug":"marzo-2014","status":"publish","type":"page","link":"http:\/\/spu.org.uy\/sitio\/?page_id=353","title":{"rendered":"Marzo 2014"},"content":{"rendered":"<h5><span style=\"color: #3366ff;\">Revista de Psiquiatr\u00eda del Uruguay\u00a0<\/span><\/h5>\n<h5><span style=\"color: #3366ff;\">Vol.\u00a078 No. 1,\u00a0Marzo 2014<\/span><\/h5>\n<p>&nbsp;<\/p>\n<h5 style=\"padding-left: 30px;\">Editorial<\/h5>\n<p style=\"padding-left: 30px;\"><em>Sandra Romano<\/em><\/p>\n<p style=\"padding-left: 30px;\"><strong>Trabajo original\u00a0<\/strong><br \/>\n<a class=\"style5\" style=\"font-weight: bold; color: #336633;\" href=\"http:\/\/www.spu.org.uy\/revista\/mar2014\/01_TO.pdf\">Evaluaci\u00f3n de resultados de un programa de rehabilitaci\u00f3n psicosocial integral (Centro de D\u00eda)<br \/>\npara personas con trastorno mental grave y persistente.<br \/>\nEstudio prospectivo en un per\u00edodo de 10 a\u00f1os<\/a><br \/>\nVicente Pardo, Ren\u00e9e del Castillo, Daniela P\u00e9rez Rosas, Fernando Paladino, Miguel Kaplan<\/p>\n<p style=\"padding-left: 30px;\"><strong>Caso cl\u00ednico<br \/>\n<\/strong><a class=\"style5\" style=\"font-weight: bold; color: #336633;\" href=\"http:\/\/www.spu.org.uy\/revista\/mar2014\/02_CC.pdf\">An\u00e1lisis y reflexiones desde una mirada bio\u00e9tica, en la pr\u00e1ctica cl\u00ednica psiqui\u00e1trica, a prop\u00f3sito de un caso<\/a><br \/>\nLuc\u00eda de Pena, Alicia Fajardo, Silvia Guida, Olga Larrosa, Margarita Machado, Mar\u00eda Fernanda Men\u00e9ndez,<br \/>\nMaria L\u00eda Redes, Rita Rufo, Margarita Wschebor<\/p>\n<p style=\"padding-left: 30px;\"><strong>Revisi\u00f3n<\/strong><br \/>\n<a class=\"style5\" style=\"font-weight: bold; color: #336633;\" href=\"http:\/\/www.spu.org.uy\/revista\/mar2014\/03_REV.pdf\">Cronobiolog\u00eda, sue\u00f1o y depresi\u00f3n<\/a><br \/>\nAlexander Lyford-Pike , Beatriz Quadrelli, Bettina Fabius, Mar\u00eda Noel Oehninger<\/p>\n<p style=\"padding-left: 30px;\"><strong>Ateneo<\/strong><br \/>\n<a class=\"style5\" style=\"font-weight: bold; color: #336633;\" href=\"http:\/\/www.spu.org.uy\/revista\/mar2014\/04_ATE.pdf\">Ateneo de la Cl\u00ednica Psiqui\u00e1trica. Facultad de Medicina, Regional Norte Salto<\/a><br \/>\nCoordinaci\u00f3n: Cecilia \u00c1lvarez<\/p>\n<p style=\"padding-left: 30px;\"><strong>Debate<\/strong><br \/>\n<a class=\"style5\" style=\"font-weight: bold; color: #336633;\" href=\"http:\/\/www.spu.org.uy\/revista\/mar2014\/05_DEB.pdf\">Retomando el debate sobre la organizaci\u00f3n de la Atenci\u00f3n Psiqui\u00e1trica y en Salud Mental en Uruguay<\/a><\/p>\n<p>&nbsp;<\/p>\n","protected":false},"excerpt":{"rendered":"<p>Revista de Psiquiatr\u00eda del Uruguay\u00a0 Vol.\u00a078 No. 1,\u00a0Marzo 2014 &nbsp; Editorial Sandra Romano Trabajo original\u00a0 Evaluaci\u00f3n de resultados de un programa de rehabilitaci\u00f3n psicosocial integral (Centro de D\u00eda) para personas con trastorno mental grave y persistente. Estudio prospectivo en un&hellip; <\/p>\n","protected":false},"author":1,"featured_media":355,"parent":284,"menu_order":2,"comment_status":"closed","ping_status":"open","template":"","meta":[],"_links":{"self":[{"href":"http:\/\/spu.org.uy\/sitio\/index.php?rest_route=\/wp\/v2\/pages\/353"}],"collection":[{"href":"http:\/\/spu.org.uy\/sitio\/index.php?rest_route=\/wp\/v2\/pages"}],"about":[{"href":"http:\/\/spu.org.uy\/sitio\/index.php?rest_route=\/wp\/v2\/types\/page"}],"author":[{"embeddable":true,"href":"http:\/\/spu.org.uy\/sitio\/index.php?rest_route=\/wp\/v2\/users\/1"}],"replies":[{"embeddable":true,"href":"http:\/\/spu.org.uy\/sitio\/index.php?rest_route=%2Fwp%2Fv2%2Fcomments&post=353"}],"version-history":[{"count":2,"href":"http:\/\/spu.org.uy\/sitio\/index.php?rest_route=\/wp\/v2\/pages\/353\/revisions"}],"predecessor-version":[{"id":356,"href":"http:\/\/spu.org.uy\/sitio\/index.php?rest_route=\/wp\/v2\/pages\/353\/revisions\/356"}],"up":[{"embeddable":true,"href":"http:\/\/spu.org.uy\/sitio\/index.php?rest_route=\/wp\/v2\/pages\/284"}],"wp:featuredmedia":[{"embeddable":true,"href":"http:\/\/spu.org.uy\/sitio\/index.php?rest_route=\/wp\/v2\/media\/355"}],"wp:attachment":[{"href":"http:\/\/spu.org.uy\/sitio\/index.php?rest_route=%2Fwp%2Fv2%2Fmedia&parent=353"}],"curies":[{"name":"wp","href":"https:\/\/api.w.org\/{rel}","templated":true}]}}