{"id":55,"date":"2014-08-18T05:10:42","date_gmt":"2014-08-18T05:10:42","guid":{"rendered":"http:\/\/spu.org.uy\/sitio\/?page_id=55"},"modified":"2016-02-18T17:24:24","modified_gmt":"2016-02-18T17:24:24","slug":"agenda","status":"publish","type":"page","link":"http:\/\/spu.org.uy\/sitio\/?page_id=55","title":{"rendered":"Agenda General"},"content":{"rendered":"<table style=\"height: 1936px;\" border=\"0\" width=\"601\" cellspacing=\"4\" cellpadding=\"0\" align=\"center\">\n<tbody>\n<tr>\n<td>\n<h2>\u00a02016<\/h2>\n<hr \/>\n<h2>Febrero<\/h2>\n<p><strong>15 al 18<\/strong><\/p>\n<p><strong>Curso de Postgrado &#8220;Teor\u00eda y pr\u00e1ctica de la investigaci\u00f3n en la interfaz de la Salud Mental y el Derecho&#8221; (presencial y a distancia) &#8211; La Plata, Argentina.<br \/>\n<\/strong><\/p>\n<p>Email:jorgefolino@fibertel.com.ar<strong><em><br \/>\n<\/em><\/strong><\/p>\n<h2>Marzo<\/h2>\n<p><strong>10<\/strong><\/p>\n<p><strong>Seminario Latinoamericano de la Global Alliance for Medical Education: <\/strong><strong>Aprendizaje en red y sus aplicaciones para la Educaci\u00f3n M\u00e9dica Continua (presencial y a distancia) &#8211; Montevideo, Uruguay.<\/strong><\/p>\n<p>Web: game-latam.redemc.net<strong><em><br \/>\n<\/em><\/strong><\/p>\n<h2>Abril<\/h2>\n<p><strong>28 al 30<\/strong><\/p>\n<p><strong>XXIII SYMPOSIUM INTERNACIONAL DE CONTROVERSIAS EN PSIQUIATRIA &#8211; Barcelona Espa\u00f1a<\/strong><\/p>\n<p>Web: www.controversiasbarcelona.org<\/p>\n<h2>Julio<\/h2>\n<p><strong>6 &#8211; 10<\/strong><\/p>\n<p><strong>WPA INTERNATIONAL CONGRESS &#8211; Integrating Clinical, Community, and public Health in Psychiatry &#8211; Estambul, Turqu\u00eda.<\/strong><\/p>\n<p>Web: www.wpaistanbul2016.org<\/p>\n<p>&nbsp;<\/p>\n<h2><span class=\"fltlft\">\u00a0<\/span><\/h2>\n<p>&nbsp;<\/td>\n<\/tr>\n<tr>\n<td>\n<h2><span class=\"fltlft\">2015<\/span><\/h2>\n<h2 class=\"style19\">Marzo<\/h2>\n<p align=\"left\"><strong><span class=\"Estilo4\">6 &#8211; 7<\/span><\/strong><\/p>\n<p align=\"left\"><strong>SYMPOSIUM INTERNACIONAL SOBRE ACTUALIZACIONES Y CONTROVERSIAS EN PSIQUIATR\u00cdA &#8211; &#8220;Dianas en la P\u00e1rctica Cl\u00ednica: \u00bfS\u00edntomas o Trastornos?&#8221;. Barcelona, Espa\u00f1a.<br \/>\n<\/strong>Web: www.controversiasbarcelona.org<br \/>\nE-mail: <a href=\"mailto:symposium@controversiasbarcelona.org\">symposium@controversiasbarcelona.org<\/a><\/p>\n<p align=\"left\"><strong>22 &#8211; 25<\/strong><\/p>\n<p align=\"left\"><strong>XI CONGRESO MUNDIALDE SALUD MENTALPARA LAS MUJERES &#8211; &#8220;Trauma, Depresi\u00f3n y Resistencia&#8221;. Tokyo, Jap\u00f3n.<\/strong><\/p>\n<p align=\"left\">Web: <a href=\"http:\/\/www.congre.co.jp\">www.congre.co.jp<\/a><br \/>\nE-mail: <a href=\"mailto:iawmh2015@congre.co.jp\">iawmh2015@congre.co.jp<\/a><\/p>\n<\/td>\n<\/tr>\n<tr>\n<td>\n<h2 class=\"style19\">Abril<\/h2>\n<p><strong><span class=\"style1\">17 &#8211; 20<\/span><\/strong><\/p>\n<p><strong>IV CONGRESO DE PAIOLOG\u00cdA DUAL. Barcelona, Espa\u00f1a.<\/strong><br \/>\nWeb: <a href=\"http:\/\/www.cipd2015.com\">www.cipd2015.com<\/a><br \/>\nE-mail: <a href=\"mailto:secretariat@cipd2015.com\">secretariat@cipd2015.com<\/a><\/p>\n<p><strong>18 &#8211; 19<\/strong><\/p>\n<p><strong>VI ENCUENTROS EN PSIQUIATR\u00cdA: CONDUCTA SUICIDA. Sevilla, Espa\u00f1a.<\/strong><\/p>\n<p>Web: www.encuentrosenpsiquiatria.com<\/p>\n<p><strong>22 &#8211; 25<\/strong><\/p>\n<p><strong>XXX CONGRESO ARGENTINO DE PSIQUIATR\u00cdA. Mar del Plata, Argentina.<\/strong><\/p>\n<p>Web: www.apsa.org.ar\/apsa2015.php<br \/>\nE-mail: <a href=\"mailto:congreso2015@apsa.org.ar\">congreso2015@apsa.org.ar<\/a><\/p>\n<p><strong>24 &#8211; 25<\/strong><\/p>\n<p><strong>VI SIMPOSIO SOBRE TRASTORNO L\u00cdMITE DE LA PERSONALIDAD &#8211; ACTUALIZACIONES TERAP\u00c9UTICAS. Barcelona, Espa\u00f1a.<\/strong><\/p>\n<p>Web: <a href=\"http:\/\/www.geyseco.es\/trastornolimite\">www.geyseco.es\/trastornolimite<\/a><\/td>\n<\/tr>\n<tr>\n<td>\n<h2>Junio<\/h2>\n<p><strong>4 &#8211; 6<\/strong><\/p>\n<p><strong>WPA CONGRESO REGIONAL ASIA. Osaka, Jap\u00f3n.<\/strong><\/p>\n<p>Web: www.congre.co.jp\/wpa2015\/index.html<\/p>\n<p><strong>11 &#8211; 13<\/strong><\/p>\n<p><strong>LXX CONFERENCIA ANUAL SONEPSYN DE PSIQUIATR\u00cdA. <\/strong>VII Conferencia Internacional Cl\u00ednica Psiqui\u00e1trica Universidad de Chile. II Congreso Regional Cono Sur APAL.<strong> Casapiedra, Santiago de Chile.<\/strong><\/p>\n<p>Web: http:\/\/www.sonepsyn.cl\/conferencia2015\/<\/p>\n<p><strong>29 &#8211; 2<\/strong><\/p>\n<p><strong>INTERNATIONAL CONGRESS ROYAL COLLEGE OF PSYCHIATRISTS &#8211; &#8220;Psichiatry at the Forefront of Sience&#8221;. Birmingham, Reino Unido.<\/strong><\/p>\n<p>Web: www.rcpsych.ac.uk<br \/>\nE-mail: <a href=\"mailto:congress@rcpysych.ac.uk\">congress@rcpysych.ac.uk<\/a><\/td>\n<\/tr>\n<tr>\n<td>\n<h2>Setiembre<\/h2>\n<p><strong>25 &#8211; 27<\/strong><\/p>\n<p><strong>WPA CONGRESO REGIONAL. Kochi, India.<\/strong><\/p>\n<p>Web: www.wpakochi2015.com<cite class=\"_Rm\"><\/cite><\/p>\n<hr \/>\n<p>&nbsp;<\/p>\n<h2>Octubre<\/h2>\n<p><strong>23 &#8211; 24<\/strong><\/p>\n<p><strong>XXIII RONDA COCEMI<\/strong><\/p>\n<p>Web: <a href=\"http:\/\/www.cocemi.com.uy\">www.cocemi.com.uy<\/a><br \/>\nE-mail:\u00a0 <a href=\"mailto:cocemi@femi.com.uy\">cocemi@femi.com.uy<\/a><\/p>\n<p><strong>28 &#8211; 30<\/strong><\/p>\n<p><strong>23\u00ba CONGRESO INTERNACIONAL DE PSIQUIATR\u00cdA &#8211; XLII Jornadas Argentinas de Psiquiatr\u00eda &#8211; Asociaci\u00f3n Argentina de Psiquiatras. Buenos Aires, Argentina.<\/strong><\/p>\n<p>Web: www.aap.org.ar<br \/>\nE-mail: congresos@aap.org.ar<\/p>\n<p><strong>29 &#8211; 2<\/strong><\/p>\n<p><strong>IV CONGRESO INTERNACIONAL DE LA ASOCIACI\u00d3N MUNDIAL DE PSIQUIATR\u00cdA CULTURAL &#8211; &#8220;Retos Globales &amp; Psiquiatr\u00eda Cultural&#8221;. Jalisco, M\u00e9xico.<\/strong><\/p>\n<p>Web: <a href=\"http:\/\/www.cocemi.com.uy\">4wacpcongress.org<\/a><\/td>\n<\/tr>\n<tr>\n<td>\n<h2>Noviembre<\/h2>\n<p><strong>4 &#8211; 7<\/strong><\/p>\n<p><strong>CONGRESO BRASILE\u00d1O DE PSIQUIATR\u00cdA. Florian\u00f3polis, Brasil.<\/strong><\/p>\n<p>Web: <a href=\"http:\/\/www.cbpabp.org.br\/hotsite\/\">www.abp.org.br\/congresso<\/a><br \/>\nE-mail:\u00a0 congresso@abpbrasil.org.br<\/td>\n<\/tr>\n<tr>\n<td><\/td>\n<\/tr>\n<\/tbody>\n<\/table>\n","protected":false},"excerpt":{"rendered":"<p>\u00a02016 Febrero 15 al 18 Curso de Postgrado &#8220;Teor\u00eda y pr\u00e1ctica de la investigaci\u00f3n en la interfaz de la Salud Mental y el Derecho&#8221; (presencial y a distancia) &#8211; La Plata, Argentina. Email:jorgefolino@fibertel.com.ar Marzo 10 Seminario Latinoamericano de la Global&hellip; <\/p>\n","protected":false},"author":1,"featured_media":0,"parent":368,"menu_order":1,"comment_status":"closed","ping_status":"closed","template":"","meta":[],"_links":{"self":[{"href":"http:\/\/spu.org.uy\/sitio\/index.php?rest_route=\/wp\/v2\/pages\/55"}],"collection":[{"href":"http:\/\/spu.org.uy\/sitio\/index.php?rest_route=\/wp\/v2\/pages"}],"about":[{"href":"http:\/\/spu.org.uy\/sitio\/index.php?rest_route=\/wp\/v2\/types\/page"}],"author":[{"embeddable":true,"href":"http:\/\/spu.org.uy\/sitio\/index.php?rest_route=\/wp\/v2\/users\/1"}],"replies":[{"embeddable":true,"href":"http:\/\/spu.org.uy\/sitio\/index.php?rest_route=%2Fwp%2Fv2%2Fcomments&post=55"}],"version-history":[{"count":13,"href":"http:\/\/spu.org.uy\/sitio\/index.php?rest_route=\/wp\/v2\/pages\/55\/revisions"}],"predecessor-version":[{"id":988,"href":"http:\/\/spu.org.uy\/sitio\/index.php?rest_route=\/wp\/v2\/pages\/55\/revisions\/988"}],"up":[{"embeddable":true,"href":"http:\/\/spu.org.uy\/sitio\/index.php?rest_route=\/wp\/v2\/pages\/368"}],"wp:attachment":[{"href":"http:\/\/spu.org.uy\/sitio\/index.php?rest_route=%2Fwp%2Fv2%2Fmedia&parent=55"}],"curies":[{"name":"wp","href":"https:\/\/api.w.org\/{rel}","templated":true}]}}