{"id":558,"date":"2014-11-13T13:35:40","date_gmt":"2014-11-13T13:35:40","guid":{"rendered":"http:\/\/spu.org.uy\/sitio\/?page_id=558"},"modified":"2015-08-03T18:29:47","modified_gmt":"2015-08-03T18:29:47","slug":"octubre-2014","status":"publish","type":"page","link":"http:\/\/spu.org.uy\/sitio\/?page_id=558","title":{"rendered":"Octubre 2014"},"content":{"rendered":"<h3><span style=\"color: #3366ff;\">Revista de Psiquiatr\u00eda del Uruguay<\/span><\/h3>\n<h3><\/h3>\n<h3><span style=\"color: #3366ff;\">Vol. 78 No. 2, Octubre 2014<\/span><\/h3>\n<h5><\/h5>\n<h5>Indice<\/h5>\n<p>&nbsp;<\/p>\n<p><a href=\"http:\/\/spu.org.uy\/sitio\/wp-content\/uploads\/2014\/11\/01_EDIT.pdf\"><strong>Editorial<\/strong><\/a><\/p>\n<p><em>Sandra Romano<\/em><\/p>\n<p><strong>Trabajo original<\/strong><\/p>\n<p><a href=\"http:\/\/spu.org.uy\/sitio\/wp-content\/uploads\/2014\/11\/02_TO_01.pdf\"><strong>Frecuencia de depresi\u00f3n en los pacientes que consultan en las policl\u00ednicas de medicina interna del Hospital de Cl\u00ednicas Dr. Manuel Quintela.<\/strong><\/a><\/p>\n<p><em>Ramiro Almada, Rodrigo Miraballes, Suammy Agrafojo<\/em><\/p>\n<p><strong>Trabajo original<\/strong><\/p>\n<p><a href=\"http:\/\/spu.org.uy\/sitio\/wp-content\/uploads\/2014\/11\/03_TO_02.pdf\"><strong>Perfiles de funcionamiento comportamental en una poblaci\u00f3n de ni\u00f1os con problemas de aprendizaje.<\/strong><\/a><\/p>\n<p><em>Nora Rodr\u00edguez Perrett, Laura Bocos, Laura Canessa, Ana Paula Carbajal, Daniela Ferreiro, Noelia Goyeneche, Laura Mata, Melissa Gonz\u00e1lez, Yanella Posente<\/em><\/p>\n<p><strong>Trabajo original<\/strong><\/p>\n<p><a href=\"http:\/\/spu.org.uy\/sitio\/wp-content\/uploads\/2014\/11\/04_TO_03.pdf\"><strong>El t\u00e9rmino &#8220;locuras discordantes&#8221; de Ph.Chaslin y el concepto de &#8220;escici\u00f3n esquizofr\u00e9nica&#8221; de E. Bleuler.<\/strong><\/a><\/p>\n<p><em>Humberto Casarotti<\/em><\/p>\n<p><strong>Trabajo original<\/strong><\/p>\n<p><a href=\"http:\/\/spu.org.uy\/sitio\/wp-content\/uploads\/2014\/11\/05_TO_04.pdf\"><strong>La formulaci\u00f3n cl\u00ednica del caso: su valor para la pr\u00e1ctica cl\u00ednica.<\/strong><\/a><\/p>\n<p><em>Ricardo Bernardi<\/em><\/p>\n<p><strong>Trabajo original<\/strong><\/p>\n<p><a href=\"http:\/\/spu.org.uy\/sitio\/wp-content\/uploads\/2014\/11\/06_TO_05.pdf\"><strong>La formulaci\u00f3n psicodin\u00e1mica del caso (FPC).<\/strong><\/a><\/p>\n<p><em>Berta Varela, Laura de Souza, Delfina Miller, Rosario Oyenard, Luis Villalba, Rosa Zytner, Ricardo Bernardi<\/em><\/p>\n<p><strong>Aspectos de salud mental<\/strong><\/p>\n<p><a href=\"http:\/\/spu.org.uy\/sitio\/wp-content\/uploads\/2014\/11\/07_ASM_01.pdf\"><strong>Bases para el dise\u00f1o de un Plan Integral de Salud Mental Uruguay (PISMU).<\/strong><\/a><\/p>\n<p><em>Ricardo Acu\u00f1a, Delia M. S\u00e1nchez<\/em><\/p>\n<p><strong>Rese\u00f1a de libros<\/strong><\/p>\n<p><a href=\"http:\/\/spu.org.uy\/sitio\/wp-content\/uploads\/2014\/11\/08_RL_01.pdf\"><strong>Profesionalismo en psiquiatr\u00eda de Glen Gabbard et al.<\/strong><\/a><\/p>\n<p><em>Cecilia \u00c1lvarez<\/em><\/p>\n<p><strong>Informaci\u00f3n<\/strong><\/p>\n<p><a href=\"http:\/\/spu.org.uy\/sitio\/wp-content\/uploads\/2014\/11\/09_IA_01.pdf\"><strong>\u00cdndice de autores<\/strong><\/a><\/p>\n","protected":false},"excerpt":{"rendered":"<p>Revista de Psiquiatr\u00eda del Uruguay Vol. 78 No. 2, Octubre 2014 Indice &nbsp; Editorial Sandra Romano Trabajo original Frecuencia de depresi\u00f3n en los pacientes que consultan en las policl\u00ednicas de medicina interna del Hospital de Cl\u00ednicas Dr. Manuel Quintela. Ramiro&hellip; <\/p>\n","protected":false},"author":2,"featured_media":559,"parent":284,"menu_order":1,"comment_status":"closed","ping_status":"open","template":"","meta":[],"_links":{"self":[{"href":"http:\/\/spu.org.uy\/sitio\/index.php?rest_route=\/wp\/v2\/pages\/558"}],"collection":[{"href":"http:\/\/spu.org.uy\/sitio\/index.php?rest_route=\/wp\/v2\/pages"}],"about":[{"href":"http:\/\/spu.org.uy\/sitio\/index.php?rest_route=\/wp\/v2\/types\/page"}],"author":[{"embeddable":true,"href":"http:\/\/spu.org.uy\/sitio\/index.php?rest_route=\/wp\/v2\/users\/2"}],"replies":[{"embeddable":true,"href":"http:\/\/spu.org.uy\/sitio\/index.php?rest_route=%2Fwp%2Fv2%2Fcomments&post=558"}],"version-history":[{"count":14,"href":"http:\/\/spu.org.uy\/sitio\/index.php?rest_route=\/wp\/v2\/pages\/558\/revisions"}],"predecessor-version":[{"id":824,"href":"http:\/\/spu.org.uy\/sitio\/index.php?rest_route=\/wp\/v2\/pages\/558\/revisions\/824"}],"up":[{"embeddable":true,"href":"http:\/\/spu.org.uy\/sitio\/index.php?rest_route=\/wp\/v2\/pages\/284"}],"wp:featuredmedia":[{"embeddable":true,"href":"http:\/\/spu.org.uy\/sitio\/index.php?rest_route=\/wp\/v2\/media\/559"}],"wp:attachment":[{"href":"http:\/\/spu.org.uy\/sitio\/index.php?rest_route=%2Fwp%2Fv2%2Fmedia&parent=558"}],"curies":[{"name":"wp","href":"https:\/\/api.w.org\/{rel}","templated":true}]}}