{"id":59,"date":"2014-08-18T05:15:31","date_gmt":"2014-08-18T05:15:31","guid":{"rendered":"http:\/\/spu.org.uy\/sitio\/?page_id=59"},"modified":"2021-04-26T15:39:29","modified_gmt":"2021-04-26T15:39:29","slug":"documentos","status":"publish","type":"page","link":"http:\/\/spu.org.uy\/sitio\/?page_id=59","title":{"rendered":"Documentos"},"content":{"rendered":"<h5><a href=\"http:\/\/spu.org.uy\/sitio\/wp-content\/uploads\/2021\/04\/Carta-abierta-SPU.pdf\">Carta abierta de la SPU<\/a><\/h5>\n<h5><a href=\"http:\/\/spu.org.uy\/sitio\/wp-content\/uploads\/2021\/04\/Consideraciones-sobre-ECT.pdf\">Consideraciones sobre ECT<\/a><\/h5>\n<h5 class=\"Estilo1\"><span style=\"font-size: 12px;\"><span class=\"style22\"><span class=\"declara\"><a href=\"http:\/\/www.spu.org.uy\/declaracion-marihuana.pdf\" target=\"_blank\" rel=\"noopener noreferrer\">Declaraci\u00f3n SPU y SUPIA ante proyecto legalizaci\u00f3n de la marihuana<\/a> <\/span><\/span><\/span><\/h5>\n<h5 class=\"Estilo1\"><a href=\"http:\/\/www.spu.org.uy\/parlamento2013.pdf\">Carta de SUP y SUPIA al parlamento sobre la ley de regulaci\u00f3n de la marihuana<\/a><\/h5>\n<h5 class=\"Estilo1\"><a href=\"http:\/\/spu.org.uy\/internacion.pdf\">Documento de SPU y SUPIA frente al Proyecto de Ley sobre atenci\u00f3n sanitaria de adictos en situaci\u00f3n de riesgo<\/a><\/h5>\n<h5 class=\"Estilo1\"><a href=\"http:\/\/www.spu.org.uy\/Encuesta_APAL_2010.pps\">Encuesta APAL 2010<\/a><\/h5>\n<h5 class=\"Estilo1\"><\/h5>\n","protected":false},"excerpt":{"rendered":"<p>Carta abierta de la SPU Consideraciones sobre ECT Declaraci\u00f3n SPU y SUPIA ante proyecto legalizaci\u00f3n de la marihuana Carta de SUP y SUPIA al parlamento sobre la ley de regulaci\u00f3n de la marihuana Documento de SPU y SUPIA frente al&hellip; <\/p>\n","protected":false},"author":1,"featured_media":139,"parent":0,"menu_order":5,"comment_status":"closed","ping_status":"closed","template":"","meta":[],"_links":{"self":[{"href":"http:\/\/spu.org.uy\/sitio\/index.php?rest_route=\/wp\/v2\/pages\/59"}],"collection":[{"href":"http:\/\/spu.org.uy\/sitio\/index.php?rest_route=\/wp\/v2\/pages"}],"about":[{"href":"http:\/\/spu.org.uy\/sitio\/index.php?rest_route=\/wp\/v2\/types\/page"}],"author":[{"embeddable":true,"href":"http:\/\/spu.org.uy\/sitio\/index.php?rest_route=\/wp\/v2\/users\/1"}],"replies":[{"embeddable":true,"href":"http:\/\/spu.org.uy\/sitio\/index.php?rest_route=%2Fwp%2Fv2%2Fcomments&post=59"}],"version-history":[{"count":6,"href":"http:\/\/spu.org.uy\/sitio\/index.php?rest_route=\/wp\/v2\/pages\/59\/revisions"}],"predecessor-version":[{"id":1806,"href":"http:\/\/spu.org.uy\/sitio\/index.php?rest_route=\/wp\/v2\/pages\/59\/revisions\/1806"}],"wp:featuredmedia":[{"embeddable":true,"href":"http:\/\/spu.org.uy\/sitio\/index.php?rest_route=\/wp\/v2\/media\/139"}],"wp:attachment":[{"href":"http:\/\/spu.org.uy\/sitio\/index.php?rest_route=%2Fwp%2Fv2%2Fmedia&parent=59"}],"curies":[{"name":"wp","href":"https:\/\/api.w.org\/{rel}","templated":true}]}}