{"id":817,"date":"2015-08-20T22:25:38","date_gmt":"2015-08-20T22:25:38","guid":{"rendered":"http:\/\/spu.org.uy\/sitio\/?page_id=817"},"modified":"2017-01-12T20:11:07","modified_gmt":"2017-01-12T20:11:07","slug":"julio-2015","status":"publish","type":"page","link":"http:\/\/spu.org.uy\/sitio\/?page_id=817","title":{"rendered":"Julio 2015"},"content":{"rendered":"<h3><span style=\"color: #000000;\">Revista de Psiquiatr\u00eda del Uruguay<\/span><\/h3>\n<h3><span style=\"color: #000000;\">Vol. 79 No. 1, Julio 2015<\/span><\/h3>\n<p>&nbsp;<\/p>\n<h5>Indice<\/h5>\n<p>&nbsp;<\/p>\n<p><strong><a href=\"http:\/\/spu.org.uy\/sitio\/wp-content\/uploads\/2015\/08\/01_ED-2.pdf\">Editorial<\/a><\/strong><\/p>\n<p><em>Sandra Romano<\/em><\/p>\n<p><strong>Trabajo original<\/strong><\/p>\n<p><a href=\"http:\/\/spu.org.uy\/sitio\/wp-content\/uploads\/2015\/08\/02_TO.pdf\">Descripci\u00f3n de la poblaci\u00f3n asistida en la sala de salud mantal del Hospital Maciel en un a\u00f1o (1 de febrero de 2011 &#8211; 31 de enero de 2012)<\/a><\/p>\n<p><em>V. P\u00e9rez, G. Ricci, \u00c1. Trindade, S. Romano<\/em><\/p>\n<p><strong>Trabajo original<\/strong><\/p>\n<p><a href=\"http:\/\/spu.org.uy\/sitio\/wp-content\/uploads\/2015\/08\/03_TO.pdf\">Prescripci\u00f3n de antipsic\u00f3ticos al egreso hospitalario durante el per\u00edodo abril-setiembre de 2012 en el Hospital Vilardeb\u00f3 de Montevideo, Uruguay<\/a><\/p>\n<p><em>\u00a0M. Toledo, M. Mato, I. Olmos, M. A. Frontini, F. Porteiro, P. Labraga, C. Ricciardi<\/em><\/p>\n<p><strong>Trabajo original<\/strong><\/p>\n<p><a href=\"http:\/\/spu.org.uy\/sitio\/wp-content\/uploads\/2015\/08\/04_TO.pdf\">Utilizaci\u00f3n de antidepresivos en pacientes ambulatorios del Hospital Policial<\/a><\/p>\n<p><em>V. Teixeira, Y. Imbriago, E. Sarries<\/em><\/p>\n<p><strong>Trabajo original<\/strong><\/p>\n<p><a href=\"http:\/\/spu.org.uy\/sitio\/wp-content\/uploads\/2015\/08\/05_TO.pdf\">Estudio de los ingresos primarios del Hospital Vilardeb\u00f3, en 2007 y 2008, procedentes de Montevideo: un abordaje desde la Geograf\u00eda de la Salud<\/a><\/p>\n<p><em>C. Giraldez<\/em><\/p>\n<p><strong>Notas de farmacolog\u00eda<\/strong><\/p>\n<p><a href=\"http:\/\/spu.org.uy\/sitio\/wp-content\/uploads\/2015\/08\/06_NF.pdf\">Notas de farmacolog\u00eda: estudios de disoluci\u00f3n de medicamentos del sistema nervioso central<\/a><\/p>\n<p><em>I. Olmos, M. V\u00e1zquez, C. Maldonado, P. Fagiolino, L. Magallanes, G. Giachetto<\/em><\/p>\n<p><a href=\"http:\/\/spu.org.uy\/sitio\/wp-content\/uploads\/2015\/08\/07_FE.pdf\"><strong>Fe de errata<\/strong><\/a><\/p>\n","protected":false},"excerpt":{"rendered":"<p>Revista de Psiquiatr\u00eda del Uruguay Vol. 79 No. 1, Julio 2015 &nbsp; Indice &nbsp; Editorial Sandra Romano Trabajo original Descripci\u00f3n de la poblaci\u00f3n asistida en la sala de salud mantal del Hospital Maciel en un a\u00f1o (1 de febrero de&hellip; <\/p>\n","protected":false},"author":2,"featured_media":814,"parent":839,"menu_order":2,"comment_status":"closed","ping_status":"closed","template":"","meta":[],"_links":{"self":[{"href":"http:\/\/spu.org.uy\/sitio\/index.php?rest_route=\/wp\/v2\/pages\/817"}],"collection":[{"href":"http:\/\/spu.org.uy\/sitio\/index.php?rest_route=\/wp\/v2\/pages"}],"about":[{"href":"http:\/\/spu.org.uy\/sitio\/index.php?rest_route=\/wp\/v2\/types\/page"}],"author":[{"embeddable":true,"href":"http:\/\/spu.org.uy\/sitio\/index.php?rest_route=\/wp\/v2\/users\/2"}],"replies":[{"embeddable":true,"href":"http:\/\/spu.org.uy\/sitio\/index.php?rest_route=%2Fwp%2Fv2%2Fcomments&post=817"}],"version-history":[{"count":10,"href":"http:\/\/spu.org.uy\/sitio\/index.php?rest_route=\/wp\/v2\/pages\/817\/revisions"}],"predecessor-version":[{"id":940,"href":"http:\/\/spu.org.uy\/sitio\/index.php?rest_route=\/wp\/v2\/pages\/817\/revisions\/940"}],"up":[{"embeddable":true,"href":"http:\/\/spu.org.uy\/sitio\/index.php?rest_route=\/wp\/v2\/pages\/839"}],"wp:featuredmedia":[{"embeddable":true,"href":"http:\/\/spu.org.uy\/sitio\/index.php?rest_route=\/wp\/v2\/media\/814"}],"wp:attachment":[{"href":"http:\/\/spu.org.uy\/sitio\/index.php?rest_route=%2Fwp%2Fv2%2Fmedia&parent=817"}],"curies":[{"name":"wp","href":"https:\/\/api.w.org\/{rel}","templated":true}]}}